{"id":641,"date":"2017-01-04T19:31:24","date_gmt":"2017-01-04T19:31:24","guid":{"rendered":"https:\/\/brasurelaw.com\/?page_id=641\/"},"modified":"2019-03-07T02:38:02","modified_gmt":"2019-03-07T02:38:02","slug":"abogado-de-edimburgopara-lesionados-por-quemaduras","status":"publish","type":"page","link":"https:\/\/brasurelaw.com\/es\/abogado-de-edimburgopara-lesionados-por-quemaduras\/","title":{"rendered":"Abogado de Edimburgopara lesionados por quemaduras"},"content":{"rendered":"<p><iframe id=\"player_1\" src=\"https:\/\/www.youtube.com\/embed\/txhk3bJzViA?rel=0&amp;controls=0&amp;showinfo=0\" width=\"400\" height=\"225\" frameborder=\"0\" allowfullscreen=\"allowfullscreen\" data-mce-fragment=\"1\"><\/iframe><\/p>\n<p>\u00bfUsted ha sufrido lesiones por quemadura? Las lesiones por quemadura pueden resultar por una vasta gama de incidentes, incluyendo incendios, explosiones, incendios el\u00e9ctricos, exposici\u00f3n a productos qu\u00edmicos y accidentes automovil\u00edsticos. Los efectos de una quemadura pueden ser significativos, lo que se traduce en unas semanas o incluso meses de hospitalizaci\u00f3n, junto con injertos de piel, procedimientos dolorosos, infecciones persistentes y graves cicatrices que pueden requerir modificaciones quir\u00fargicas terapia f\u00edsica. Y esto no dice nada de la otra p\u00e9rdida que usted pueda sufrir, como salarios perdidos de la incapacidad para el trabajo y la angustia de las lesiones, incluyendo cualquier limitaci\u00f3n subsiguiente y la desfiguraci\u00f3n.<\/p>\n<p>Los abogados del Bufete de Abogados, PLLC Brasure est\u00e1n aqu\u00ed para ayudar a quienes han sufrido lesiones por quemadura. Las quemaduras pueden estar entre las m\u00e1s devastadoras en forma de lesiones personales. Pero nuestro equipo legal est\u00e1 listo para ayudarle a obtener la compensaci\u00f3n que merece por su dolor, sufrimiento y p\u00e9rdidas financieras.<\/p>\n<p>Fundada hace casi una d\u00e9cada por el abogado Christopher R. Brasure, Brasure LawFirm, PLLC especialista en derecho por pr\u00e1cticas principalmente en el \u00e1rea de lesiones personales, sirve para una gran variedad de clientes. Tenemos oficinas legales en un par de sitios diferentes a lo largo de Texas, incluyendo Grape vine, Texas y en Edimburgo, Texas.<\/p>\n<p>Para discutir su caso de lesiones personales en una consulta inicial gratis y confidencial de sesiones, p\u00f3ngase en contacto con nosotros por tel\u00e9fono al 956-686-3555.<\/p>\n<p><strong>Preguntas y preocupaciones comunes despu\u00e9s de sufrir lesiones por quemadura<\/strong><\/p>\n<p>Las demandas de lesiones personales pueden servir como un mecanismo eficiente para recuperar la indemnizaci\u00f3n por sus facturas m\u00e9dicas, salarios perdidos, dolor y sufrimiento y futuros gastos m\u00e9dicos de la parte que est\u00e1 en problemas por sus lesiones por quemadura.<\/p>\n<p>Los abogados del Bufete de Abogados, PLLC Brasure est\u00e1n aqu\u00ed para guiarlo a trav\u00e9s del proceso de b\u00fasqueda de la compensaci\u00f3n que usted se merece. Es natural tener muchas preguntas y preocupaciones tras una lesi\u00f3n grave como este, para nuestro equipo legal ha compilado informaci\u00f3n sobre algunas de las preguntas m\u00e1s habituales que recibimos.<\/p>\n<p><strong>\u00bfC\u00f3mo puede mi abogado decidir cu\u00e1nta compensaci\u00f3n obtendr\u00e1 para buscar unpleito legal por lesiones de quemadura?<\/strong><\/p>\n<p><img fetchpriority=\"high\" decoding=\"async\" class=\"alignleft wp-image-91\" src=\"https:\/\/brasurelaw.com\/wp-content\/uploads\/2016\/10\/bigstock-Firetruck-And-Ambulance-2780603.jpg\" alt=\"Burn Injuries Lawyer\" width=\"400\" height=\"267\" \/><\/p>\n<p>En Texas, existe lo que se conoce como una culpa compartida, regla que puede afectar a las reclamaciones por lesiones personales, incluyendo pleitos legales poraccidentes de coche.<\/p>\n<p>Las reclamaciones por lesiones personales que involucran quemaduras suelen traducirse en una indemnizaci\u00f3n que es algo superior al promedio, debido a una serie de factores, como la desfiguraci\u00f3n que pueden derivarse de la cicatrizaci\u00f3n y la naturaleza de cicatrices de quemaduras, que tienden a contrato y apretar a lo largo del tiempo. Esto puede obstaculizar el rango\u00a0de movimiento y la funci\u00f3n, resultando en la discapacidad, junto con una incapacidad para trabajar o cuidar de s\u00ed mismo.<\/p>\n<p>Las cicatrices de quemaduras frecuentemente requieren modificaci\u00f3n quir\u00fargica y terapia f\u00edsica, lo que aumenta los costos m\u00e9dicos a largo plazo. Muchos pacientes quemados tambi\u00e9n pasar semanas o meses hospitalizados, adem\u00e1s de ser sometido a m\u00faltiples procedimientos de injerto de piel. Esto puede conducir a cuentas m\u00e9dicas que son significativamente m\u00e1s altas que las cifras que usted puede ver con algunos otros tipos de lesiones personales.<\/p>\n<p>A la hora de determinar cu\u00e1nto a solicitud de un asentamiento en un pleito de lesi\u00f3n por quemadura, su abogado tendr\u00e1 en cuenta las p\u00e9rdidas econ\u00f3micas como salarios perdidos, gastos m\u00e9dicos y hospitalizaci\u00f3n, junto con p\u00e9rdidas no econ\u00f3micas, como el dolor y el sufrimiento o p\u00e9rdida de placer en la vida.<\/p>\n<p>Su abogado de lesiones personales del nivel de habilidad y experiencia es importante a la hora de calcular los gastos futuros, que tambi\u00e9n son parte de la ecuaci\u00f3n. Su abogado considerar\u00e1 qu\u00e9 futuras p\u00e9rdidas y gastos en que pueda incurrir como resultado de su lesi\u00f3n. Esto se combinar\u00e1 con el pasado y el presente, p\u00e9rdidas econ\u00f3micas y no econ\u00f3micas para llegar a una cifra definitiva.<\/p>\n<p><strong>\u00bfQu\u00e9 reglas de culpa compartida de Texas entran en un caso de lesiones personales?<\/strong><\/p>\n<p>Texas utiliza reglas de culpa compartida, lo que significa que si se encuentran parcialmente culpable por el incidente en cuesti\u00f3n, podr\u00eda afectar a la cantidad de compensaci\u00f3n que usted es elegible para recibir de los dem\u00e1s partidos.<\/p>\n<p>Por la modificaci\u00f3n de la regla de la negligencia comparativa, la cuant\u00eda de la indemnizaci\u00f3n que tienes derecho a recibir es ajustado por un porcentaje que es igual a su porcentaje de fallo en el accidente o incidente.<\/p>\n<p>En otras palabras, si se encuentran un 20% por culpa de sus lesiones por quemadura, entonces cualquier sentencia suele reducirse en un 20% para tener en cuenta por su parte de \u00abculpa\u00bb.<\/p>\n<p>En Texas, si se encuentran a la espera de un fallo de la mayor\u00eda -m\u00e1s del 50% &#8211; entonces usted est\u00e1 normalmente prohibido recoger indemnizaci\u00f3n de otras partes implicadas.<\/p>\n<p><strong>\u00bfHay una cuota de cu\u00e1nto puedo recibir por mi demanda de lesiones por quemadura?<\/strong><\/p>\n<p>En Texas, existen l\u00edmites legales sobre da\u00f1os y perjuicios por negligencia m\u00e9dica casos solamente. Una peque\u00f1a porci\u00f3n de lesiones por quemadura demandas surgen incidentes de negligencia m\u00e9dica.<\/p>\n<p>Es un sistema bastante complejo, pero en la mayor\u00eda de los casos, el m\u00e1ximo se fija en 250.000 d\u00f3lares por da\u00f1os no econ\u00f3micos (es decir, da\u00f1os por dolor y sufrimiento) al demandado y $500,000 en da\u00f1os no econ\u00f3micos en cada caso. Para los casos de muerte il\u00edcita resultantes de negligencia m\u00e9dica, el m\u00e1ximo es de m\u00e1s de $1.900 millones. Esta cifra se ajusta peri\u00f3dicamente para la inflaci\u00f3n.<\/p>\n<p><strong>\u00bfCu\u00e1nto tiempo tengo para presentar una demanda de lesiones personales?<\/strong><\/p>\n<p>En Texas, las demandas de lesiones personales deben ser presentadas dentro de un plazo espec\u00edfico, conocido como estatuto de limitaciones. En Texas, este plazo es de dos a\u00f1os a partir de la fecha de la lesi\u00f3n.<\/p>\n<p>Si la demanda no se presentare dentro de dos a\u00f1os, los tribunales suelen negarse a o\u00edr el caso (aunque hay algunas raras excepciones).<\/p>\n<p>El plazo puede ser m\u00e1s corto en determinados casos relacionados con un caso de lesiones personales para ser presentada en contra del gobierno o un empleado del Estado de Texas. En este caso, la solicitud deber\u00e1 ser presentada dentro de un plazo de seis meses a partir de la fecha de la lesi\u00f3n.<\/p>\n<p><strong>Si has sufrido quemaduras, presente una reclamaci\u00f3n lesiones personales con la ayuda de la Ley de la Firma de Brasure, PLLC<\/strong><\/p>\n<p><img decoding=\"async\" class=\"alignright\" src=\"https:\/\/brasurelaw.com\/wp-content\/uploads\/2016\/10\/bigstock-125924534.jpg\" alt=\"Burn Injuries Lawyer\" width=\"400\" height=\"253\" \/><\/p>\n<p>Las lesiones por quemaduras pueden alterar la vida, cambiando su apariencia, su capacidad para moverse y funci\u00f3n e incluso su capacidad para trabajar y cuidar de s\u00ed mismo.<\/p>\n<p>En Ley de la Firma de Brasure, PLLC, nuestro equipo legal es bien conocido y muy respetado por nuestro trabajo en todos los aspectos de la Ley de accidentes y lesiones personales. Tambi\u00e9n manejamos los casos de muerte il\u00edcita, que normalmente son casos que constituir\u00eda un caso de lesiones personales de la v\u00edctima hab\u00eda sobrevivido.<\/p>\n<p>El abogado Christopher R. Brasure tiene diversos antecedenteslegales, esto significa que \u00e9l est\u00e1 bien preparado para enfrentar cualquier obst\u00e1culo; esto aumentar\u00e1 sus probabilidades de ver un resultado positivo a su caso.<\/p>\n<p>Adem\u00e1s, nuestro bufete de abogados de Texas administra las demandas de productos defectuosos y peligrosos, incluyendo aquellos que han provocado las quemaduras. Por ejemplo, varias reclamaciones han sido presentadas por aquellos que han sufrido quemaduras causadas por un mal funcionamiento de quir\u00f3fano manta de calentamiento.<\/p>\n<p>En las oficinas de la Ley con la Firma de Brasure, PLLC, estamos comprometidos a manejar su caso con profesionalidad y compromiso. Le invitamos a ponerse en contacto con nosotros para discutir su caso en una libre y completamente confidencial consulta inicial llamando al 956-686-3555.<\/p>\n<p>&nbsp;<\/p>\n","protected":false},"excerpt":{"rendered":"<p>\u00bfUsted ha sufrido lesiones por quemadura? Las lesiones por quemadura pueden resultar por una vasta gama de incidentes, incluyendo incendios, explosiones, incendios el\u00e9ctricos, exposici\u00f3n a productos qu\u00edmicos y accidentes automovil\u00edsticos. Los efectos de una quemadura pueden ser significativos, lo que se traduce en unas semanas o incluso meses de hospitalizaci\u00f3n,&#8230;<\/p>\n","protected":false},"author":9,"featured_media":0,"parent":0,"menu_order":0,"comment_status":"closed","ping_status":"closed","template":"","meta":{"_acf_changed":false,"_monsterinsights_skip_tracking":false,"_monsterinsights_sitenote_active":false,"_monsterinsights_sitenote_note":"","_monsterinsights_sitenote_category":0,"footnotes":""},"class_list":["post-641","page","type-page","status-publish","hentry"],"acf":[],"yoast_head":"<!-- This site is optimized with the Yoast SEO Premium plugin v27.3 (Yoast SEO v27.5) - https:\/\/yoast.com\/product\/yoast-seo-premium-wordpress\/ -->\n<title>Abogado de Edimburgopara lesionados por quemaduras - Brasure Law Firm, PLLC<\/title>\n<meta name=\"description\" content=\"\u00bfHas sufrido lesiones por quemaduras? Deje que nuestros abogados con experiencia en lesiones personales luchen por la compensaci\u00f3n que merece.\" \/>\n<meta name=\"robots\" content=\"index, follow, max-snippet:-1, max-image-preview:large, max-video-preview:-1\" \/>\n<link rel=\"canonical\" href=\"https:\/\/brasurelaw.com\/es\/abogado-de-edimburgopara-lesionados-por-quemaduras\/\" \/>\n<meta property=\"og:locale\" content=\"es_ES\" \/>\n<meta property=\"og:type\" content=\"article\" \/>\n<meta property=\"og:title\" content=\"Abogado de Edimburgopara lesionados por quemaduras\" \/>\n<meta property=\"og:description\" content=\"\u00bfHas sufrido lesiones por quemaduras? Deje que nuestros abogados con experiencia en lesiones personales luchen por la compensaci\u00f3n que merece.\" \/>\n<meta property=\"og:url\" content=\"https:\/\/brasurelaw.com\/es\/abogado-de-edimburgopara-lesionados-por-quemaduras\/\" \/>\n<meta property=\"og:site_name\" content=\"Brasure Law Firm, PLLC\" \/>\n<meta property=\"article:publisher\" content=\"https:\/\/www.facebook.com\/Brasure-Law-Firm-PLLC-469275749831635\/\" \/>\n<meta property=\"article:modified_time\" content=\"2019-03-07T02:38:02+00:00\" \/>\n<meta property=\"og:image\" content=\"https:\/\/brasurelaw.com\/wp-content\/uploads\/2016\/10\/bigstock-Firetruck-And-Ambulance-2780603.jpg\" \/>\n<meta name=\"twitter:card\" content=\"summary_large_image\" \/>\n<meta name=\"twitter:site\" content=\"@brasure\" \/>\n<meta name=\"twitter:label1\" content=\"Tiempo de lectura\" \/>\n\t<meta name=\"twitter:data1\" content=\"7 minutos\" \/>\n<meta name=\"geo.placename\" content=\"Edinburg\" \/>\n<meta name=\"geo.position\" content=\"26.2579534;-98.2013468\" \/>\n<meta name=\"geo.region\" content=\"Estados Unidos (EEUU)\" \/>\n<!-- \/ Yoast SEO Premium plugin. -->","yoast_head_json":{"title":"Abogado de Edimburgopara lesionados por quemaduras - Brasure Law Firm, PLLC","description":"\u00bfHas sufrido lesiones por quemaduras? Deje que nuestros abogados con experiencia en lesiones personales luchen por la compensaci\u00f3n que merece.","robots":{"index":"index","follow":"follow","max-snippet":"max-snippet:-1","max-image-preview":"max-image-preview:large","max-video-preview":"max-video-preview:-1"},"canonical":"https:\/\/brasurelaw.com\/es\/abogado-de-edimburgopara-lesionados-por-quemaduras\/","og_locale":"es_ES","og_type":"article","og_title":"Abogado de Edimburgopara lesionados por quemaduras","og_description":"\u00bfHas sufrido lesiones por quemaduras? Deje que nuestros abogados con experiencia en lesiones personales luchen por la compensaci\u00f3n que merece.","og_url":"https:\/\/brasurelaw.com\/es\/abogado-de-edimburgopara-lesionados-por-quemaduras\/","og_site_name":"Brasure Law Firm, PLLC","article_publisher":"https:\/\/www.facebook.com\/Brasure-Law-Firm-PLLC-469275749831635\/","article_modified_time":"2019-03-07T02:38:02+00:00","og_image":[{"url":"https:\/\/brasurelaw.com\/wp-content\/uploads\/2016\/10\/bigstock-Firetruck-And-Ambulance-2780603.jpg","type":"","width":"","height":""}],"twitter_card":"summary_large_image","twitter_site":"@brasure","twitter_misc":{"Tiempo de lectura":"7 minutos"},"schema":{"@context":"https:\/\/schema.org","@graph":[{"@type":"WebPage","@id":"https:\/\/brasurelaw.com\/es\/abogado-de-edimburgopara-lesionados-por-quemaduras\/","url":"https:\/\/brasurelaw.com\/es\/abogado-de-edimburgopara-lesionados-por-quemaduras\/","name":"Abogado de Edimburgopara lesionados por quemaduras - Brasure Law Firm, PLLC","isPartOf":{"@id":"https:\/\/brasurelaw.com\/#website"},"primaryImageOfPage":{"@id":"https:\/\/brasurelaw.com\/es\/abogado-de-edimburgopara-lesionados-por-quemaduras\/#primaryimage"},"image":{"@id":"https:\/\/brasurelaw.com\/es\/abogado-de-edimburgopara-lesionados-por-quemaduras\/#primaryimage"},"thumbnailUrl":"https:\/\/brasurelaw.com\/wp-content\/uploads\/2016\/10\/bigstock-Firetruck-And-Ambulance-2780603.jpg","datePublished":"2017-01-04T19:31:24+00:00","dateModified":"2019-03-07T02:38:02+00:00","description":"\u00bfHas sufrido lesiones por quemaduras? Deje que nuestros abogados con experiencia en lesiones personales luchen por la compensaci\u00f3n que merece.","breadcrumb":{"@id":"https:\/\/brasurelaw.com\/es\/abogado-de-edimburgopara-lesionados-por-quemaduras\/#breadcrumb"},"inLanguage":"es","potentialAction":[{"@type":"ReadAction","target":["https:\/\/brasurelaw.com\/es\/abogado-de-edimburgopara-lesionados-por-quemaduras\/"]}]},{"@type":"ImageObject","inLanguage":"es","@id":"https:\/\/brasurelaw.com\/es\/abogado-de-edimburgopara-lesionados-por-quemaduras\/#primaryimage","url":"https:\/\/brasurelaw.com\/wp-content\/uploads\/2016\/10\/bigstock-Firetruck-And-Ambulance-2780603.jpg","contentUrl":"https:\/\/brasurelaw.com\/wp-content\/uploads\/2016\/10\/bigstock-Firetruck-And-Ambulance-2780603.jpg"},{"@type":"BreadcrumbList","@id":"https:\/\/brasurelaw.com\/es\/abogado-de-edimburgopara-lesionados-por-quemaduras\/#breadcrumb","itemListElement":[{"@type":"ListItem","position":1,"name":"Home","item":"https:\/\/brasurelaw.com\/"},{"@type":"ListItem","position":2,"name":"Abogado de Edimburgopara lesionados por quemaduras"}]},{"@type":"WebSite","@id":"https:\/\/brasurelaw.com\/#website","url":"https:\/\/brasurelaw.com\/","name":"Brasure Law Firm, PLLC","description":"More Attention, Better Results","publisher":{"@id":"https:\/\/brasurelaw.com\/#organization"},"potentialAction":[{"@type":"SearchAction","target":{"@type":"EntryPoint","urlTemplate":"https:\/\/brasurelaw.com\/?s={search_term_string}"},"query-input":{"@type":"PropertyValueSpecification","valueRequired":true,"valueName":"search_term_string"}}],"inLanguage":"es"},{"@type":["Organization","Place"],"@id":"https:\/\/brasurelaw.com\/#organization","name":"Brasure Law Firm, PLLC","url":"https:\/\/brasurelaw.com\/","logo":{"@id":"https:\/\/brasurelaw.com\/es\/abogado-de-edimburgopara-lesionados-por-quemaduras\/#local-main-organization-logo"},"image":{"@id":"https:\/\/brasurelaw.com\/es\/abogado-de-edimburgopara-lesionados-por-quemaduras\/#local-main-organization-logo"},"sameAs":["https:\/\/www.facebook.com\/Brasure-Law-Firm-PLLC-469275749831635\/","https:\/\/x.com\/brasure"],"address":{"@id":"https:\/\/brasurelaw.com\/es\/abogado-de-edimburgopara-lesionados-por-quemaduras\/#local-main-place-address"},"geo":{"@type":"GeoCoordinates","latitude":"26.2579534","longitude":"-98.2013468"},"telephone":["(956) 686-3555"],"openingHoursSpecification":{"@type":"OpeningHoursSpecification","dayOfWeek":["Monday","Tuesday","Wednesday","Thursday","Friday","Saturday","Sunday"],"opens":"00:00","closes":"23:59"},"faxNumber":"(888) 880-9309"},{"@type":"PostalAddress","@id":"https:\/\/brasurelaw.com\/es\/abogado-de-edimburgopara-lesionados-por-quemaduras\/#local-main-place-address","streetAddress":"135 Paseo Del Prado #32","addressLocality":"Edinburg","postalCode":"78539","addressRegion":"Texas","addressCountry":"US"},{"@type":"ImageObject","inLanguage":"es","@id":"https:\/\/brasurelaw.com\/es\/abogado-de-edimburgopara-lesionados-por-quemaduras\/#local-main-organization-logo","url":"https:\/\/brasurelaw.com\/wp-content\/uploads\/2023\/11\/logo-1.png.webp","contentUrl":"https:\/\/brasurelaw.com\/wp-content\/uploads\/2023\/11\/logo-1.png.webp","width":316,"height":83,"caption":"Brasure Law Firm, PLLC"}]},"geo.placename":"Edinburg","geo.position":{"lat":"26.2579534","long":"-98.2013468"},"geo.region":"Estados Unidos (EEUU)"},"_links":{"self":[{"href":"https:\/\/brasurelaw.com\/es\/wp-json\/wp\/v2\/pages\/641","targetHints":{"allow":["GET"]}}],"collection":[{"href":"https:\/\/brasurelaw.com\/es\/wp-json\/wp\/v2\/pages"}],"about":[{"href":"https:\/\/brasurelaw.com\/es\/wp-json\/wp\/v2\/types\/page"}],"author":[{"embeddable":true,"href":"https:\/\/brasurelaw.com\/es\/wp-json\/wp\/v2\/users\/9"}],"replies":[{"embeddable":true,"href":"https:\/\/brasurelaw.com\/es\/wp-json\/wp\/v2\/comments?post=641"}],"version-history":[{"count":0,"href":"https:\/\/brasurelaw.com\/es\/wp-json\/wp\/v2\/pages\/641\/revisions"}],"wp:attachment":[{"href":"https:\/\/brasurelaw.com\/es\/wp-json\/wp\/v2\/media?parent=641"}],"curies":[{"name":"wp","href":"https:\/\/api.w.org\/{rel}","templated":true}]}}