{"id":632,"date":"2017-01-04T19:27:15","date_gmt":"2017-01-04T19:27:15","guid":{"rendered":"https:\/\/brasurelaw.com\/?page_id=632\/"},"modified":"2019-03-07T02:31:26","modified_gmt":"2019-03-07T02:31:26","slug":"sitemap","status":"publish","type":"page","link":"https:\/\/brasurelaw.com\/es\/sitemap\/","title":{"rendered":"Sitemap"},"content":{"rendered":"<ul>\n<li><strong><a title=\"Home\" href=\"https:\/\/brasurelaw.com\/\">Home<\/a><\/strong><\/li>\n<li><strong><a title=\"Firm Overview\" href=\"https:\/\/brasurelaw.com\/brasure-law-firm-pllc\/\">Firm Overview<\/a><\/strong><\/li>\n<li><strong><a title=\"Services\" href=\"#\">Services<\/a><\/strong>\n<ul>\n<li><strong><a title=\"Brain Injuries\" href=\"https:\/\/brasurelaw.com\/edinburg\/brain-injury-lawyer\/\">Brain Injuries<\/a><\/strong><\/li>\n<li><strong><a title=\"Burn Injuries\" href=\"https:\/\/brasurelaw.com\/edinburg\/burn-injury-lawyer\/\">Burn Injuries<\/a><\/strong><\/li>\n<li><strong><a title=\"Car Accidents\" href=\"https:\/\/brasurelaw.com\/edinburg\/car-accident-lawyer\/\">Car Accidents<\/a><\/strong><\/li>\n<li><strong><a title=\"Construction Injuries\" href=\"https:\/\/brasurelaw.com\/edinburg\/construction-injury-lawyer\/\">Construction Injuries<\/a><\/strong><\/li>\n<li><strong><a title=\"Electrocution Injuries\" href=\"https:\/\/brasurelaw.com\/edinburg\/electrocution-injury-lawsuits\/\">Electrocution Injuries<\/a><\/strong><\/li>\n<li><strong><a title=\"Motorcycle Accidents\" href=\"https:\/\/brasurelaw.com\/edinburg\/motorcycle-accident-lawyer\/\">Motorcycle Accidents<\/a><\/strong><\/li>\n<li><strong><a title=\"Personal Injuries\" href=\"https:\/\/brasurelaw.com\/edinburg\/personal-injury-lawyer\/\">Personal Injuries<\/a><\/strong><\/li>\n<li><strong><a title=\"Slip and Falls\" href=\"https:\/\/brasurelaw.com\/edinburg\/slip-falls-lawyer\/\">Slip and Falls<\/a><\/strong><\/li>\n<li><strong><a title=\"Truck Accidents\" href=\"https:\/\/brasurelaw.com\/edinburg\/truck-accident-attorney\/\">Truck Accidents<\/a><\/strong><\/li>\n<li><strong><a title=\"Work-Related Injuries\" href=\"https:\/\/brasurelaw.com\/edinburg\/work-injury-lawyer\/\">Work-Related Injuries<\/a><\/strong><\/li>\n<\/ul>\n<\/li>\n<\/ul>\n<ul>\n<li><strong><a title=\"Blog\" href=\"https:\/\/brasurelaw.com\/blog\/\">Blog<\/a><\/strong><\/li>\n<li><strong><a title=\"Video Testimonials\" href=\"https:\/\/brasurelaw.com\/video-testimonials\/\">Video Testimonials<\/a><\/strong><\/li>\n<li><strong><a title=\"Contact Us\" href=\"https:\/\/brasurelaw.com\/contact\/\">Contact Us<\/a><\/strong><\/li>\n<\/ul>\n","protected":false},"excerpt":{"rendered":"<p>Home Firm Overview Services Brain Injuries Burn Injuries Car Accidents Construction Injuries Electrocution Injuries Motorcycle Accidents Personal Injuries Slip and Falls Truck Accidents Work-Related Injuries Blog Video Testimonials Contact Us<\/p>\n","protected":false},"author":9,"featured_media":0,"parent":0,"menu_order":0,"comment_status":"closed","ping_status":"closed","template":"","meta":{"_acf_changed":false,"_monsterinsights_skip_tracking":false,"_monsterinsights_sitenote_active":false,"_monsterinsights_sitenote_note":"","_monsterinsights_sitenote_category":0,"footnotes":""},"class_list":["post-632","page","type-page","status-publish","hentry"],"acf":[],"yoast_head":"<!-- This site is optimized with the Yoast SEO Premium plugin v27.3 (Yoast SEO v27.4) - https:\/\/yoast.com\/product\/yoast-seo-premium-wordpress\/ -->\n<title>Sitemap - Brasure Law Firm, PLLC<\/title>\n<meta name=\"description\" content=\"En esta p\u00e1gina, ver\u00e1 el mapa del sitio de nuestro sitio web, que lo ayudar\u00e1 a localizar la informaci\u00f3n que est\u00e1 buscando.\" \/>\n<meta name=\"robots\" content=\"noindex, follow\" \/>\n<meta property=\"og:locale\" content=\"es_ES\" \/>\n<meta property=\"og:type\" content=\"article\" \/>\n<meta property=\"og:title\" content=\"Sitemap\" \/>\n<meta property=\"og:description\" content=\"En esta p\u00e1gina, ver\u00e1 el mapa del sitio de nuestro sitio web, que lo ayudar\u00e1 a localizar la informaci\u00f3n que est\u00e1 buscando.\" \/>\n<meta property=\"og:url\" content=\"https:\/\/brasurelaw.com\/es\/sitemap\/\" \/>\n<meta property=\"og:site_name\" content=\"Brasure Law Firm, PLLC\" \/>\n<meta property=\"article:publisher\" content=\"https:\/\/www.facebook.com\/Brasure-Law-Firm-PLLC-469275749831635\/\" \/>\n<meta property=\"article:modified_time\" content=\"2019-03-07T02:31:26+00:00\" \/>\n<meta name=\"twitter:card\" content=\"summary_large_image\" \/>\n<meta name=\"twitter:site\" content=\"@brasure\" \/>\n<meta name=\"geo.placename\" content=\"Edinburg\" \/>\n<meta name=\"geo.position\" content=\"26.2579534;-98.2013468\" \/>\n<meta name=\"geo.region\" content=\"Estados Unidos (EEUU)\" \/>\n<!-- \/ Yoast SEO Premium plugin. -->","yoast_head_json":{"title":"Sitemap - Brasure Law Firm, PLLC","description":"En esta p\u00e1gina, ver\u00e1 el mapa del sitio de nuestro sitio web, que lo ayudar\u00e1 a localizar la informaci\u00f3n que est\u00e1 buscando.","robots":{"index":"noindex","follow":"follow"},"og_locale":"es_ES","og_type":"article","og_title":"Sitemap","og_description":"En esta p\u00e1gina, ver\u00e1 el mapa del sitio de nuestro sitio web, que lo ayudar\u00e1 a localizar la informaci\u00f3n que est\u00e1 buscando.","og_url":"https:\/\/brasurelaw.com\/es\/sitemap\/","og_site_name":"Brasure Law Firm, PLLC","article_publisher":"https:\/\/www.facebook.com\/Brasure-Law-Firm-PLLC-469275749831635\/","article_modified_time":"2019-03-07T02:31:26+00:00","twitter_card":"summary_large_image","twitter_site":"@brasure","schema":{"@context":"https:\/\/schema.org","@graph":[{"@type":"WebPage","@id":"https:\/\/brasurelaw.com\/es\/sitemap\/","url":"https:\/\/brasurelaw.com\/es\/sitemap\/","name":"Sitemap - Brasure Law Firm, PLLC","isPartOf":{"@id":"https:\/\/brasurelaw.com\/#website"},"datePublished":"2017-01-04T19:27:15+00:00","dateModified":"2019-03-07T02:31:26+00:00","description":"En esta p\u00e1gina, ver\u00e1 el mapa del sitio de nuestro sitio web, que lo ayudar\u00e1 a localizar la informaci\u00f3n que est\u00e1 buscando.","breadcrumb":{"@id":"https:\/\/brasurelaw.com\/es\/sitemap\/#breadcrumb"},"inLanguage":"es","potentialAction":[{"@type":"ReadAction","target":["https:\/\/brasurelaw.com\/es\/sitemap\/"]}]},{"@type":"BreadcrumbList","@id":"https:\/\/brasurelaw.com\/es\/sitemap\/#breadcrumb","itemListElement":[{"@type":"ListItem","position":1,"name":"Home","item":"https:\/\/brasurelaw.com\/"},{"@type":"ListItem","position":2,"name":"Sitemap"}]},{"@type":"WebSite","@id":"https:\/\/brasurelaw.com\/#website","url":"https:\/\/brasurelaw.com\/","name":"Brasure Law Firm, PLLC","description":"More Attention, Better Results","publisher":{"@id":"https:\/\/brasurelaw.com\/#organization"},"potentialAction":[{"@type":"SearchAction","target":{"@type":"EntryPoint","urlTemplate":"https:\/\/brasurelaw.com\/?s={search_term_string}"},"query-input":{"@type":"PropertyValueSpecification","valueRequired":true,"valueName":"search_term_string"}}],"inLanguage":"es"},{"@type":["Organization","Place"],"@id":"https:\/\/brasurelaw.com\/#organization","name":"Brasure Law Firm, PLLC","url":"https:\/\/brasurelaw.com\/","logo":{"@id":"https:\/\/brasurelaw.com\/es\/sitemap\/#local-main-organization-logo"},"image":{"@id":"https:\/\/brasurelaw.com\/es\/sitemap\/#local-main-organization-logo"},"sameAs":["https:\/\/www.facebook.com\/Brasure-Law-Firm-PLLC-469275749831635\/","https:\/\/x.com\/brasure"],"address":{"@id":"https:\/\/brasurelaw.com\/es\/sitemap\/#local-main-place-address"},"geo":{"@type":"GeoCoordinates","latitude":"26.2579534","longitude":"-98.2013468"},"telephone":["(956) 686-3555"],"openingHoursSpecification":{"@type":"OpeningHoursSpecification","dayOfWeek":["Monday","Tuesday","Wednesday","Thursday","Friday","Saturday","Sunday"],"opens":"00:00","closes":"23:59"},"faxNumber":"(888) 880-9309"},{"@type":"PostalAddress","@id":"https:\/\/brasurelaw.com\/es\/sitemap\/#local-main-place-address","streetAddress":"135 Paseo Del Prado #32","addressLocality":"Edinburg","postalCode":"78539","addressRegion":"Texas","addressCountry":"US"},{"@type":"ImageObject","inLanguage":"es","@id":"https:\/\/brasurelaw.com\/es\/sitemap\/#local-main-organization-logo","url":"https:\/\/brasurelaw.com\/wp-content\/uploads\/2023\/11\/logo-1.png.webp","contentUrl":"https:\/\/brasurelaw.com\/wp-content\/uploads\/2023\/11\/logo-1.png.webp","width":316,"height":83,"caption":"Brasure Law Firm, PLLC"}]},"geo.placename":"Edinburg","geo.position":{"lat":"26.2579534","long":"-98.2013468"},"geo.region":"Estados Unidos (EEUU)"},"_links":{"self":[{"href":"https:\/\/brasurelaw.com\/es\/wp-json\/wp\/v2\/pages\/632","targetHints":{"allow":["GET"]}}],"collection":[{"href":"https:\/\/brasurelaw.com\/es\/wp-json\/wp\/v2\/pages"}],"about":[{"href":"https:\/\/brasurelaw.com\/es\/wp-json\/wp\/v2\/types\/page"}],"author":[{"embeddable":true,"href":"https:\/\/brasurelaw.com\/es\/wp-json\/wp\/v2\/users\/9"}],"replies":[{"embeddable":true,"href":"https:\/\/brasurelaw.com\/es\/wp-json\/wp\/v2\/comments?post=632"}],"version-history":[{"count":0,"href":"https:\/\/brasurelaw.com\/es\/wp-json\/wp\/v2\/pages\/632\/revisions"}],"wp:attachment":[{"href":"https:\/\/brasurelaw.com\/es\/wp-json\/wp\/v2\/media?parent=632"}],"curies":[{"name":"wp","href":"https:\/\/api.w.org\/{rel}","templated":true}]}}