{"id":621,"date":"2017-01-04T19:19:23","date_gmt":"2017-01-04T19:19:23","guid":{"rendered":"https:\/\/brasurelaw.com\/?page_id=621"},"modified":"2019-03-07T02:48:49","modified_gmt":"2019-03-07T02:48:49","slug":"contacto","status":"publish","type":"page","link":"https:\/\/brasurelaw.com\/es\/contacto\/","title":{"rendered":"Contacto"},"content":{"rendered":"<h2>Mapa e instrucciones<\/h2>\n<h3>Brasure Law Firm, PLLC<\/h3>\n<p>135 Paseo Del Prado<br \/>\nSte 60 Edinburg, Texas 78539<br \/>\n<strong>N\u00famero de tel\u00e9fono:<\/strong> (956) 686-3555<br \/>\n<strong>N\u00famero de fax:<\/strong> (888) 880-9309<br \/>\n<strong>Email:<\/strong> chris@brasurelaw.com<\/p>\n<p><img fetchpriority=\"high\" decoding=\"async\" class=\"aligleft size-full wp-image-929\" src=\"https:\/\/brasurelaw.com\/wp-content\/uploads\/2016\/09\/Screen-Shot-2017-06-11-at-8.36.44-AM.png\" alt=\"\" width=\"720\" height=\"250\" srcset=\"https:\/\/brasurelaw.com\/wp-content\/uploads\/2016\/09\/Screen-Shot-2017-06-11-at-8.36.44-AM.png 720w, https:\/\/brasurelaw.com\/wp-content\/uploads\/2016\/09\/Screen-Shot-2017-06-11-at-8.36.44-AM-300x104.png 300w\" sizes=\"(max-width: 720px) 100vw, 720px\" \/><\/p>\n<h3>Indicaciones de viaje<\/h3>\n<p>En forma de resumen, estamos ubicados en el coraz\u00f3n de Edinburg, Texas en las suites ejecutivas en la esquina de South McColl Road y Alberta Road. El punto de acceso m\u00e1s f\u00e1cil para el edificio es ir hacia el norte en McColl pasado Dove Avenue, y utilizar la entrada situada en el lado sur de Alberta.<\/p>\n","protected":false},"excerpt":{"rendered":"<p>Mapa e instrucciones Brasure Law Firm, PLLC 135 Paseo Del Prado Ste 60 Edinburg, Texas 78539 N\u00famero de tel\u00e9fono: (956) 686-3555 N\u00famero de fax: (888) 880-9309 Email: chris@brasurelaw.com Indicaciones de viaje En forma de resumen, estamos ubicados en el coraz\u00f3n de Edinburg, Texas en las suites ejecutivas en la esquina&#8230;<\/p>\n","protected":false},"author":9,"featured_media":0,"parent":0,"menu_order":0,"comment_status":"closed","ping_status":"closed","template":"","meta":{"_acf_changed":false,"_monsterinsights_skip_tracking":false,"_monsterinsights_sitenote_active":false,"_monsterinsights_sitenote_note":"","_monsterinsights_sitenote_category":0,"footnotes":""},"class_list":["post-621","page","type-page","status-publish","hentry"],"acf":[],"yoast_head":"<!-- This site is optimized with the Yoast SEO Premium plugin v27.3 (Yoast SEO v27.5) - https:\/\/yoast.com\/product\/yoast-seo-premium-wordpress\/ -->\n<title>Contacto - Brasure Law Firm, PLLC<\/title>\n<meta name=\"description\" content=\"P\u00f3ngase en contacto con Brasure Law Firm PLLC para programar una consulta gratuita sobre su caso de lesiones personales.\" \/>\n<meta name=\"robots\" content=\"noindex, follow\" \/>\n<meta property=\"og:locale\" content=\"es_ES\" \/>\n<meta property=\"og:type\" content=\"article\" \/>\n<meta property=\"og:title\" content=\"Contacto\" \/>\n<meta property=\"og:description\" content=\"P\u00f3ngase en contacto con Brasure Law Firm PLLC para programar una consulta gratuita sobre su caso de lesiones personales.\" \/>\n<meta property=\"og:url\" content=\"https:\/\/brasurelaw.com\/es\/contacto\/\" \/>\n<meta property=\"og:site_name\" content=\"Brasure Law Firm, PLLC\" \/>\n<meta property=\"article:publisher\" content=\"https:\/\/www.facebook.com\/Brasure-Law-Firm-PLLC-469275749831635\/\" \/>\n<meta property=\"article:modified_time\" content=\"2019-03-07T02:48:49+00:00\" \/>\n<meta property=\"og:image\" content=\"https:\/\/brasurelaw.com\/wp-content\/uploads\/2016\/09\/Screen-Shot-2017-06-11-at-8.36.44-AM.png\" \/>\n<meta name=\"twitter:card\" content=\"summary_large_image\" \/>\n<meta name=\"twitter:site\" content=\"@brasure\" \/>\n<meta name=\"geo.placename\" content=\"Edinburg\" \/>\n<meta name=\"geo.position\" content=\"26.2579534;-98.2013468\" \/>\n<meta name=\"geo.region\" content=\"Estados Unidos (EEUU)\" \/>\n<!-- \/ Yoast SEO Premium plugin. -->","yoast_head_json":{"title":"Contacto - Brasure Law Firm, PLLC","description":"P\u00f3ngase en contacto con Brasure Law Firm PLLC para programar una consulta gratuita sobre su caso de lesiones personales.","robots":{"index":"noindex","follow":"follow"},"og_locale":"es_ES","og_type":"article","og_title":"Contacto","og_description":"P\u00f3ngase en contacto con Brasure Law Firm PLLC para programar una consulta gratuita sobre su caso de lesiones personales.","og_url":"https:\/\/brasurelaw.com\/es\/contacto\/","og_site_name":"Brasure Law Firm, PLLC","article_publisher":"https:\/\/www.facebook.com\/Brasure-Law-Firm-PLLC-469275749831635\/","article_modified_time":"2019-03-07T02:48:49+00:00","og_image":[{"url":"https:\/\/brasurelaw.com\/wp-content\/uploads\/2016\/09\/Screen-Shot-2017-06-11-at-8.36.44-AM.png","type":"","width":"","height":""}],"twitter_card":"summary_large_image","twitter_site":"@brasure","schema":{"@context":"https:\/\/schema.org","@graph":[{"@type":"WebPage","@id":"https:\/\/brasurelaw.com\/es\/contacto\/","url":"https:\/\/brasurelaw.com\/es\/contacto\/","name":"Contacto - Brasure Law Firm, PLLC","isPartOf":{"@id":"https:\/\/brasurelaw.com\/#website"},"primaryImageOfPage":{"@id":"https:\/\/brasurelaw.com\/es\/contacto\/#primaryimage"},"image":{"@id":"https:\/\/brasurelaw.com\/es\/contacto\/#primaryimage"},"thumbnailUrl":"https:\/\/brasurelaw.com\/wp-content\/uploads\/2016\/09\/Screen-Shot-2017-06-11-at-8.36.44-AM.png","datePublished":"2017-01-04T19:19:23+00:00","dateModified":"2019-03-07T02:48:49+00:00","description":"P\u00f3ngase en contacto con Brasure Law Firm PLLC para programar una consulta gratuita sobre su caso de lesiones personales.","breadcrumb":{"@id":"https:\/\/brasurelaw.com\/es\/contacto\/#breadcrumb"},"inLanguage":"es","potentialAction":[{"@type":"ReadAction","target":["https:\/\/brasurelaw.com\/es\/contacto\/"]}]},{"@type":"ImageObject","inLanguage":"es","@id":"https:\/\/brasurelaw.com\/es\/contacto\/#primaryimage","url":"https:\/\/brasurelaw.com\/wp-content\/uploads\/2016\/09\/Screen-Shot-2017-06-11-at-8.36.44-AM.png","contentUrl":"https:\/\/brasurelaw.com\/wp-content\/uploads\/2016\/09\/Screen-Shot-2017-06-11-at-8.36.44-AM.png"},{"@type":"BreadcrumbList","@id":"https:\/\/brasurelaw.com\/es\/contacto\/#breadcrumb","itemListElement":[{"@type":"ListItem","position":1,"name":"Home","item":"https:\/\/brasurelaw.com\/"},{"@type":"ListItem","position":2,"name":"Contacto"}]},{"@type":"WebSite","@id":"https:\/\/brasurelaw.com\/#website","url":"https:\/\/brasurelaw.com\/","name":"Brasure Law Firm, PLLC","description":"More Attention, Better Results","publisher":{"@id":"https:\/\/brasurelaw.com\/#organization"},"potentialAction":[{"@type":"SearchAction","target":{"@type":"EntryPoint","urlTemplate":"https:\/\/brasurelaw.com\/?s={search_term_string}"},"query-input":{"@type":"PropertyValueSpecification","valueRequired":true,"valueName":"search_term_string"}}],"inLanguage":"es"},{"@type":["Organization","Place"],"@id":"https:\/\/brasurelaw.com\/#organization","name":"Brasure Law Firm, PLLC","url":"https:\/\/brasurelaw.com\/","logo":{"@id":"https:\/\/brasurelaw.com\/es\/contacto\/#local-main-organization-logo"},"image":{"@id":"https:\/\/brasurelaw.com\/es\/contacto\/#local-main-organization-logo"},"sameAs":["https:\/\/www.facebook.com\/Brasure-Law-Firm-PLLC-469275749831635\/","https:\/\/x.com\/brasure"],"address":{"@id":"https:\/\/brasurelaw.com\/es\/contacto\/#local-main-place-address"},"geo":{"@type":"GeoCoordinates","latitude":"26.2579534","longitude":"-98.2013468"},"telephone":["(956) 686-3555"],"openingHoursSpecification":{"@type":"OpeningHoursSpecification","dayOfWeek":["Monday","Tuesday","Wednesday","Thursday","Friday","Saturday","Sunday"],"opens":"00:00","closes":"23:59"},"faxNumber":"(888) 880-9309"},{"@type":"PostalAddress","@id":"https:\/\/brasurelaw.com\/es\/contacto\/#local-main-place-address","streetAddress":"135 Paseo Del Prado #32","addressLocality":"Edinburg","postalCode":"78539","addressRegion":"Texas","addressCountry":"US"},{"@type":"ImageObject","inLanguage":"es","@id":"https:\/\/brasurelaw.com\/es\/contacto\/#local-main-organization-logo","url":"https:\/\/brasurelaw.com\/wp-content\/uploads\/2023\/11\/logo-1.png.webp","contentUrl":"https:\/\/brasurelaw.com\/wp-content\/uploads\/2023\/11\/logo-1.png.webp","width":316,"height":83,"caption":"Brasure Law Firm, PLLC"}]},"geo.placename":"Edinburg","geo.position":{"lat":"26.2579534","long":"-98.2013468"},"geo.region":"Estados Unidos (EEUU)"},"_links":{"self":[{"href":"https:\/\/brasurelaw.com\/es\/wp-json\/wp\/v2\/pages\/621","targetHints":{"allow":["GET"]}}],"collection":[{"href":"https:\/\/brasurelaw.com\/es\/wp-json\/wp\/v2\/pages"}],"about":[{"href":"https:\/\/brasurelaw.com\/es\/wp-json\/wp\/v2\/types\/page"}],"author":[{"embeddable":true,"href":"https:\/\/brasurelaw.com\/es\/wp-json\/wp\/v2\/users\/9"}],"replies":[{"embeddable":true,"href":"https:\/\/brasurelaw.com\/es\/wp-json\/wp\/v2\/comments?post=621"}],"version-history":[{"count":0,"href":"https:\/\/brasurelaw.com\/es\/wp-json\/wp\/v2\/pages\/621\/revisions"}],"wp:attachment":[{"href":"https:\/\/brasurelaw.com\/es\/wp-json\/wp\/v2\/media?parent=621"}],"curies":[{"name":"wp","href":"https:\/\/api.w.org\/{rel}","templated":true}]}}