{"id":605,"date":"2017-01-02T14:14:04","date_gmt":"2017-01-02T14:14:04","guid":{"rendered":"https:\/\/brasurelaw.com\/?page_id=605"},"modified":"2019-03-07T02:44:17","modified_gmt":"2019-03-07T02:44:17","slug":"accidentes-por-resbalones-y-caidas-en-edimburgo","status":"publish","type":"page","link":"https:\/\/brasurelaw.com\/es\/accidentes-por-resbalones-y-caidas-en-edimburgo\/","title":{"rendered":"Accidentes por resbalones y ca\u00eddas en Edimburgo"},"content":{"rendered":"<p><iframe id=\"player_1\" src=\"https:\/\/www.youtube.com\/embed\/XGHGM_lZxCg?rel=0&amp;controls=0&amp;showinfo=0\" width=\"400\" height=\"225\" frameborder=\"0\" allowfullscreen=\"allowfullscreen\" data-mce-fragment=\"1\"><\/iframe><\/p>\n<p>Un accidente por un resbal\u00f3n y ca\u00edda te puede dejar algunas lesiones graves, incluyendo la cabeza, el cuello y la espalda, los huesos rotos y m\u00e1s que puede resultar en dolor cr\u00f3nico o incluso discapacidad. Esto puede dejarle con facturas m\u00e9dicas con precios muy altos, incapaz de trabajar y luchar para poder subsistir &#8211; todo mientras se recupera de las lesiones sufridas en el resbal\u00f3n o la ca\u00edda.<\/p>\n<p>Los abogados del bufete de abogadosde Brasure, PLLC est\u00e1n aqu\u00ed para ayudarle a obtener la compensaci\u00f3n que merece por su dolor y sufrimiento, sus cuentas m\u00e9dicas, salarios perdidos y otros da\u00f1os. Lamentablemente, este tipo de caso de responsabilidad de local tiende a estar sujetos a un mont\u00f3n de controles debido al peque\u00f1o n\u00famero de personas que presentan falsos y resbalar y caer las reclamaciones. Pero cuando usted tiene un calificado y experimentado abogado de lesiones personales de Texas representando su caso, usted podr\u00e1 maximizar sus posibilidades de ver un resultado positivo.<\/p>\n<p>Los abogados del bufete de abogados de Brasure, PLLC tomar una \u00fanica, el enfoque centrado en el cliente a la ley. Ponemos a usted, nuestro cliente, en primer lugar, pudiendo incluso limitar nuestros refugiados para asegurar que nuestros clientes reciban la atenci\u00f3n que necesitan y merecen. Es esta estrategia \u00abCalidad sobre cantidad\u00bb, que ha permitido a nuestro bufete de abogados de Texas de lesiones personales emerger como uno de los m\u00e1s apreciados en la regi\u00f3n.<\/p>\n<p>Si usted ha sido lesionado en un resbal\u00f3n y ca\u00edda, los abogados con Firma de la Ley de Brasure, PLLC est\u00e1n aqu\u00ed para ayudarle. Contacte con nosotros hoy para concertar una consulta gratuita y confidencial llamando al 956-686-3555.<\/p>\n<p><strong>Cuales son las preocupaciones comunes tras un accidente por resbalarse y caerse<\/strong><\/p>\n<p>En la Firma de la Ley de Brasure, PLLC, nuestros abogados ponen gran \u00e9nfasis en nuestros clientes, como podemos ver cada caso como una oportunidad para la colaboraci\u00f3n. Como tal, sentimos que es importante para responder a sus preguntas y resolver cualquier duda que pudiera surgir. Nuestro equipo legal ha compilado un resumen de algunas de las preguntas m\u00e1s comunes que recibimos de los clientes que han interpuesto una querella resbalar y caer.<\/p>\n<p><strong>\u00bfQu\u00e9 debo hacer si estoy implicado en un accidente al resbalarme y caerme?<\/strong><\/p>\n<p><img fetchpriority=\"high\" decoding=\"async\" class=\"alignleft wp-image-91\" src=\"https:\/\/brasurelaw.com\/wp-content\/uploads\/2016\/09\/bigstock-Senior-businessman-falling-nea-66947782.jpg\" alt=\"Slip and Falls Lawyer\" width=\"400\" height=\"267\" \/><\/p>\n<p>Si usted est\u00e1 involucrado en un accidente de resbalones y ca\u00eddas, hay algunas cosas que usted puede hacer para maximizar sus probabilidades de ver una compensaci\u00f3n justa por sus lesiones y otros da\u00f1os.<\/p>\n<p>En los momentos posteriores al accidente, usted debe fotografiar la escena &#8211; idealmente, antes de que limpien o muevan las cosas. Si usted no puede tomar las fotos, pida a un testigo o a un amigo utilizar su dispositivo para capturar las im\u00e1genes. Tambi\u00e9n deber\u00e1 fotografiar las lesiones.<\/p>\n<p>Es importante obtener el nombre y la informaci\u00f3n de los contactos que presenciaron el resbal\u00f3n y la ca\u00edda.<\/p>\n<p>Siempre busque atenci\u00f3n m\u00e9dica tras resbalarse y caerse, como lesiones graves no siempre son evidentes, especialmente si se tiene en cuenta que la adrenalina puede aburrido su percepci\u00f3n del dolor. La atenci\u00f3n m\u00e9dica oportuna mejorar\u00e1n sus posibilidades de hacer una recuperaci\u00f3n completa, y los expedientes m\u00e9dicos resultar\u00e1 ser un elemento cr\u00edtico en su caso.<\/p>\n<p>Tambi\u00e9n debe ponerse en contacto con nuestros abogados de lesiones personales tan pronto como le sea posible tras el accidente de resbalar y caer. Podemos empezar a trabajar en investigar su caso, hablando con testigos y reunir pruebas tales como v\u00eddeo de vigilancia (\u00a1que con frecuencia se registra en plazos muy breves, decisiones prontas cr\u00edtico!) ya la espera de obtener asistencia jur\u00eddica, m\u00e1s dif\u00edcil ser\u00e1 lograr un resultado positivo en su caso.<\/p>\n<p>Tambi\u00e9n recomendamos que las v\u00edctimas de resbalones y ca\u00eddas mantengan un registro diario de sus avances m\u00e9dicos y cuestiones conexas. Documentar los niveles de dolor, su condici\u00f3n, su capacidad f\u00edsica (o la falta de ella), las citas y los gastos es muy importante. Esta informaci\u00f3n permite a nuestros abogados para ilustrar claramente los efectos del deslizamiento y lesiones por ca\u00eddas.<\/p>\n<p><strong>\u00bfCu\u00e1nto tiempo tengo para archivar un pleito por resbalar y caer en Texas?<\/strong><\/p>\n<p>En Texas, el estatuto de limitaciones para casos de lesiones personales es de dos a\u00f1os a partir de la fecha de la lesi\u00f3n. La \u00fanica excepci\u00f3n implica reclamaciones presentadas contra el gobierno de Texas. Estos casos deben ser presentados dentro de los seis meses siguientes a la fecha de la lesi\u00f3n.<\/p>\n<p>Si bien muchos pueden verse tentados a querellarse directamente, generalmente es mejor esperar hasta que el resbalar y caer v\u00edctima de la condici\u00f3n se ha estabilizado, de manera que su abogado puede predecir con precisi\u00f3n las p\u00e9rdidas futuras, tales como gastos m\u00e9dicos, p\u00e9rdida de salarios y as\u00ed sucesivamente. Es importante que su abogado de lesiones personales puede hacer una estimaci\u00f3n exacta ya que una vez que el asunto se resuelva, no puede volver a buscar una mayor compensaci\u00f3n.<\/p>\n<p>Dicho esto, es mejor contactar a un abogado tan pronto como sea posible tras su resbale y caiga. Los abogados pueden maximizar sus posibilidades de ver un resultado positivo antes que est\u00e1n implicados en el caso.<\/p>\n<p><strong>\u00bfHay un l\u00edmite de cu\u00e1nto puedo recuperar porlesiones de resbalones y ca\u00eddas?<\/strong><\/p>\n<p>En muchas zonas, la ley limita la cantidad de dinero que puede recuperar en este tipo de demanda. Este no es el caso de Texas, pues no hay ning\u00fan caso de lesiones las tapas en un resbal\u00f3n y ca\u00edda pleito y otros locales responsabilidad demanda de casos.<\/p>\n<p>Hay una excepci\u00f3n: los casos de negligencia m\u00e9dica. Reclamos por negligencia m\u00e9dica tienen una tapa de da\u00f1os, pero esto generalmente no tiene ning\u00fan impacto en un pleito (resbalar y caer a menos que hay un elemento secundario de un presunto acto de negligencia m\u00e9dica que ocurre mientras est\u00e1 siendo tratado de sus lesiones).<\/p>\n<p><strong>\u00bfCu\u00e1nto cuesta contratar a un abogado de lesiones personales en Texas para manejar mi demanda de resbalones y ca\u00eddas?<\/strong><\/p>\n<p>El costo de la contrataci\u00f3n de un abogado de lesiones personales var\u00eda enormemente, ya que hay muchas variables y cada caso es verdaderamente \u00fanico.<\/p>\n<p>La mayor\u00eda de los casos de lesiones personales son aceptados en una base de la contingencia. Esto significa que en lugar de pagar una cuota, los honorarios que se cobran al final del caso, una vez que los fondos han sido recuperados.<\/p>\n<p>En algunos casos, el otro lado puede ser condenado al pago de honorarios. En otras situaciones, el abogado acepta un porcentaje del monto total recuperado. Estos detalles son todas dirigidas al conservar los servicios del abogado.<\/p>\n<p><strong>Nuestros abogados de lesiones personales de Texas le ayudar\u00e1n a recuperar la compensaci\u00f3n que se merece para su tratamiento al tener lesiones por resbalones y ca\u00eddas<\/strong><\/p>\n<p><img decoding=\"async\" class=\"alignright\" src=\"https:\/\/brasurelaw.com\/wp-content\/uploads\/2016\/09\/bigstock-Caution-sign-with-mop-and-buck-94304273.jpg\" alt=\"Slip and Falls Lawyer\" width=\"400\" height=\"253\" \/><\/p>\n<p>En la Firma de la Ley de Brasure PLLC, estamos aqu\u00ed para ayudarle a obtener la compensaci\u00f3n que merece por sus lesiones. Los juicios por resbalar y caer pueden ser un reto por el tipo de caso a litigar, pero aqu\u00ed es donde nuestra experiencia de muchos a\u00f1os se puede aprovechar para su beneficio.<\/p>\n<p>Los propietarios de Texas est\u00e1n obligados a mantener sus instalaciones en un estado seguro, y est\u00e1n obligados a responder a cualquier peligroso comportamiento exhibido por los clientes u otros visitantes, llamados \u00abinvitados\u00bb. Los propietarios est\u00e1n obligados por un deber legal de cuidado razonable, lo que le protege de un \u00abriesgo de da\u00f1o irrazonable que el due\u00f1o sab\u00eda, o a trav\u00e9s de un cuidado razonable, que podr\u00eda descubrir\u00bb.<\/p>\n<p>Nuestro objetivo es demostrar que esto no ocurri\u00f3, causando lesiones a nuestro cliente. Adoptamos un enfoque centrado en el cliente en todo lo que hacemos, ya que creemos que sobrevivir a un accidente por resbalar y caer es traum\u00e1tico y estresante; \u00a1buscaremos la compensaci\u00f3n que se merece!<\/p>\n<p>Si usted ha sido una v\u00edctima lesionada en un resbal\u00f3n y ca\u00edda o necesita ayuda con otro caso de lesiones personales, p\u00f3ngase en contacto con nuestro bufete de abogados de lesiones personales de Texas tan pronto como sea posible. Recuerde, cuanto antes podamos atender su caso, mejores ser\u00e1n sus posibilidades de ver una resoluci\u00f3n favorable.<\/p>\n<p>P\u00f3ngase en contacto con los abogados del bufete de abogadosde Brasure PLLC,para organizar una consulta, sin costo por sesiones llamando al 956-686-3555.<\/p>\n","protected":false},"excerpt":{"rendered":"<p>Un accidente por un resbal\u00f3n y ca\u00edda te puede dejar algunas lesiones graves, incluyendo la cabeza, el cuello y la espalda, los huesos rotos y m\u00e1s que puede resultar en dolor cr\u00f3nico o incluso discapacidad. Esto puede dejarle con facturas m\u00e9dicas con precios muy altos, incapaz de trabajar y luchar&#8230;<\/p>\n","protected":false},"author":9,"featured_media":0,"parent":0,"menu_order":0,"comment_status":"closed","ping_status":"closed","template":"","meta":{"_acf_changed":false,"_monsterinsights_skip_tracking":false,"_monsterinsights_sitenote_active":false,"_monsterinsights_sitenote_note":"","_monsterinsights_sitenote_category":0,"footnotes":""},"class_list":["post-605","page","type-page","status-publish","hentry"],"acf":[],"yoast_head":"<!-- This site is optimized with the Yoast SEO Premium plugin v27.3 (Yoast SEO v27.5) - https:\/\/yoast.com\/product\/yoast-seo-premium-wordpress\/ -->\n<title>Accidentes por resbalones y ca\u00eddas en Edimburgo - Brasure Law Firm, PLLC<\/title>\n<meta name=\"description\" content=\"\u00bfHa sido lesionado en la propiedad de otra persona? Deje que nuestros abogados de lesiones personales luchen por la justicia en su nombre.\" \/>\n<meta name=\"robots\" content=\"index, follow, max-snippet:-1, max-image-preview:large, max-video-preview:-1\" \/>\n<link rel=\"canonical\" href=\"https:\/\/brasurelaw.com\/es\/accidentes-por-resbalones-y-caidas-en-edimburgo\/\" \/>\n<meta property=\"og:locale\" content=\"es_ES\" \/>\n<meta property=\"og:type\" content=\"article\" \/>\n<meta property=\"og:title\" content=\"Accidentes por resbalones y ca\u00eddas en Edimburgo\" \/>\n<meta property=\"og:description\" content=\"\u00bfHa sido lesionado en la propiedad de otra persona? Deje que nuestros abogados de lesiones personales luchen por la justicia en su nombre.\" \/>\n<meta property=\"og:url\" content=\"https:\/\/brasurelaw.com\/es\/accidentes-por-resbalones-y-caidas-en-edimburgo\/\" \/>\n<meta property=\"og:site_name\" content=\"Brasure Law Firm, PLLC\" \/>\n<meta property=\"article:publisher\" content=\"https:\/\/www.facebook.com\/Brasure-Law-Firm-PLLC-469275749831635\/\" \/>\n<meta property=\"article:modified_time\" content=\"2019-03-07T02:44:17+00:00\" \/>\n<meta property=\"og:image\" content=\"https:\/\/brasurelaw.com\/wp-content\/uploads\/2016\/09\/bigstock-Senior-businessman-falling-nea-66947782.jpg\" \/>\n<meta name=\"twitter:card\" content=\"summary_large_image\" \/>\n<meta name=\"twitter:site\" content=\"@brasure\" \/>\n<meta name=\"twitter:label1\" content=\"Tiempo de lectura\" \/>\n\t<meta name=\"twitter:data1\" content=\"7 minutos\" \/>\n<meta name=\"geo.placename\" content=\"Edinburg\" \/>\n<meta name=\"geo.position\" content=\"26.2579534;-98.2013468\" \/>\n<meta name=\"geo.region\" content=\"Estados Unidos (EEUU)\" \/>\n<!-- \/ Yoast SEO Premium plugin. -->","yoast_head_json":{"title":"Accidentes por resbalones y ca\u00eddas en Edimburgo - Brasure Law Firm, PLLC","description":"\u00bfHa sido lesionado en la propiedad de otra persona? Deje que nuestros abogados de lesiones personales luchen por la justicia en su nombre.","robots":{"index":"index","follow":"follow","max-snippet":"max-snippet:-1","max-image-preview":"max-image-preview:large","max-video-preview":"max-video-preview:-1"},"canonical":"https:\/\/brasurelaw.com\/es\/accidentes-por-resbalones-y-caidas-en-edimburgo\/","og_locale":"es_ES","og_type":"article","og_title":"Accidentes por resbalones y ca\u00eddas en Edimburgo","og_description":"\u00bfHa sido lesionado en la propiedad de otra persona? Deje que nuestros abogados de lesiones personales luchen por la justicia en su nombre.","og_url":"https:\/\/brasurelaw.com\/es\/accidentes-por-resbalones-y-caidas-en-edimburgo\/","og_site_name":"Brasure Law Firm, PLLC","article_publisher":"https:\/\/www.facebook.com\/Brasure-Law-Firm-PLLC-469275749831635\/","article_modified_time":"2019-03-07T02:44:17+00:00","og_image":[{"url":"https:\/\/brasurelaw.com\/wp-content\/uploads\/2016\/09\/bigstock-Senior-businessman-falling-nea-66947782.jpg","type":"","width":"","height":""}],"twitter_card":"summary_large_image","twitter_site":"@brasure","twitter_misc":{"Tiempo de lectura":"7 minutos"},"schema":{"@context":"https:\/\/schema.org","@graph":[{"@type":"WebPage","@id":"https:\/\/brasurelaw.com\/es\/accidentes-por-resbalones-y-caidas-en-edimburgo\/","url":"https:\/\/brasurelaw.com\/es\/accidentes-por-resbalones-y-caidas-en-edimburgo\/","name":"Accidentes por resbalones y ca\u00eddas en Edimburgo - Brasure Law Firm, PLLC","isPartOf":{"@id":"https:\/\/brasurelaw.com\/#website"},"primaryImageOfPage":{"@id":"https:\/\/brasurelaw.com\/es\/accidentes-por-resbalones-y-caidas-en-edimburgo\/#primaryimage"},"image":{"@id":"https:\/\/brasurelaw.com\/es\/accidentes-por-resbalones-y-caidas-en-edimburgo\/#primaryimage"},"thumbnailUrl":"https:\/\/brasurelaw.com\/wp-content\/uploads\/2016\/09\/bigstock-Senior-businessman-falling-nea-66947782.jpg","datePublished":"2017-01-02T14:14:04+00:00","dateModified":"2019-03-07T02:44:17+00:00","description":"\u00bfHa sido lesionado en la propiedad de otra persona? Deje que nuestros abogados de lesiones personales luchen por la justicia en su nombre.","breadcrumb":{"@id":"https:\/\/brasurelaw.com\/es\/accidentes-por-resbalones-y-caidas-en-edimburgo\/#breadcrumb"},"inLanguage":"es","potentialAction":[{"@type":"ReadAction","target":["https:\/\/brasurelaw.com\/es\/accidentes-por-resbalones-y-caidas-en-edimburgo\/"]}]},{"@type":"ImageObject","inLanguage":"es","@id":"https:\/\/brasurelaw.com\/es\/accidentes-por-resbalones-y-caidas-en-edimburgo\/#primaryimage","url":"https:\/\/brasurelaw.com\/wp-content\/uploads\/2016\/09\/bigstock-Senior-businessman-falling-nea-66947782.jpg","contentUrl":"https:\/\/brasurelaw.com\/wp-content\/uploads\/2016\/09\/bigstock-Senior-businessman-falling-nea-66947782.jpg"},{"@type":"BreadcrumbList","@id":"https:\/\/brasurelaw.com\/es\/accidentes-por-resbalones-y-caidas-en-edimburgo\/#breadcrumb","itemListElement":[{"@type":"ListItem","position":1,"name":"Home","item":"https:\/\/brasurelaw.com\/"},{"@type":"ListItem","position":2,"name":"Accidentes por resbalones y ca\u00eddas en Edimburgo"}]},{"@type":"WebSite","@id":"https:\/\/brasurelaw.com\/#website","url":"https:\/\/brasurelaw.com\/","name":"Brasure Law Firm, PLLC","description":"More Attention, Better Results","publisher":{"@id":"https:\/\/brasurelaw.com\/#organization"},"potentialAction":[{"@type":"SearchAction","target":{"@type":"EntryPoint","urlTemplate":"https:\/\/brasurelaw.com\/?s={search_term_string}"},"query-input":{"@type":"PropertyValueSpecification","valueRequired":true,"valueName":"search_term_string"}}],"inLanguage":"es"},{"@type":["Organization","Place"],"@id":"https:\/\/brasurelaw.com\/#organization","name":"Brasure Law Firm, PLLC","url":"https:\/\/brasurelaw.com\/","logo":{"@id":"https:\/\/brasurelaw.com\/es\/accidentes-por-resbalones-y-caidas-en-edimburgo\/#local-main-organization-logo"},"image":{"@id":"https:\/\/brasurelaw.com\/es\/accidentes-por-resbalones-y-caidas-en-edimburgo\/#local-main-organization-logo"},"sameAs":["https:\/\/www.facebook.com\/Brasure-Law-Firm-PLLC-469275749831635\/","https:\/\/x.com\/brasure"],"address":{"@id":"https:\/\/brasurelaw.com\/es\/accidentes-por-resbalones-y-caidas-en-edimburgo\/#local-main-place-address"},"geo":{"@type":"GeoCoordinates","latitude":"26.2579534","longitude":"-98.2013468"},"telephone":["(956) 686-3555"],"openingHoursSpecification":{"@type":"OpeningHoursSpecification","dayOfWeek":["Monday","Tuesday","Wednesday","Thursday","Friday","Saturday","Sunday"],"opens":"00:00","closes":"23:59"},"faxNumber":"(888) 880-9309"},{"@type":"PostalAddress","@id":"https:\/\/brasurelaw.com\/es\/accidentes-por-resbalones-y-caidas-en-edimburgo\/#local-main-place-address","streetAddress":"135 Paseo Del Prado #32","addressLocality":"Edinburg","postalCode":"78539","addressRegion":"Texas","addressCountry":"US"},{"@type":"ImageObject","inLanguage":"es","@id":"https:\/\/brasurelaw.com\/es\/accidentes-por-resbalones-y-caidas-en-edimburgo\/#local-main-organization-logo","url":"https:\/\/brasurelaw.com\/wp-content\/uploads\/2023\/11\/logo-1.png.webp","contentUrl":"https:\/\/brasurelaw.com\/wp-content\/uploads\/2023\/11\/logo-1.png.webp","width":316,"height":83,"caption":"Brasure Law Firm, PLLC"}]},"geo.placename":"Edinburg","geo.position":{"lat":"26.2579534","long":"-98.2013468"},"geo.region":"Estados Unidos (EEUU)"},"_links":{"self":[{"href":"https:\/\/brasurelaw.com\/es\/wp-json\/wp\/v2\/pages\/605","targetHints":{"allow":["GET"]}}],"collection":[{"href":"https:\/\/brasurelaw.com\/es\/wp-json\/wp\/v2\/pages"}],"about":[{"href":"https:\/\/brasurelaw.com\/es\/wp-json\/wp\/v2\/types\/page"}],"author":[{"embeddable":true,"href":"https:\/\/brasurelaw.com\/es\/wp-json\/wp\/v2\/users\/9"}],"replies":[{"embeddable":true,"href":"https:\/\/brasurelaw.com\/es\/wp-json\/wp\/v2\/comments?post=605"}],"version-history":[{"count":0,"href":"https:\/\/brasurelaw.com\/es\/wp-json\/wp\/v2\/pages\/605\/revisions"}],"wp:attachment":[{"href":"https:\/\/brasurelaw.com\/es\/wp-json\/wp\/v2\/media?parent=605"}],"curies":[{"name":"wp","href":"https:\/\/api.w.org\/{rel}","templated":true}]}}