{"id":604,"date":"2017-01-02T14:11:50","date_gmt":"2017-01-02T14:11:50","guid":{"rendered":"https:\/\/brasurelaw.com\/?page_id=604"},"modified":"2019-03-07T02:34:24","modified_gmt":"2019-03-07T02:34:24","slug":"demandas-por-lesiones-por-electrocucion","status":"publish","type":"page","link":"https:\/\/brasurelaw.com\/es\/demandas-por-lesiones-por-electrocucion\/","title":{"rendered":"Demandas por Lesiones por Electrocuci\u00f3n"},"content":{"rendered":"<p><iframe id=\"player_1\" src=\"https:\/\/www.youtube.com\/embed\/hn_uSzm1VzU?rel=0&amp;controls=0&amp;showinfo=0\" width=\"400\" height=\"225\" frameborder=\"0\" allowfullscreen=\"allowfullscreen\" data-mce-fragment=\"1\"><\/iframe><\/p>\n<p>\u00bfSe ha lesionado en un accidente de electrocuci\u00f3n? Las lesiones por descarga el\u00e9ctrica pueden ser devastadoras, resultando en quemaduras severas, da\u00f1os en los nervios, da\u00f1o en los tejidos, cicatrices, dolor cr\u00f3nico e incapacidad permanente. Y mientras que la mayor\u00eda de la gente piensa en ca\u00eddas y accidentes de construcci\u00f3n cuando oyen el t\u00e9rmino \u00ablesiones en el lugar de trabajo\u00bb, la realidad es muy diferente.<\/p>\n<p>Seg\u00fan la Administraci\u00f3n de Seguridad y Salud Ocupacional (OSHA), los accidentes de electrocuci\u00f3n son la segunda causa de muerte cuando se trata de lesiones fatales en el lugar de trabajo. Mucho m\u00e1s son los heridos por incidentes de choque el\u00e9ctrico cada a\u00f1o.<\/p>\n<p>En BrasureLawFirm, PLLC, creemos en un enfoque de \u00abcalidad sobre cantidad\u00bb, ya que ponemos el \u00e9nfasis en usted, nuestro cliente, y trabajamos duro para lograr el mejor resultado posible para su caso. De hecho, limitamos nuestro n\u00famero de casos para asegurar que los casos de nuestros clientes reciban la atenci\u00f3n que necesitan para obtener resultados excepcionales.<\/p>\n<p>Nuestro equipo de \u00e9lite de abogados de lesiones personales de Texas ha estado manejando casos de lesiones personales y casos de muerte por negligencia en todo el Valle del R\u00edo Grande durante casi una d\u00e9cada. Deje que nuestro equipo legal maneje su reclamo de lesiones personales, trabajando para recuperar los fondos que necesita para pagar sus facturas m\u00e9dicas y para compensarle los salarios perdidos, el dolor, el sufrimiento y m\u00e1s all\u00e1.<\/p>\n<p>P\u00f3ngase en contacto con los abogados de BrasureLawFirm, PLLC para concertar una consulta gratuita y confidencial llamando al 956-686-3555.<\/p>\n<p><strong>Preocupaciones comunes despu\u00e9s de una lesi\u00f3n por electrocuci\u00f3n en el trabajo <\/strong><\/p>\n<p>En BrasureLawFirm, PLLC, creemos que es muy importante atender las preocupaciones de nuestros clientes para que el cliente permanezca informado e involucrado a lo largo del proceso legal.<\/p>\n<p>Nuestro equipo legal ha recopilado algunas de las preguntas m\u00e1s frecuentes sobre el tema de electrocuci\u00f3n y accidentes con lesiones el\u00e9ctricas.<\/p>\n<p><strong>\u00bfQu\u00e9 tipos de compensaci\u00f3n puedo recibir si presento un juicio por lesi\u00f3n por electrocuci\u00f3n?<\/strong><\/p>\n<p>Las lesiones el\u00e9ctricas pueden ser bastante graves, afectando a muchos sistemas corporales diferentes. Las lesiones pueden extenderse desde quemaduras y da\u00f1o de nervio, a da\u00f1o de tejido severo que requiera la amputaci\u00f3n, problemas card\u00edacos y m\u00e1s all\u00e1. Como tal, el impacto en la v\u00edctima de electrocuci\u00f3n var\u00eda mucho.<\/p>\n<p>El tipo de compensaci\u00f3n que usted recibe depender\u00e1 de las p\u00e9rdidas que haya sufrido por la lesi\u00f3n por electrocuci\u00f3n. Algunos pacientes pueden solicitar compensaci\u00f3n por hospitalizaci\u00f3n, cirug\u00edas, fisioterapia y cuidado de enfermer\u00eda en el hogar, lo que a menudo se requiere cuando un paciente quemado se est\u00e1 recuperando.<\/p>\n<p>Algunos pacientes sufren graves cicatrices y discapacidad permanente, mientras que otros sufren poco da\u00f1o externo sin efectos a largo plazo. As\u00ed que la naturaleza de sus lesiones determinar\u00e1 qu\u00e9 otras p\u00e9rdidas sufre. No es raro buscar compensaci\u00f3n por salarios perdidos pasados y futuros, atenci\u00f3n m\u00e9dica continua y da\u00f1os no econ\u00f3micos como dolor y sufrimiento.<\/p>\n<p>En Texas, no hay l\u00edmite de da\u00f1os para las reclamaciones de lesiones personales de esta naturaleza.<\/p>\n<p>En casos de negligencia grave o incluso de malicia, se pueden otorgar da\u00f1os punitivos. Estos da\u00f1os benefician a la v\u00edctima, mientras que penalizan al acusado.<\/p>\n<p><strong>Si soy electrocutado en el trabajo, \u00bfestar\u00e9 cubierto por la compensaci\u00f3n de los trabajadores?<\/strong><\/p>\n<p>Texas no requiere que los empleadores tengan cobertura de seguro de compensaci\u00f3n de trabajadores. Por lo tanto, si su empleador no ofrece estos beneficios, entonces usted no ser\u00e1 elegible para recibir pagos de compensaci\u00f3n de trabajadores despu\u00e9s de una lesi\u00f3n el\u00e9ctrica.<\/p>\n<p>Dicho esto, los empleadores que no retienen la cobertura de compensaci\u00f3n de trabajadores &#8211; llamados no suscriptores &#8211; no tienen protecci\u00f3n bajo la Ley de Compensaci\u00f3n de Trabajadores de Texas. Como tal, puede presentar una demanda de lesiones personales contra el empleador (que normalmente no es una opci\u00f3n en el caso de un empleador que no mantiene los beneficios de compensaci\u00f3n de los trabajadores.)<\/p>\n<p>Si su empleador ofrece compensaci\u00f3n a los trabajadores y es lesionado en el trabajo, generalmente califica para beneficios m\u00e9dicos para el tratamiento de lesiones sufridas en el incidente de electrocuci\u00f3n, junto con beneficios salariales que pagan una parte de su salario mientras usted est\u00e1 fuera de trabajo. En el caso de una muerte, la familia del trabajador puede recibir beneficios.<\/p>\n<p><strong>He sufrido una lesi\u00f3n el\u00e9ctrica fuera del lugar de trabajo. \u00bfPuedes ustedes ayudar?<\/strong><\/p>\n<p>Mientras que la mayor\u00eda de las lesiones por electrocuci\u00f3n y descarga el\u00e9ctrica ocurren en un ambiente de trabajo, una parte de estas lesiones tambi\u00e9n pueden ocurrir en otros lugares, como en una tienda, en un restaurante, en un hotel y m\u00e1s all\u00e1<\/p>\n<p>Si usted sufri\u00f3 una lesi\u00f3n el\u00e9ctrica en un lugar fuera del lugar de trabajo, podr\u00eda tener una reclamaci\u00f3n legal viable. Si una pieza defectuosa de equipo o aparato es la culpable, una reclamaci\u00f3n de responsabilidad del producto puede ser m\u00e1s adecuada. Cada caso es diferente, por lo que recomendamos ponerse en contacto con nuestro bufete de abogados para discutir los detalles de su caso en una consulta confidencial.<\/p>\n<p><strong>\u00bfCu\u00e1nto cuesta contratar a un abogado de lesiones personales?<\/strong><\/p>\n<p>Las demandas por lesiones personales generalmente se manejan sobre una base de contingencia. Con este arreglo, los honorarios legales se deducen generalmente de los fondos recuperados en la conclusi\u00f3n de su caso.<\/p>\n<p>El porcentaje exacto o la cifra en d\u00f3lares var\u00edan de acuerdo con variables tales como la cantidad total recuperada, la complejidad de su demanda legal y si el caso se resolvi\u00f3 fuera del tribunal o en juicio. Cada caso es \u00fanico en alg\u00fan grado, por lo que recomendamos contactar a nuestros abogados de lesiones personales de Texas para discutir su caso.<\/p>\n<p><strong>Nuestros abogados de lesiones personales le ayudar\u00e1n a recuperar la compensaci\u00f3n despu\u00e9s de una lesi\u00f3n el\u00e9ctrica<\/strong><\/p>\n<p><img fetchpriority=\"high\" decoding=\"async\" class=\"alignright\" src=\"https:\/\/brasurelaw.com\/wp-content\/uploads\/2016\/09\/bigstock-Accident-At-Work-120330002.jpg\" alt=\"Electrocution Injury Lawsuits\" width=\"400\" height=\"253\" \/><\/p>\n<p>Los abogados de BrasureLawFirm, PLLC creemos en un enfoque de \u00abclientes primero\u00bb en todo lo que hacemos. Creemos que este compromiso con nuestros clientes es un elemento cr\u00edtico de nuestra f\u00f3rmula para el \u00e9xito. Nos centramos en la calidad sobre la cantidad, limitando nuestro n\u00famero de casos para garantizar que cada caso de cada cliente reciba la atenci\u00f3n necesaria para maximizar las posibilidades de ver un resultado positivo.<\/p>\n<p>Nuestro equipo de elite de abogados de lesiones personales de Texas le ayudar\u00e1 a obtener compensaci\u00f3n por p\u00e9rdidas tales como cuentas m\u00e9dicas, dolor, sufrimiento, salarios perdidos y otros da\u00f1os que son un resultado directo de su accidente el\u00e9ctrico.<\/p>\n<p>Si usted o un ser querido ha sufrido lesiones por electrocuci\u00f3n u otro tipo de lesi\u00f3n el\u00e9ctrica en el trabajo o en otro escenario, le invitamos a ponerse en contacto con nuestro equipo legal para discutir su caso en una sesi\u00f3n de consulta complementaria. Comun\u00edquese con los abogados de BrasureLawFirm, PLLC por tel\u00e9fono al 956-686-3555.<\/p>\n","protected":false},"excerpt":{"rendered":"<p>\u00bfSe ha lesionado en un accidente de electrocuci\u00f3n? Las lesiones por descarga el\u00e9ctrica pueden ser devastadoras, resultando en quemaduras severas, da\u00f1os en los nervios, da\u00f1o en los tejidos, cicatrices, dolor cr\u00f3nico e incapacidad permanente. Y mientras que la mayor\u00eda de la gente piensa en ca\u00eddas y accidentes de construcci\u00f3n cuando&#8230;<\/p>\n","protected":false},"author":9,"featured_media":0,"parent":0,"menu_order":0,"comment_status":"closed","ping_status":"closed","template":"","meta":{"_acf_changed":false,"_monsterinsights_skip_tracking":false,"_monsterinsights_sitenote_active":false,"_monsterinsights_sitenote_note":"","_monsterinsights_sitenote_category":0,"footnotes":""},"class_list":["post-604","page","type-page","status-publish","hentry"],"acf":[],"yoast_head":"<!-- This site is optimized with the Yoast SEO Premium plugin v27.3 (Yoast SEO v27.5) - https:\/\/yoast.com\/product\/yoast-seo-premium-wordpress\/ -->\n<title>Demandas por Lesiones por Electrocuci\u00f3n - Brasure Law Firm, PLLC<\/title>\n<meta name=\"description\" content=\"\u00bfHa sido lesionado en un accidente de electrocuci\u00f3n? Deje que nuestros abogados de lesiones personales luchen por la compensaci\u00f3n que merece.\" \/>\n<meta name=\"robots\" content=\"index, follow, max-snippet:-1, max-image-preview:large, max-video-preview:-1\" \/>\n<link rel=\"canonical\" href=\"https:\/\/brasurelaw.com\/es\/demandas-por-lesiones-por-electrocucion\/\" \/>\n<meta property=\"og:locale\" content=\"es_ES\" \/>\n<meta property=\"og:type\" content=\"article\" \/>\n<meta property=\"og:title\" content=\"Demandas por Lesiones por Electrocuci\u00f3n\" \/>\n<meta property=\"og:description\" content=\"\u00bfHa sido lesionado en un accidente de electrocuci\u00f3n? Deje que nuestros abogados de lesiones personales luchen por la compensaci\u00f3n que merece.\" \/>\n<meta property=\"og:url\" content=\"https:\/\/brasurelaw.com\/es\/demandas-por-lesiones-por-electrocucion\/\" \/>\n<meta property=\"og:site_name\" content=\"Brasure Law Firm, PLLC\" \/>\n<meta property=\"article:publisher\" content=\"https:\/\/www.facebook.com\/Brasure-Law-Firm-PLLC-469275749831635\/\" \/>\n<meta property=\"article:modified_time\" content=\"2019-03-07T02:34:24+00:00\" \/>\n<meta property=\"og:image\" content=\"https:\/\/brasurelaw.com\/wp-content\/uploads\/2016\/09\/bigstock-Accident-At-Work-120330002.jpg\" \/>\n<meta name=\"twitter:card\" content=\"summary_large_image\" \/>\n<meta name=\"twitter:site\" content=\"@brasure\" \/>\n<meta name=\"twitter:label1\" content=\"Tiempo de lectura\" \/>\n\t<meta name=\"twitter:data1\" content=\"6 minutos\" \/>\n<meta name=\"geo.placename\" content=\"Edinburg\" \/>\n<meta name=\"geo.position\" content=\"26.2579534;-98.2013468\" \/>\n<meta name=\"geo.region\" content=\"Estados Unidos (EEUU)\" \/>\n<!-- \/ Yoast SEO Premium plugin. -->","yoast_head_json":{"title":"Demandas por Lesiones por Electrocuci\u00f3n - Brasure Law Firm, PLLC","description":"\u00bfHa sido lesionado en un accidente de electrocuci\u00f3n? Deje que nuestros abogados de lesiones personales luchen por la compensaci\u00f3n que merece.","robots":{"index":"index","follow":"follow","max-snippet":"max-snippet:-1","max-image-preview":"max-image-preview:large","max-video-preview":"max-video-preview:-1"},"canonical":"https:\/\/brasurelaw.com\/es\/demandas-por-lesiones-por-electrocucion\/","og_locale":"es_ES","og_type":"article","og_title":"Demandas por Lesiones por Electrocuci\u00f3n","og_description":"\u00bfHa sido lesionado en un accidente de electrocuci\u00f3n? Deje que nuestros abogados de lesiones personales luchen por la compensaci\u00f3n que merece.","og_url":"https:\/\/brasurelaw.com\/es\/demandas-por-lesiones-por-electrocucion\/","og_site_name":"Brasure Law Firm, PLLC","article_publisher":"https:\/\/www.facebook.com\/Brasure-Law-Firm-PLLC-469275749831635\/","article_modified_time":"2019-03-07T02:34:24+00:00","og_image":[{"url":"https:\/\/brasurelaw.com\/wp-content\/uploads\/2016\/09\/bigstock-Accident-At-Work-120330002.jpg","type":"","width":"","height":""}],"twitter_card":"summary_large_image","twitter_site":"@brasure","twitter_misc":{"Tiempo de lectura":"6 minutos"},"schema":{"@context":"https:\/\/schema.org","@graph":[{"@type":"WebPage","@id":"https:\/\/brasurelaw.com\/es\/demandas-por-lesiones-por-electrocucion\/","url":"https:\/\/brasurelaw.com\/es\/demandas-por-lesiones-por-electrocucion\/","name":"Demandas por Lesiones por Electrocuci\u00f3n - Brasure Law Firm, PLLC","isPartOf":{"@id":"https:\/\/brasurelaw.com\/#website"},"primaryImageOfPage":{"@id":"https:\/\/brasurelaw.com\/es\/demandas-por-lesiones-por-electrocucion\/#primaryimage"},"image":{"@id":"https:\/\/brasurelaw.com\/es\/demandas-por-lesiones-por-electrocucion\/#primaryimage"},"thumbnailUrl":"https:\/\/brasurelaw.com\/wp-content\/uploads\/2016\/09\/bigstock-Accident-At-Work-120330002.jpg","datePublished":"2017-01-02T14:11:50+00:00","dateModified":"2019-03-07T02:34:24+00:00","description":"\u00bfHa sido lesionado en un accidente de electrocuci\u00f3n? Deje que nuestros abogados de lesiones personales luchen por la compensaci\u00f3n que merece.","breadcrumb":{"@id":"https:\/\/brasurelaw.com\/es\/demandas-por-lesiones-por-electrocucion\/#breadcrumb"},"inLanguage":"es","potentialAction":[{"@type":"ReadAction","target":["https:\/\/brasurelaw.com\/es\/demandas-por-lesiones-por-electrocucion\/"]}]},{"@type":"ImageObject","inLanguage":"es","@id":"https:\/\/brasurelaw.com\/es\/demandas-por-lesiones-por-electrocucion\/#primaryimage","url":"https:\/\/brasurelaw.com\/wp-content\/uploads\/2016\/09\/bigstock-Accident-At-Work-120330002.jpg","contentUrl":"https:\/\/brasurelaw.com\/wp-content\/uploads\/2016\/09\/bigstock-Accident-At-Work-120330002.jpg"},{"@type":"BreadcrumbList","@id":"https:\/\/brasurelaw.com\/es\/demandas-por-lesiones-por-electrocucion\/#breadcrumb","itemListElement":[{"@type":"ListItem","position":1,"name":"Home","item":"https:\/\/brasurelaw.com\/"},{"@type":"ListItem","position":2,"name":"Demandas por Lesiones por Electrocuci\u00f3n"}]},{"@type":"WebSite","@id":"https:\/\/brasurelaw.com\/#website","url":"https:\/\/brasurelaw.com\/","name":"Brasure Law Firm, PLLC","description":"More Attention, Better Results","publisher":{"@id":"https:\/\/brasurelaw.com\/#organization"},"potentialAction":[{"@type":"SearchAction","target":{"@type":"EntryPoint","urlTemplate":"https:\/\/brasurelaw.com\/?s={search_term_string}"},"query-input":{"@type":"PropertyValueSpecification","valueRequired":true,"valueName":"search_term_string"}}],"inLanguage":"es"},{"@type":["Organization","Place"],"@id":"https:\/\/brasurelaw.com\/#organization","name":"Brasure Law Firm, PLLC","url":"https:\/\/brasurelaw.com\/","logo":{"@id":"https:\/\/brasurelaw.com\/es\/demandas-por-lesiones-por-electrocucion\/#local-main-organization-logo"},"image":{"@id":"https:\/\/brasurelaw.com\/es\/demandas-por-lesiones-por-electrocucion\/#local-main-organization-logo"},"sameAs":["https:\/\/www.facebook.com\/Brasure-Law-Firm-PLLC-469275749831635\/","https:\/\/x.com\/brasure"],"address":{"@id":"https:\/\/brasurelaw.com\/es\/demandas-por-lesiones-por-electrocucion\/#local-main-place-address"},"geo":{"@type":"GeoCoordinates","latitude":"26.2579534","longitude":"-98.2013468"},"telephone":["(956) 686-3555"],"openingHoursSpecification":{"@type":"OpeningHoursSpecification","dayOfWeek":["Monday","Tuesday","Wednesday","Thursday","Friday","Saturday","Sunday"],"opens":"00:00","closes":"23:59"},"faxNumber":"(888) 880-9309"},{"@type":"PostalAddress","@id":"https:\/\/brasurelaw.com\/es\/demandas-por-lesiones-por-electrocucion\/#local-main-place-address","streetAddress":"135 Paseo Del Prado #32","addressLocality":"Edinburg","postalCode":"78539","addressRegion":"Texas","addressCountry":"US"},{"@type":"ImageObject","inLanguage":"es","@id":"https:\/\/brasurelaw.com\/es\/demandas-por-lesiones-por-electrocucion\/#local-main-organization-logo","url":"https:\/\/brasurelaw.com\/wp-content\/uploads\/2023\/11\/logo-1.png.webp","contentUrl":"https:\/\/brasurelaw.com\/wp-content\/uploads\/2023\/11\/logo-1.png.webp","width":316,"height":83,"caption":"Brasure Law Firm, PLLC"}]},"geo.placename":"Edinburg","geo.position":{"lat":"26.2579534","long":"-98.2013468"},"geo.region":"Estados Unidos (EEUU)"},"_links":{"self":[{"href":"https:\/\/brasurelaw.com\/es\/wp-json\/wp\/v2\/pages\/604","targetHints":{"allow":["GET"]}}],"collection":[{"href":"https:\/\/brasurelaw.com\/es\/wp-json\/wp\/v2\/pages"}],"about":[{"href":"https:\/\/brasurelaw.com\/es\/wp-json\/wp\/v2\/types\/page"}],"author":[{"embeddable":true,"href":"https:\/\/brasurelaw.com\/es\/wp-json\/wp\/v2\/users\/9"}],"replies":[{"embeddable":true,"href":"https:\/\/brasurelaw.com\/es\/wp-json\/wp\/v2\/comments?post=604"}],"version-history":[{"count":0,"href":"https:\/\/brasurelaw.com\/es\/wp-json\/wp\/v2\/pages\/604\/revisions"}],"wp:attachment":[{"href":"https:\/\/brasurelaw.com\/es\/wp-json\/wp\/v2\/media?parent=604"}],"curies":[{"name":"wp","href":"https:\/\/api.w.org\/{rel}","templated":true}]}}