{"id":600,"date":"2017-01-02T14:06:57","date_gmt":"2017-01-02T14:06:57","guid":{"rendered":"https:\/\/brasurelaw.com\/?page_id=600"},"modified":"2019-03-07T02:33:12","modified_gmt":"2019-03-07T02:33:12","slug":"abogado-de-lesionespersonales-en-edinburg","status":"publish","type":"page","link":"https:\/\/brasurelaw.com\/es\/abogado-de-lesionespersonales-en-edinburg\/","title":{"rendered":"Abogado de lesiones personales en Edinburg"},"content":{"rendered":"<p><iframe id=\"player_1\" src=\"https:\/\/www.youtube.com\/embed\/ux0ngO1gTVg?rel=0&amp;controls=0&amp;showinfo=0\" width=\"400\" height=\"225\" frameborder=\"0\" allowfullscreen=\"allowfullscreen\" data-mce-fragment=\"1\"><\/iframe><\/p>\n<p>Un accidente o lesi\u00f3n puede tener un impacto profundo y duradero. Con un giro del destino, podr\u00eda quedarse atascado en el lugar equivocado en el momento equivocado, lo que podr\u00eda ocasionar lesiones graves que pueden dejarlo con una discapacidad permanente, cicatrices, dolor cr\u00f3nico e incapacidad para trabajar. Puede enfrentar facturas m\u00e9dicas exageradas. Podr\u00eda descubrir que no puede cuidarse como miembro de su familia. Algunos accidentes son incluso fatales, dejando a los descendientes de deben recoger las piezas mientras intentan continuar con sus vidas.<\/p>\n<p>Pero no te preocupes, porque hay ayuda disponible. Una demanda por lesiones personales puede verse como un mecanismo efectivo para recuperar la compensaci\u00f3n por gastos m\u00e9dicos, p\u00e9rdida de salarios, gastos de entierro y otros da\u00f1os. Algunos casos que involucran negligencia grave tambi\u00e9n pueden ser elegibles para da\u00f1os punitivos, que est\u00e1n dise\u00f1ados para penalizar al acusado, mientras que al mismo tiempo lo beneficia a usted, el demandante.<\/p>\n<p>Fundada hace una d\u00e9cada, Brasure Law Firm, PLLC y nuestro equipo legal manejan una amplia variedad de diferentes tipos de casos, que incluyen los siguientes:<\/p>\n<ul>\n<li>Accidentes de coche<\/li>\n<li>Accidentes de cami\u00f3n<\/li>\n<li>Accidentes porresbal\u00f3n y ca\u00edda<\/li>\n<li>Lesiones en construcci\u00f3n<\/li>\n<li>Accidentes industriales<\/li>\n<li>Lesiones en campos de petr\u00f3leo<\/li>\n<li>Lesiones en el lugar de trabajo<\/li>\n<li>Y m\u00e1s<\/li>\n<\/ul>\n<p>El objetivo de nuestro bufete de abogados es simple: Desarrollar una estrategia ganadora que permita a nuestro experimentado personal de abogados de lesiones personales recuperar el equilibrio de nuestros clientes que necesitan para mantener una buena calidad de vida. Esto puede incluir la recuperaci\u00f3n de fondos para pagar cuentas m\u00e9dicas, gastos funerarios y funerarios, y para cubrir las p\u00e9rdidas salariales, al tiempo que se compensan los pr\u00e9stamos no econ\u00f3micos como el dolor y el sufrimiento.<\/p>\n<p>Nuestra clientela es muy diversa, incluidas compa\u00f1\u00edas Fortune 500, empresas y corporaciones locales y extranjeras, peque\u00f1as empresas, colegas personales y profesionales.<\/p>\n<p>Creemos en un enfoque de \u00abcantidad \u00f3ptima\u00bb para practicar la ley, por lo que limitamos nuestra carga de casos para garantizar que la reclamaci\u00f3n legal reciba la atenci\u00f3n necesaria para ofrecer un resultado positivo.<\/p>\n<p>Si ha resultado lesionado en un accidente o ha perdido a un ser querido debido a un accidente, comun\u00edquese con los abogados con experiencia de Brasure Law Firm, PLLC para concertar una consulta gratuita, completamente confidencial, para analizar su caso. Ll\u00e1menos hoy al 956-686-3555.<\/p>\n<p><strong>Preocupaciones comunes al presentar una demanda de lesiones personales<\/strong><\/p>\n<p>En Brasure Law Firm, PLLC, creemos que es importante mantener informados y educados a nuestros informantes sobre el proceso legal, siempre que contin\u00fae. Nuestro equipo legal compil\u00f3 una visi\u00f3n general de algunas preguntas y preocupaciones comunes que frecuentemente abordamos con los clientes.<\/p>\n<p><strong>\u00bfTexas tienel\u00edmites de da\u00f1os para lasdemandas de lesiones personales?<\/strong><\/p>\n<p>Texas no impone l\u00edmites de lesiones por lesiones para reclamos por lesiones personales, con la excepci\u00f3n de casos de negligencia m\u00e9dica.<\/p>\n<p>Estas reclamaciones tienen un l\u00edmite de $ 250,000 en da\u00f1os no econ\u00f3micos para el demandado en caso de lesi\u00f3n. En las muertes, el l\u00edmite de negligencia m\u00e9dica es m\u00e1s de $ 1.9 millones de d\u00f3lares (y la cifra se ajusta peri\u00f3dicamente para adaptarse a la inflaci\u00f3n).<\/p>\n<p><strong>\u00bfTexas permiteda\u00f1ospunitivos?<\/strong><\/p>\n<p>Muchos estados no permiten castigos no deseados, que se emiten como una forma de castigar a una persona que ha exhibido malicia o negligencia extrema.<\/p>\n<p>Afortunadamente, Texas permite sanciones compensatorias en casos de lesiones personales.<\/p>\n<p><strong>\u00bfQu\u00e9 son lasreglas de culpa compartida?<\/strong><\/p>\n<p><img fetchpriority=\"high\" decoding=\"async\" class=\"alignleft wp-image-91\" src=\"https:\/\/brasurelaw.com\/wp-content\/uploads\/2016\/09\/bigstock-Personal-Injury-Concept-101449730.jpg\" alt=\"Personal Injury Lawyer\" width=\"400\" height=\"267\" \/><\/p>\n<p>Texas usa un sistema de negligencia comparativa modificado para determinar el grado de falla que cada parte tiene en un accidente. Pero la determinaci\u00f3n de culpabilidad tambi\u00e9n es importante en t\u00e9rminos de la culpa del jurado o incluso en un acuerdo. Aqu\u00ed est\u00e1 el por qu\u00e9.<\/p>\n<p>Despu\u00e9s de un accidente, se eval\u00faan las funciones de las partes involucradas y se realiza una determinaci\u00f3n de la culpa, con un porcentaje de la culpa que var\u00eda entre 0% y 100%.<\/p>\n<p>Este porcentaje de culpa es clave porque la cifra se usar\u00e1 para ajustar la cantidad de compensaci\u00f3n que se recauda en la cancha. Por ejemplo, si est\u00e1 involucrado en un accidente automovil\u00edstico y descubre que tiene un 10% de culpa, entonces la compensaci\u00f3n habitual se reducir\u00e1 en un 10%. Entonces, en lugar de recibir $ 100,000, recibir\u00e1s solo $ 90,000.<\/p>\n<p>En los casos en que alguien est\u00e1 cargado con m\u00e1s del 50% de la culpa, generalmente no es posible buscar una compensaci\u00f3n de la otra parte ya que una determinaci\u00f3n de culpa del 51% o superior dar\u00eda lugar a la mayor\u00eda de la culpa.<\/p>\n<p>Aunque este sistema de culpabilidad no se aplica t\u00e9cnicamente a los acuerdos, no es raro ajustar un acuerdo extrajudicial teniendo en cuenta el porcentaje de la culpa del demandante. De lo contrario, la defensa puede ser entregada a la corte, y se les puede ordenar pagar una tarifa m\u00e1s baja.<\/p>\n<p><strong>\u00bfCu\u00e1ntotiempotengo para presentar una demanda de lesiones personales en Texas?<\/strong><\/p>\n<p>En Texas, como en el resto de los estados, existe un estatuto de acuerdo con lo que establece un l\u00edmite en el tiempo que tiene para presentar un reclamo legal.<\/p>\n<p>Con los reclamos por lesiones personales en Texas, el plazo es de dos a\u00f1os desde la fecha de la lesi\u00f3n. Una excepci\u00f3n se aplica a los reclamos de lesiones personales contra el gobierno de Texas. Tienen un estatuto de limitaci\u00f3n de seis meses (con el marco de tiempo que comienza en la fecha de la lesi\u00f3n).<\/p>\n<p>En el caso de una demanda por pena de muerte en Texas, el l\u00edmite de tiempo es de dos a\u00f1os a partir de la fecha de la muerte del incidente (aunque hay un peque\u00f1o n\u00famero de excepciones que pueden ampliar este per\u00edodo de tiempo).<\/p>\n<p><strong> \u00bfCu\u00e1nto cuesta contratar a un abogado de lesiones personales? <\/strong><\/p>\n<p>El costo de contratar a un abogado de lesiones personales variar\u00e1 de acuerdo con factores tales como la naturaleza del caso, su complejidad y c\u00f3mo se resuelve el caso (por ejemplo, a trav\u00e9s de un acuerdo extrajudicial, a trav\u00e9s del veredicto de un jurado, etc.).<\/p>\n<p>En general, nuestra oficina de abogados acepta casos de lesiones personales y reclamaciones de muerte por negligencia sobre una base de contingencia. Con este tipo de acuerdo, los honorarios legales se cobran al final del caso. Es habitual acordar el pago al bufete de abogados de un porcentaje de la suma recuperada. En otros casos, se puede ordenar a la parte contraria que deje los honorarios legales, en cuyo caso el demandado pagar\u00e1 las tarifas laborales adem\u00e1s de la compensaci\u00f3n de los difuntos.<\/p>\n<p>Como resultado de este tipo de acuerdo, la cantidad exacta de dinero var\u00eda entre los casos. Si tiene inquietudes sobre el cumplimiento de la ley legal, lo invitamos a comunicarse con nosotros para analizar su caso en una sesi\u00f3n de consulta inicial gratuita.<\/p>\n<p><strong>Conf\u00ede en nuestro equipo de \u00e9lite de abogados de lesiones personales en Texas para manejarsucaso<\/strong><\/p>\n<p><img decoding=\"async\" class=\"alignright\" src=\"https:\/\/brasurelaw.com\/wp-content\/uploads\/2016\/09\/bigstock-Young-Asian-Man-On-Crutches-Wi-69522961.jpg\" alt=\"Personal Injury Lawyer\" width=\"400\" height=\"253\" \/><\/p>\n<p>En Brasure Law Firm, PLLC, ponemos el \u00e9nfasis en usted, nuestro cliente. Somos selectivos en cuanto a la cantidad que aceptamos para que podamos garantizar que nuestros clientes reciban la atenci\u00f3n que merecen mientras trabajan para lograr un resultado positivo. Este enfoque es lo que inspira su lema: \u00abClientes menores. M\u00e1s atenci\u00f3n, mejores resultados\u00bb.<\/p>\n<p>Brasure Law Firm, PLLC, mantiene dos bufetes de abogados en Texas. Nuestra oficina en Texas est\u00e1 ubicada en Edinburg, Texas, mientras que nuestra oficina en el sur de Texas est\u00e1 ubicada en Grapevine, Texas.<\/p>\n<p>Le recomendamos que nos env\u00ede a discutir su pa\u00eds en una sesi\u00f3n de consulta confidencial sin costo. Sin embargo, es importante pasar a la acci\u00f3n lo m\u00e1s pronto posible, porque la ley limita la cantidad de tiempo que tiene para presentar un reclamo y recuperar la compensaci\u00f3n que merece. Adem\u00e1s, cuanto antes empiece a trabajar con sus abogados, mejor tendr\u00e1 que ver algunos resultados positivos.<\/p>\n<p>P\u00f3ngase en contacto con los abogados de Brasure Law Firm, PLLC hoy llamando al 956-686-3555.<\/p>\n","protected":false},"excerpt":{"rendered":"<p>Un accidente o lesi\u00f3n puede tener un impacto profundo y duradero. Con un giro del destino, podr\u00eda quedarse atascado en el lugar equivocado en el momento equivocado, lo que podr\u00eda ocasionar lesiones graves que pueden dejarlo con una discapacidad permanente, cicatrices, dolor cr\u00f3nico e incapacidad para trabajar. Puede enfrentar facturas&#8230;<\/p>\n","protected":false},"author":9,"featured_media":0,"parent":0,"menu_order":0,"comment_status":"closed","ping_status":"closed","template":"","meta":{"_acf_changed":false,"_monsterinsights_skip_tracking":false,"_monsterinsights_sitenote_active":false,"_monsterinsights_sitenote_note":"","_monsterinsights_sitenote_category":0,"footnotes":""},"class_list":["post-600","page","type-page","status-publish","hentry"],"acf":[],"yoast_head":"<!-- This site is optimized with the Yoast SEO Premium plugin v27.3 (Yoast SEO v27.5) - https:\/\/yoast.com\/product\/yoast-seo-premium-wordpress\/ -->\n<title>Abogado de lesiones personales en Edinburg - Brasure Law Firm, PLLC<\/title>\n<meta name=\"description\" content=\"\u00bfHas sido herido? Deje que nuestros abogados de lesiones personales de Edinburg luchen por la compensaci\u00f3n que merece.\" \/>\n<meta name=\"robots\" content=\"index, follow, max-snippet:-1, max-image-preview:large, max-video-preview:-1\" \/>\n<link rel=\"canonical\" href=\"https:\/\/brasurelaw.com\/es\/abogado-de-lesionespersonales-en-edinburg\/\" \/>\n<meta property=\"og:locale\" content=\"es_ES\" \/>\n<meta property=\"og:type\" content=\"article\" \/>\n<meta property=\"og:title\" content=\"Abogado de lesiones personales en Edinburg\" \/>\n<meta property=\"og:description\" content=\"\u00bfHas sido herido? Deje que nuestros abogados de lesiones personales de Edinburg luchen por la compensaci\u00f3n que merece.\" \/>\n<meta property=\"og:url\" content=\"https:\/\/brasurelaw.com\/es\/abogado-de-lesionespersonales-en-edinburg\/\" \/>\n<meta property=\"og:site_name\" content=\"Brasure Law Firm, PLLC\" \/>\n<meta property=\"article:publisher\" content=\"https:\/\/www.facebook.com\/Brasure-Law-Firm-PLLC-469275749831635\/\" \/>\n<meta property=\"article:modified_time\" content=\"2019-03-07T02:33:12+00:00\" \/>\n<meta property=\"og:image\" content=\"https:\/\/brasurelaw.com\/wp-content\/uploads\/2016\/09\/bigstock-Personal-Injury-Concept-101449730.jpg\" \/>\n<meta name=\"twitter:card\" content=\"summary_large_image\" \/>\n<meta name=\"twitter:site\" content=\"@brasure\" \/>\n<meta name=\"twitter:label1\" content=\"Tiempo de lectura\" \/>\n\t<meta name=\"twitter:data1\" content=\"7 minutos\" \/>\n<meta name=\"geo.placename\" content=\"Edinburg\" \/>\n<meta name=\"geo.position\" content=\"26.2579534;-98.2013468\" \/>\n<meta name=\"geo.region\" content=\"Estados Unidos (EEUU)\" \/>\n<!-- \/ Yoast SEO Premium plugin. -->","yoast_head_json":{"title":"Abogado de lesiones personales en Edinburg - Brasure Law Firm, PLLC","description":"\u00bfHas sido herido? Deje que nuestros abogados de lesiones personales de Edinburg luchen por la compensaci\u00f3n que merece.","robots":{"index":"index","follow":"follow","max-snippet":"max-snippet:-1","max-image-preview":"max-image-preview:large","max-video-preview":"max-video-preview:-1"},"canonical":"https:\/\/brasurelaw.com\/es\/abogado-de-lesionespersonales-en-edinburg\/","og_locale":"es_ES","og_type":"article","og_title":"Abogado de lesiones personales en Edinburg","og_description":"\u00bfHas sido herido? Deje que nuestros abogados de lesiones personales de Edinburg luchen por la compensaci\u00f3n que merece.","og_url":"https:\/\/brasurelaw.com\/es\/abogado-de-lesionespersonales-en-edinburg\/","og_site_name":"Brasure Law Firm, PLLC","article_publisher":"https:\/\/www.facebook.com\/Brasure-Law-Firm-PLLC-469275749831635\/","article_modified_time":"2019-03-07T02:33:12+00:00","og_image":[{"url":"https:\/\/brasurelaw.com\/wp-content\/uploads\/2016\/09\/bigstock-Personal-Injury-Concept-101449730.jpg","type":"","width":"","height":""}],"twitter_card":"summary_large_image","twitter_site":"@brasure","twitter_misc":{"Tiempo de lectura":"7 minutos"},"schema":{"@context":"https:\/\/schema.org","@graph":[{"@type":"WebPage","@id":"https:\/\/brasurelaw.com\/es\/abogado-de-lesionespersonales-en-edinburg\/","url":"https:\/\/brasurelaw.com\/es\/abogado-de-lesionespersonales-en-edinburg\/","name":"Abogado de lesiones personales en Edinburg - Brasure Law Firm, PLLC","isPartOf":{"@id":"https:\/\/brasurelaw.com\/#website"},"primaryImageOfPage":{"@id":"https:\/\/brasurelaw.com\/es\/abogado-de-lesionespersonales-en-edinburg\/#primaryimage"},"image":{"@id":"https:\/\/brasurelaw.com\/es\/abogado-de-lesionespersonales-en-edinburg\/#primaryimage"},"thumbnailUrl":"https:\/\/brasurelaw.com\/wp-content\/uploads\/2016\/09\/bigstock-Personal-Injury-Concept-101449730.jpg","datePublished":"2017-01-02T14:06:57+00:00","dateModified":"2019-03-07T02:33:12+00:00","description":"\u00bfHas sido herido? Deje que nuestros abogados de lesiones personales de Edinburg luchen por la compensaci\u00f3n que merece.","breadcrumb":{"@id":"https:\/\/brasurelaw.com\/es\/abogado-de-lesionespersonales-en-edinburg\/#breadcrumb"},"inLanguage":"es","potentialAction":[{"@type":"ReadAction","target":["https:\/\/brasurelaw.com\/es\/abogado-de-lesionespersonales-en-edinburg\/"]}]},{"@type":"ImageObject","inLanguage":"es","@id":"https:\/\/brasurelaw.com\/es\/abogado-de-lesionespersonales-en-edinburg\/#primaryimage","url":"https:\/\/brasurelaw.com\/wp-content\/uploads\/2016\/09\/bigstock-Personal-Injury-Concept-101449730.jpg","contentUrl":"https:\/\/brasurelaw.com\/wp-content\/uploads\/2016\/09\/bigstock-Personal-Injury-Concept-101449730.jpg"},{"@type":"BreadcrumbList","@id":"https:\/\/brasurelaw.com\/es\/abogado-de-lesionespersonales-en-edinburg\/#breadcrumb","itemListElement":[{"@type":"ListItem","position":1,"name":"Home","item":"https:\/\/brasurelaw.com\/"},{"@type":"ListItem","position":2,"name":"Abogado de lesiones personales en Edinburg"}]},{"@type":"WebSite","@id":"https:\/\/brasurelaw.com\/#website","url":"https:\/\/brasurelaw.com\/","name":"Brasure Law Firm, PLLC","description":"More Attention, Better Results","publisher":{"@id":"https:\/\/brasurelaw.com\/#organization"},"potentialAction":[{"@type":"SearchAction","target":{"@type":"EntryPoint","urlTemplate":"https:\/\/brasurelaw.com\/?s={search_term_string}"},"query-input":{"@type":"PropertyValueSpecification","valueRequired":true,"valueName":"search_term_string"}}],"inLanguage":"es"},{"@type":["Organization","Place"],"@id":"https:\/\/brasurelaw.com\/#organization","name":"Brasure Law Firm, PLLC","url":"https:\/\/brasurelaw.com\/","logo":{"@id":"https:\/\/brasurelaw.com\/es\/abogado-de-lesionespersonales-en-edinburg\/#local-main-organization-logo"},"image":{"@id":"https:\/\/brasurelaw.com\/es\/abogado-de-lesionespersonales-en-edinburg\/#local-main-organization-logo"},"sameAs":["https:\/\/www.facebook.com\/Brasure-Law-Firm-PLLC-469275749831635\/","https:\/\/x.com\/brasure"],"address":{"@id":"https:\/\/brasurelaw.com\/es\/abogado-de-lesionespersonales-en-edinburg\/#local-main-place-address"},"geo":{"@type":"GeoCoordinates","latitude":"26.2579534","longitude":"-98.2013468"},"telephone":["(956) 686-3555"],"openingHoursSpecification":{"@type":"OpeningHoursSpecification","dayOfWeek":["Monday","Tuesday","Wednesday","Thursday","Friday","Saturday","Sunday"],"opens":"00:00","closes":"23:59"},"faxNumber":"(888) 880-9309"},{"@type":"PostalAddress","@id":"https:\/\/brasurelaw.com\/es\/abogado-de-lesionespersonales-en-edinburg\/#local-main-place-address","streetAddress":"135 Paseo Del Prado #32","addressLocality":"Edinburg","postalCode":"78539","addressRegion":"Texas","addressCountry":"US"},{"@type":"ImageObject","inLanguage":"es","@id":"https:\/\/brasurelaw.com\/es\/abogado-de-lesionespersonales-en-edinburg\/#local-main-organization-logo","url":"https:\/\/brasurelaw.com\/wp-content\/uploads\/2023\/11\/logo-1.png.webp","contentUrl":"https:\/\/brasurelaw.com\/wp-content\/uploads\/2023\/11\/logo-1.png.webp","width":316,"height":83,"caption":"Brasure Law Firm, PLLC"}]},"geo.placename":"Edinburg","geo.position":{"lat":"26.2579534","long":"-98.2013468"},"geo.region":"Estados Unidos (EEUU)"},"_links":{"self":[{"href":"https:\/\/brasurelaw.com\/es\/wp-json\/wp\/v2\/pages\/600","targetHints":{"allow":["GET"]}}],"collection":[{"href":"https:\/\/brasurelaw.com\/es\/wp-json\/wp\/v2\/pages"}],"about":[{"href":"https:\/\/brasurelaw.com\/es\/wp-json\/wp\/v2\/types\/page"}],"author":[{"embeddable":true,"href":"https:\/\/brasurelaw.com\/es\/wp-json\/wp\/v2\/users\/9"}],"replies":[{"embeddable":true,"href":"https:\/\/brasurelaw.com\/es\/wp-json\/wp\/v2\/comments?post=600"}],"version-history":[{"count":0,"href":"https:\/\/brasurelaw.com\/es\/wp-json\/wp\/v2\/pages\/600\/revisions"}],"wp:attachment":[{"href":"https:\/\/brasurelaw.com\/es\/wp-json\/wp\/v2\/media?parent=600"}],"curies":[{"name":"wp","href":"https:\/\/api.w.org\/{rel}","templated":true}]}}