{"id":598,"date":"2017-01-02T14:00:00","date_gmt":"2017-01-02T14:00:00","guid":{"rendered":"https:\/\/brasurelaw.com\/?page_id=598"},"modified":"2019-03-07T02:39:05","modified_gmt":"2019-03-07T02:39:05","slug":"abogado-de-accidentes-automovilisticos-de-edinburg","status":"publish","type":"page","link":"https:\/\/brasurelaw.com\/es\/abogado-de-accidentes-automovilisticos-de-edinburg\/","title":{"rendered":"Abogado de Accidentes Automovil\u00edsticos de Edinburg"},"content":{"rendered":"<p><iframe id=\"player_1\" src=\"https:\/\/www.youtube.com\/embed\/XVoP1VbFmr0?rel=0&amp;controls=0&amp;showinfo=0\" width=\"400\" height=\"225\" frameborder=\"0\" allowfullscreen=\"allowfullscreen\" data-mce-fragment=\"1\"><\/iframe><\/p>\n<p>La vida puede cambiar en un instante y algunos escenarios demuestran esto con tanta eficacia como un accidente de coche. En un momento usted est\u00e1 conduciendo al trabajo, a la escuela, a la tienda o a casa al final de un largo d\u00eda. En el momento siguiente, usted est\u00e1 siendo sacudido por un impacto y ha perdido el control de su veh\u00edculo. Ahora, est\u00e1 lesionado. Su coche est\u00e1 destruido. Puede que incluso haya perdido a un ser querido en el accidente. Su vida ha cambiado profundamente en un solo instante.<\/p>\n<p>Un accidente de coche puede tener efectos a largo plazo que tocan cada \u00e1rea de su vida, de su salud y de sus capacidades f\u00edsicas, de sus finanzas, su carrera, e incluso su familia y las relaciones. Recuperarse de un accidente automovil\u00edstico grave puede ser una de las cosas m\u00e1s dif\u00edciles que jam\u00e1s experimentar\u00e1, pero existe ayuda.<\/p>\n<p>En BrasureLawFirm, PLLC, nuestros abogados de accidentes automovil\u00edsticos en Texas proporcionan asistencia a las v\u00edctimas de accidentes de autom\u00f3vil que est\u00e1n tratando de obtener una compensaci\u00f3n por sus p\u00e9rdidas, tales como da\u00f1os a la propiedad, gastos m\u00e9dicos, salarios perdidos, dolor y sufrimiento y m\u00e1s.<\/p>\n<p>En BrasureLawFirm, PLLC, tomamos un enfoque bastante singular a la ley de lesiones personales, ya que nos centramos en usted, nuestro cliente y sus necesidades de principio a fin. Como firma boutique, creemos en mantener a nuestros clientes involucrados en todo el proceso, con el tipo de enfoque de \u00abcalidad sobre la cantidad\u00bb de enfoque. De hecho, limitamos nuestra carga de trabajo para asegurar que nuestros clientes reciban la atenci\u00f3n que necesitan para sentirse c\u00f3modos durante todo el proceso legal y, en \u00faltima instancia, prevalecer en los tribunales.<\/p>\n<p>Si usted ha sido lesionado en un accidente de tr\u00e1fico, los abogados de BrasureLawFirm, est\u00e1n aqu\u00ed para ayudar al proporcionar una primera consulta gratuita y confidencial. Llame al 956-686-3555.<\/p>\n<p><strong>Preguntas comunes y preocupaciones despu\u00e9s de un accidente de tr\u00e1fico con lesiones<\/strong><\/p>\n<p>Un accidente de coche puede ser devastador en varios niveles: f\u00edsico, emocional y financiero. Nuestro equipo legal est\u00e1 presentando de forma rutinaria preguntas y abordando las preocupaciones, ya que creemos que es importante mantener informados a nuestros clientes. El siguiente es un resumen de algunos de los problemas m\u00e1s comunes que se discuten con los clientes actuales y potenciales.<\/p>\n<p><strong>\u00bfCu\u00e1les son las reglas de culpa compartida en Texas?<\/strong><\/p>\n<p><img fetchpriority=\"high\" decoding=\"async\" class=\"alignleft wp-image-91\" src=\"https:\/\/brasurelaw.com\/wp-content\/uploads\/2016\/09\/bigstock-Car-Accident-10579952.jpg\" alt=\"Car Accidents Lawyer\" width=\"400\" height=\"267\" \/><\/p>\n<p>En Texas, existe lo que se conoce como regla de culpa compartida que puede afectar a las demandas por lesiones personales, incluyendo demandas de accidente de coche.<\/p>\n<p>En Texas, la culpa del accidente de tr\u00e1fico se determina mediante porcentajes. As\u00ed que un conductor puede tener un 20% de la culpa, y la otra parte puede tener del 80% de la culpa. Como tal, el conductor que posee el 20% de la culpa de la colisi\u00f3n puede presentar una demanda por lesiones personales, pero cualquier fallo de compensaci\u00f3n normalmente se reducir\u00eda en un 20% para tener en cuenta su porcentaje de culpa en la colisi\u00f3n.<\/p>\n<p>As\u00ed que si ha sido considerado con el 20% de la culpa por el accidente y se va a adjudicar una suma de $ 100.000, esto se reduce a $ 80,000 (una reducci\u00f3n del 20%) para dar cuenta de su papel en la colisi\u00f3n.<\/p>\n<p>El mismo sistema se utiliza generalmente para los acuerdos extrajudiciales, ya que ambas partes saben que si el caso llegara a salir a la corte, la suma ser\u00eda ajustadaal tener en cuenta el grado de culpabilidad del demandante.<\/p>\n<p><strong>\u00bfQu\u00e9 tipo de compensaci\u00f3n puedo obtener de un accidente de tr\u00e1fico?<\/strong><\/p>\n<p>Las v\u00edctimas de accidentes de autom\u00f3viles pueden optar por presentar una demanda por lesiones personales si han sufrido alguna p\u00e9rdida que puedaestar directamente relacionada con el accidente y las lesiones producidas por esa colisi\u00f3n.<\/p>\n<p>Se otorgar\u00e1 una indemnizaci\u00f3n por las p\u00e9rdidas econ\u00f3micas y p\u00e9rdidas no econ\u00f3micas, como el dolor y el sufrimiento.<\/p>\n<p>Algunas de las formas m\u00e1s comunes de compensaci\u00f3n incluyen:<\/p>\n<ul>\n<li>Fondos para gastos m\u00e9dicos pasados, presentes y futuros;<\/li>\n<\/ul>\n<ul>\n<li>Fondos para gastos m\u00e9dicos pasados, presentes y futuros;<\/li>\n<li>dinero para cubrir los costos de la atenci\u00f3n a domicilio, terapia f\u00edsica y similares;<\/li>\n<li>fondos para reparar o reemplazar propiedad personal que se haya perdido o da\u00f1ado en el accidente;<\/li>\n<li>compensaci\u00f3n por su dolor y sufrimiento;<\/li>\n<li>compensaci\u00f3n por la p\u00e9rdida de un ser querido y \/ o p\u00e9rdida de una relaci\u00f3n (llamada p\u00e9rdida de consorcio); y<\/li>\n<li>salarios perdidos y \/ o salarios que la v\u00edctima habr\u00eda obtenido en el futuro si no hubiera sido lesionada.<\/li>\n<\/ul>\n<p>Texas s\u00ed permite compensaciones por da\u00f1os punitivos en demandas por lesiones personales presentadas en relaci\u00f3n con un accidente de coche. Los da\u00f1os punitivos no est\u00e1n destinados a compensar a la v\u00edctima de una p\u00e9rdida; En su lugar, estos da\u00f1os se otorgan a penalizar a la parte demandada. Los da\u00f1os punitivos se conceden generalmente en los casos de negligencia grave (como conducir bajo la influencia o carreras) o un caso relacionado con malicia (como la rabia del camino).<\/p>\n<p><strong>\u00bfTexas tiene l\u00edmites de da\u00f1os de lesiones personales?<\/strong><\/p>\n<p>En muchos estados, hay un l\u00edmite de cu\u00e1nto puede ser concedido por da\u00f1os de lesiones personales.<\/p>\n<p>Afortunadamente para las v\u00edctimas de accidentes de coche, no hay un l\u00edmite en los da\u00f1os por lesiones personales en este tipo de casos en Texas. Las \u00fanicas limitaciones de da\u00f1o de lesiones personales se aplican a las lesiones derivadas de un incidente de negligencia m\u00e9dica.<\/p>\n<p><strong>\u00bfCu\u00e1nto tiempo tengo que presentar una demanda por lesiones personales en Texas?<\/strong><\/p>\n<p>En Texas, el plazo para presentar una demanda por lesiones personales es de dos a\u00f1os a partir de la fecha del accidente y lesi\u00f3n.<\/p>\n<p>En los casos en que usted est\u00e1 presentando una demanda de lesiones personales contra el Estado de Texas (por ejemplo, si usted sent\u00eda que una carretera estatal mal-mantenida era una causa directa de su accidente y lesiones subsecuentes), usted tiene un marco de tiempo de seis meses Desde la fecha del accidente para presentar una reclamaci\u00f3n.<\/p>\n<p>Si no presenta su caso dentro del plazo especificado en la ley de limitaciones de Texas, entonces es probable que el juez se niegue a escuchar el caso.<\/p>\n<p><strong>Recuperar Da\u00f1os por Lesiones de Accidentes de Auto con Ayuda de Nuestros Abogados de Lesiones Personales <\/strong><\/p>\n<p><img decoding=\"async\" class=\"alignright\" src=\"https:\/\/brasurelaw.com\/wp-content\/uploads\/2016\/09\/bigstock-Car-Accident-2838103.jpg\" alt=\"Car Accidents Lawyer\" width=\"400\" height=\"253\" \/><\/p>\n<p>Las v\u00edctimas del accidente de autom\u00f3vil de Texas conf\u00edan en el equipo de BrasureLawFirm, PLLC para ayudar a recuperar la compensaci\u00f3n que se merecen a trav\u00e9s de una demanda de lesiones personales.<\/p>\n<p>En BrasureLawFirm, PLLC, creemos en un enfoque de \u00abcalidad sobre cantidad\u00bb para practicar el derecho. Como tal, limitamos el n\u00famero de casos que aceptamos para que nuestro equipo legal pueda proporcionar a los casos de nuestros clientes la atenci\u00f3n individualizada que necesitan para lograr resultados excepcionales.<\/p>\n<p>Recuperarse de una lesi\u00f3n de un accidente de coche puede ser un proceso largo, doloroso y lento, pero nuestros abogados de lesiones personales est\u00e1n aqu\u00ed para ayudar en cada paso mientras trabajamos para recuperar la compensaci\u00f3n que usted necesita para pagar sus facturas m\u00e9dicas y otros gastos derivados de su accidente de coche.<\/p>\n<p>Pero usted debe tomar medidas pronto porque la ley pone un l\u00edmite en cuanto a tiempo. De hecho, cuanto antes contacte a nuestros abogados de lesiones personales, mejores ser\u00e1n sus posibilidades de ver un resultado positivo en su caso.<\/p>\n<p>As\u00ed que si usted ha sido herido en un accidente de coche, p\u00f3ngase en contacto con los abogados de Lesiones Personales de Texas de BrasureLawFirm, PLLC para organizar una sesi\u00f3n de consulta de caso gratuita y totalmente confidencial. Llame a 956-686-355<\/p>\n","protected":false},"excerpt":{"rendered":"<p>La vida puede cambiar en un instante y algunos escenarios demuestran esto con tanta eficacia como un accidente de coche. En un momento usted est\u00e1 conduciendo al trabajo, a la escuela, a la tienda o a casa al final de un largo d\u00eda. En el momento siguiente, usted est\u00e1 siendo&#8230;<\/p>\n","protected":false},"author":9,"featured_media":0,"parent":0,"menu_order":0,"comment_status":"closed","ping_status":"closed","template":"","meta":{"_acf_changed":false,"_monsterinsights_skip_tracking":false,"_monsterinsights_sitenote_active":false,"_monsterinsights_sitenote_note":"","_monsterinsights_sitenote_category":0,"footnotes":""},"class_list":["post-598","page","type-page","status-publish","hentry"],"acf":[],"yoast_head":"<!-- This site is optimized with the Yoast SEO Premium plugin v27.3 (Yoast SEO v27.5) - https:\/\/yoast.com\/product\/yoast-seo-premium-wordpress\/ -->\n<title>Abogado de Accidentes Automovil\u00edsticos de Edinburg - Brasure Law Firm, PLLC<\/title>\n<meta name=\"description\" content=\"\u00bfHas sido herido en un accidente de coche? Deje que nuestros abogados de lesiones personales luchen por la compensaci\u00f3n que merece.\" \/>\n<meta name=\"robots\" content=\"index, follow, max-snippet:-1, max-image-preview:large, max-video-preview:-1\" \/>\n<link rel=\"canonical\" href=\"https:\/\/brasurelaw.com\/es\/abogado-de-accidentes-automovilisticos-de-edinburg\/\" \/>\n<meta property=\"og:locale\" content=\"es_ES\" \/>\n<meta property=\"og:type\" content=\"article\" \/>\n<meta property=\"og:title\" content=\"Abogado de Accidentes Automovil\u00edsticos de Edinburg\" \/>\n<meta property=\"og:description\" content=\"\u00bfHas sido herido en un accidente de coche? Deje que nuestros abogados de lesiones personales luchen por la compensaci\u00f3n que merece.\" \/>\n<meta property=\"og:url\" content=\"https:\/\/brasurelaw.com\/es\/abogado-de-accidentes-automovilisticos-de-edinburg\/\" \/>\n<meta property=\"og:site_name\" content=\"Brasure Law Firm, PLLC\" \/>\n<meta property=\"article:publisher\" content=\"https:\/\/www.facebook.com\/Brasure-Law-Firm-PLLC-469275749831635\/\" \/>\n<meta property=\"article:modified_time\" content=\"2019-03-07T02:39:05+00:00\" \/>\n<meta property=\"og:image\" content=\"https:\/\/brasurelaw.com\/wp-content\/uploads\/2016\/09\/bigstock-Car-Accident-10579952.jpg\" \/>\n<meta name=\"twitter:card\" content=\"summary_large_image\" \/>\n<meta name=\"twitter:site\" content=\"@brasure\" \/>\n<meta name=\"twitter:label1\" content=\"Tiempo de lectura\" \/>\n\t<meta name=\"twitter:data1\" content=\"7 minutos\" \/>\n<meta name=\"geo.placename\" content=\"Edinburg\" \/>\n<meta name=\"geo.position\" content=\"26.2579534;-98.2013468\" \/>\n<meta name=\"geo.region\" content=\"Estados Unidos (EEUU)\" \/>\n<!-- \/ Yoast SEO Premium plugin. -->","yoast_head_json":{"title":"Abogado de Accidentes Automovil\u00edsticos de Edinburg - Brasure Law Firm, PLLC","description":"\u00bfHas sido herido en un accidente de coche? Deje que nuestros abogados de lesiones personales luchen por la compensaci\u00f3n que merece.","robots":{"index":"index","follow":"follow","max-snippet":"max-snippet:-1","max-image-preview":"max-image-preview:large","max-video-preview":"max-video-preview:-1"},"canonical":"https:\/\/brasurelaw.com\/es\/abogado-de-accidentes-automovilisticos-de-edinburg\/","og_locale":"es_ES","og_type":"article","og_title":"Abogado de Accidentes Automovil\u00edsticos de Edinburg","og_description":"\u00bfHas sido herido en un accidente de coche? Deje que nuestros abogados de lesiones personales luchen por la compensaci\u00f3n que merece.","og_url":"https:\/\/brasurelaw.com\/es\/abogado-de-accidentes-automovilisticos-de-edinburg\/","og_site_name":"Brasure Law Firm, PLLC","article_publisher":"https:\/\/www.facebook.com\/Brasure-Law-Firm-PLLC-469275749831635\/","article_modified_time":"2019-03-07T02:39:05+00:00","og_image":[{"url":"https:\/\/brasurelaw.com\/wp-content\/uploads\/2016\/09\/bigstock-Car-Accident-10579952.jpg","type":"","width":"","height":""}],"twitter_card":"summary_large_image","twitter_site":"@brasure","twitter_misc":{"Tiempo de lectura":"7 minutos"},"schema":{"@context":"https:\/\/schema.org","@graph":[{"@type":"WebPage","@id":"https:\/\/brasurelaw.com\/es\/abogado-de-accidentes-automovilisticos-de-edinburg\/","url":"https:\/\/brasurelaw.com\/es\/abogado-de-accidentes-automovilisticos-de-edinburg\/","name":"Abogado de Accidentes Automovil\u00edsticos de Edinburg - Brasure Law Firm, PLLC","isPartOf":{"@id":"https:\/\/brasurelaw.com\/#website"},"primaryImageOfPage":{"@id":"https:\/\/brasurelaw.com\/es\/abogado-de-accidentes-automovilisticos-de-edinburg\/#primaryimage"},"image":{"@id":"https:\/\/brasurelaw.com\/es\/abogado-de-accidentes-automovilisticos-de-edinburg\/#primaryimage"},"thumbnailUrl":"https:\/\/brasurelaw.com\/wp-content\/uploads\/2016\/09\/bigstock-Car-Accident-10579952.jpg","datePublished":"2017-01-02T14:00:00+00:00","dateModified":"2019-03-07T02:39:05+00:00","description":"\u00bfHas sido herido en un accidente de coche? Deje que nuestros abogados de lesiones personales luchen por la compensaci\u00f3n que merece.","breadcrumb":{"@id":"https:\/\/brasurelaw.com\/es\/abogado-de-accidentes-automovilisticos-de-edinburg\/#breadcrumb"},"inLanguage":"es","potentialAction":[{"@type":"ReadAction","target":["https:\/\/brasurelaw.com\/es\/abogado-de-accidentes-automovilisticos-de-edinburg\/"]}]},{"@type":"ImageObject","inLanguage":"es","@id":"https:\/\/brasurelaw.com\/es\/abogado-de-accidentes-automovilisticos-de-edinburg\/#primaryimage","url":"https:\/\/brasurelaw.com\/wp-content\/uploads\/2016\/09\/bigstock-Car-Accident-10579952.jpg","contentUrl":"https:\/\/brasurelaw.com\/wp-content\/uploads\/2016\/09\/bigstock-Car-Accident-10579952.jpg"},{"@type":"BreadcrumbList","@id":"https:\/\/brasurelaw.com\/es\/abogado-de-accidentes-automovilisticos-de-edinburg\/#breadcrumb","itemListElement":[{"@type":"ListItem","position":1,"name":"Home","item":"https:\/\/brasurelaw.com\/"},{"@type":"ListItem","position":2,"name":"Abogado de Accidentes Automovil\u00edsticos de Edinburg"}]},{"@type":"WebSite","@id":"https:\/\/brasurelaw.com\/#website","url":"https:\/\/brasurelaw.com\/","name":"Brasure Law Firm, PLLC","description":"More Attention, Better Results","publisher":{"@id":"https:\/\/brasurelaw.com\/#organization"},"potentialAction":[{"@type":"SearchAction","target":{"@type":"EntryPoint","urlTemplate":"https:\/\/brasurelaw.com\/?s={search_term_string}"},"query-input":{"@type":"PropertyValueSpecification","valueRequired":true,"valueName":"search_term_string"}}],"inLanguage":"es"},{"@type":["Organization","Place"],"@id":"https:\/\/brasurelaw.com\/#organization","name":"Brasure Law Firm, PLLC","url":"https:\/\/brasurelaw.com\/","logo":{"@id":"https:\/\/brasurelaw.com\/es\/abogado-de-accidentes-automovilisticos-de-edinburg\/#local-main-organization-logo"},"image":{"@id":"https:\/\/brasurelaw.com\/es\/abogado-de-accidentes-automovilisticos-de-edinburg\/#local-main-organization-logo"},"sameAs":["https:\/\/www.facebook.com\/Brasure-Law-Firm-PLLC-469275749831635\/","https:\/\/x.com\/brasure"],"address":{"@id":"https:\/\/brasurelaw.com\/es\/abogado-de-accidentes-automovilisticos-de-edinburg\/#local-main-place-address"},"geo":{"@type":"GeoCoordinates","latitude":"26.2579534","longitude":"-98.2013468"},"telephone":["(956) 686-3555"],"openingHoursSpecification":{"@type":"OpeningHoursSpecification","dayOfWeek":["Monday","Tuesday","Wednesday","Thursday","Friday","Saturday","Sunday"],"opens":"00:00","closes":"23:59"},"faxNumber":"(888) 880-9309"},{"@type":"PostalAddress","@id":"https:\/\/brasurelaw.com\/es\/abogado-de-accidentes-automovilisticos-de-edinburg\/#local-main-place-address","streetAddress":"135 Paseo Del Prado #32","addressLocality":"Edinburg","postalCode":"78539","addressRegion":"Texas","addressCountry":"US"},{"@type":"ImageObject","inLanguage":"es","@id":"https:\/\/brasurelaw.com\/es\/abogado-de-accidentes-automovilisticos-de-edinburg\/#local-main-organization-logo","url":"https:\/\/brasurelaw.com\/wp-content\/uploads\/2023\/11\/logo-1.png.webp","contentUrl":"https:\/\/brasurelaw.com\/wp-content\/uploads\/2023\/11\/logo-1.png.webp","width":316,"height":83,"caption":"Brasure Law Firm, PLLC"}]},"geo.placename":"Edinburg","geo.position":{"lat":"26.2579534","long":"-98.2013468"},"geo.region":"Estados Unidos (EEUU)"},"_links":{"self":[{"href":"https:\/\/brasurelaw.com\/es\/wp-json\/wp\/v2\/pages\/598","targetHints":{"allow":["GET"]}}],"collection":[{"href":"https:\/\/brasurelaw.com\/es\/wp-json\/wp\/v2\/pages"}],"about":[{"href":"https:\/\/brasurelaw.com\/es\/wp-json\/wp\/v2\/types\/page"}],"author":[{"embeddable":true,"href":"https:\/\/brasurelaw.com\/es\/wp-json\/wp\/v2\/users\/9"}],"replies":[{"embeddable":true,"href":"https:\/\/brasurelaw.com\/es\/wp-json\/wp\/v2\/comments?post=598"}],"version-history":[{"count":0,"href":"https:\/\/brasurelaw.com\/es\/wp-json\/wp\/v2\/pages\/598\/revisions"}],"wp:attachment":[{"href":"https:\/\/brasurelaw.com\/es\/wp-json\/wp\/v2\/media?parent=598"}],"curies":[{"name":"wp","href":"https:\/\/api.w.org\/{rel}","templated":true}]}}