{"id":596,"date":"2017-01-02T13:56:47","date_gmt":"2017-01-02T13:56:47","guid":{"rendered":"https:\/\/brasurelaw.com\/?page_id=596"},"modified":"2019-03-07T02:37:15","modified_gmt":"2019-03-07T02:37:15","slug":"lesiones-de-construccion-en-edinburg","status":"publish","type":"page","link":"https:\/\/brasurelaw.com\/es\/lesiones-de-construccion-en-edinburg\/","title":{"rendered":"Lesiones de Construcci\u00f3n en Edinburg"},"content":{"rendered":"<p><iframe id=\"player_1\" src=\"https:\/\/www.youtube.com\/embed\/hn_uSzm1VzU?rel=0&amp;controls=0&amp;showinfo=0\" width=\"400\" height=\"225\" frameborder=\"0\" allowfullscreen=\"allowfullscreen\" data-mce-fragment=\"1\"><\/iframe><\/p>\n<p>Los sitios de construcci\u00f3n son ubicaciones muy peligrosas que incluso los trabajadores m\u00e1s experimentados pueden resultar gravemente heridos o incluso muertos en un accidente en el sitio de trabajo.<\/p>\n<p>Las demandas por accidentes de construcci\u00f3n son bastante complejas, y muchas de ellas son consideradas grandes apuestas porque no es raro que un trabajador de una construcci\u00f3n sufra un cambio de vida o termine herido. Debido a la naturaleza f\u00edsica de la obra de construcci\u00f3n, una lesi\u00f3n f\u00edsica que no plantear\u00eda problemas para un trabajador de oficina puede f\u00e1cilmente hacer imposible que un trabajador de la construcci\u00f3n contin\u00fae en su campo profesional elegido.<\/p>\n<p>Estos casos de lesiones personales tambi\u00e9n pueden ser complicadas por cuestiones relacionadas con el lugar de trabajo, tales como la compensaci\u00f3n de los trabajadores, OSHA -asuntos conexos y el hecho de que a menudo hay varios contratistas y subcontratistas que trabajan en un sitio de forma simult\u00e1nea, lo cual puede hacer dif\u00edcil determinar el papel de cada parte en el incidente. Adem\u00e1s, la Ley de Compensaci\u00f3n para Trabajadores de Texas permite un procedimiento diferente para el manejo de las reclamaciones por lesiones personales contra una empresa que consideraba \u00abno suscriptores\u00bb &#8211; una empresa de construcci\u00f3n que no tienen cobertura de seguro de compensaci\u00f3n a los trabajadores.<\/p>\n<p>Si bien cada sitio de construcci\u00f3n es \u00fanico, una cosa permanece constante: usted necesita un abogado experimentado de lesiones personales en Texas para manejar este tipo de reclamaci\u00f3n. En\u00a0el Bufete de\u00a0 Brasure, PLLC, adoptamos un enfoque centrado en el cliente a nuestra pr\u00e1ctica jur\u00eddica, poniendo en \u00e9nfasis la obtenci\u00f3n de resultados para nuestros clientes. Tambi\u00e9n podemos limitar nuestra carga de trabajo lo que podemos ofrecer a nuestros clientes y sus casos con la atenci\u00f3n que merecen, garantizando los mejores resultados posibles.<\/p>\n<p>Adem\u00e1s de manejar casos de lesiones personales, tambi\u00e9n manejamos demandas en casos donde la v\u00edctima muere por lesiones fatales.<\/p>\n<p>Si usted o un ser querido resulto herido o muerto como resultado de un accidente de construcci\u00f3n, p\u00f3ngase en contacto con los abogados de lesiones personales del Bufete de\u00a0 Brasure, PLLC para una consulta gratuita y confidencial. Llame al 956-686-3555.<\/p>\n<p><strong>Preocupaciones y problemas comunes a ra\u00edz de un accidente de construcci\u00f3n<\/strong><\/p>\n<p>Los abogados del Bufete de\u00a0 Brasure, PLLC creen que es importante mantener a los clientes informados y preparados a medida que avance el proceso legal. Creemos que esto hace que todo el proceso legal sea m\u00e1s productivo y menos estresante para nuestros clientes.<\/p>\n<p>Nuestro equipo legal ha compilado un resumen de algunas preguntas comunes que recibimos tras un accidente de construcci\u00f3n.<\/p>\n<p><strong>\u00bfC\u00f3mo afecta la compensaci\u00f3n de los trabajadores mi demanda por un accidente de construcci\u00f3n?<\/strong><\/p>\n<p>La compensaci\u00f3n de los trabajadores juega un papel importante en casos relacionados con un accidente de construcci\u00f3n o de cualquier otra lesi\u00f3n laboral. La compensaci\u00f3n de los trabajadores es un tipo de seguro que los empleadores pueden retener para ayudar a cubrir los gastos como gastos m\u00e9dicos y salarios perdidos, mientras que un empleado se recupera tras una investigaci\u00f3n sobre el accidente laboral. Tambi\u00e9n se ofrecen beneficios de muerte.<\/p>\n<p>Por las leyes de accidente de construcci\u00f3n de Texas, su caso se clasifica en dos categor\u00edas: un caso que involucra a un empresario que tiene seguro de compensaci\u00f3n al trabajador o empleador que no es un suscriptor.<\/p>\n<p>Su caso se maneja de forma diferente dependiendo de qu\u00e9 categor\u00eda se aplica. En el caso de una empresa con cobertura de compensaci\u00f3n a los trabajadores, puede existir una compensaci\u00f3n y otras limitaciones que afecten su reclamaci\u00f3n.<\/p>\n<p><strong>\u00bfQu\u00e9 es \u2018no suscriptores\u2019?<\/strong><\/p>\n<p><img fetchpriority=\"high\" decoding=\"async\" class=\"alignleft wp-image-91\" src=\"https:\/\/brasurelaw.com\/wp-content\/uploads\/2016\/09\/bigstock-Construction-accident-50687975.jpg\" alt=\"Construction Injury Lawyer\" width=\"400\" height=\"267\" \/><\/p>\n<p>Los \u2018no suscriptores\u2019 es un t\u00e9rmino utilizado en la Ley de Compensaci\u00f3n para Trabajadores de Texas que se refiere a empresas que no tienen cobertura de seguro de compensaci\u00f3n a los trabajadores. En el caso de los no suscriptores, hay menos limitaciones legales y no hay l\u00edmite en la cantidad de la indemnizaci\u00f3n que puede ser recuperado.<\/p>\n<p>Por desgracia, los casos de una empresa de construcci\u00f3n que se considera \u2018no suscriptores\u2019 puede ser m\u00e1s dif\u00edcil porque a veces los abogados son muy agresivos. No es raro que la estrategia de defensa que suponen un ataque directo a la v\u00edctima o a sus acciones.<\/p>\n<p><strong>\u00bfQu\u00e9 debo hacer si estoy implicado en un accidente de construcci\u00f3n?<\/strong><\/p>\n<p>Los trabajadores de la construcci\u00f3n en Texas deben buscar atenci\u00f3n m\u00e9dica inmediatamente despu\u00e9s de una lesi\u00f3n de trabajo. Esto es fundamental para garantizar el mejor resultado posible en t\u00e9rminos de su salud, sino tambi\u00e9n, los registros m\u00e9dicos ser\u00e1n una parte importante de su caso. Tambi\u00e9n es importante informar del asunto a su empleador.<\/p>\n<p>Si es posible, recomendamos fotografiar la escena del accidente momentos despu\u00e9s que ocurra. Si usted es f\u00edsicamente incapaz de hacerlo, usted puede pedirle a un compa\u00f1ero de trabajo que use su dispositivo para capturar fotos de la zona, idealmente antes de que la escena sea alterada o limpiada.<\/p>\n<p>Usted tambi\u00e9n deber\u00eda fotografiar sus lesiones y tomar nota de los testigos. Si es necesario, obtenga el nombre y la informaci\u00f3n de contacto de los testigos.<\/p>\n<p>Debe ponerse en contacto con uno de nuestros abogados de lesiones personales tan pronto como sea posible despu\u00e9s del accidente, ya que el tiempo es un elemento cr\u00edtico. Las obras de construcci\u00f3n est\u00e1n evolucionando constantemente, y la evidencia cr\u00edtica puede desaparecer en un plazo muy breve. Tambi\u00e9n podemos aconsejarle que proceda de la mejor forma en una manera que maximice sus oportunidades de obtener la compensaci\u00f3n que merece por sus lesiones y otras p\u00e9rdidas. Nuestros abogados tambi\u00e9n puede guiarle a trav\u00e9s del proceso de tramitaci\u00f3n de su reclamo de compensaci\u00f3n a los trabajadores.<\/p>\n<p><strong>\u00bfCu\u00e1nto cuesta contratar a un abogado de lesiones personales en Texas para controlar mi demanda por accidente de construcci\u00f3n?<\/strong><\/p>\n<p>Cada caso es \u00fanico, por lo tanto, la complejidad y el tiempo que dedica a cada caso var\u00eda enormemente. Generalmente, aceptamos demandas sobre lesiones personales y muerte il\u00edcita sobre una base de contingencia. Como tal, es t\u00edpico que la cuota searecogida al final del proceso, una vez que nuestros abogados han recuperado la indemnizaci\u00f3n.<\/p>\n<p>En algunos casos, el acusado puede ser condenado a pagar sus honorarios legales. En otros casos, el bufete acepta un determinado porcentaje de los fondos recuperados.<\/p>\n<p><strong>Nuestros abogados de lesiones personales de Texas le ayudar\u00e1n a recuperar los da\u00f1os por sus lesiones <\/strong><\/p>\n<p><img decoding=\"async\" class=\"alignright\" src=\"https:\/\/brasurelaw.com\/wp-content\/uploads\/2016\/09\/bigstock-building-under-construction-wi-19570979.jpg\" alt=\"Construction Injury Lawyer\" width=\"400\" height=\"253\" \/><\/p>\n<p>El Bufete de Brasure, PLLC ha ganado una reputaci\u00f3n como uno de los mejores de la regi\u00f3n gracias a nuestro enfoque en el cliente. Creemos en un \u00abenfoque de la calidad sobre la cantidad\u00bb a la abogac\u00eda, poniendo a nuestros clientes en primer lugar.<\/p>\n<p>Las demandas de Accidentes de Construcci\u00f3n pueden serpor lesiones personales o muerte il\u00edcita, as\u00ed que usted necesita un bufete de abogados experimentados que lleve su reclamaci\u00f3n. Eso es precisamente lo que obtendr\u00e1 cuando se dirija a los profesionales legales del Bufete de Brasure, PLLC.<\/p>\n<p>Cont\u00e1ctenos hoy para acordar un consulta gratis y confidencial llamando al 956-686-3555.<\/p>\n","protected":false},"excerpt":{"rendered":"<p>Los sitios de construcci\u00f3n son ubicaciones muy peligrosas que incluso los trabajadores m\u00e1s experimentados pueden resultar gravemente heridos o incluso muertos en un accidente en el sitio de trabajo. Las demandas por accidentes de construcci\u00f3n son bastante complejas, y muchas de ellas son consideradas grandes apuestas porque no es raro&#8230;<\/p>\n","protected":false},"author":9,"featured_media":0,"parent":0,"menu_order":0,"comment_status":"closed","ping_status":"closed","template":"","meta":{"_acf_changed":false,"_monsterinsights_skip_tracking":false,"_monsterinsights_sitenote_active":false,"_monsterinsights_sitenote_note":"","_monsterinsights_sitenote_category":0,"footnotes":""},"class_list":["post-596","page","type-page","status-publish","hentry"],"acf":[],"yoast_head":"<!-- This site is optimized with the Yoast SEO Premium plugin v27.3 (Yoast SEO v27.5) - https:\/\/yoast.com\/product\/yoast-seo-premium-wordpress\/ -->\n<title>Lesiones de Construcci\u00f3n en Edinburg - Brasure Law Firm, PLLC<\/title>\n<meta name=\"description\" content=\"\u00bfHas estado en un accidente de construcci\u00f3n? Deje que nuestros abogados de lesiones personales luchen por la compensaci\u00f3n que merece.\" \/>\n<meta name=\"robots\" content=\"index, follow, max-snippet:-1, max-image-preview:large, max-video-preview:-1\" \/>\n<link rel=\"canonical\" href=\"https:\/\/brasurelaw.com\/es\/lesiones-de-construccion-en-edinburg\/\" \/>\n<meta property=\"og:locale\" content=\"es_ES\" \/>\n<meta property=\"og:type\" content=\"article\" \/>\n<meta property=\"og:title\" content=\"Lesiones de Construcci\u00f3n en Edinburg\" \/>\n<meta property=\"og:description\" content=\"\u00bfHas estado en un accidente de construcci\u00f3n? Deje que nuestros abogados de lesiones personales luchen por la compensaci\u00f3n que merece.\" \/>\n<meta property=\"og:url\" content=\"https:\/\/brasurelaw.com\/es\/lesiones-de-construccion-en-edinburg\/\" \/>\n<meta property=\"og:site_name\" content=\"Brasure Law Firm, PLLC\" \/>\n<meta property=\"article:publisher\" content=\"https:\/\/www.facebook.com\/Brasure-Law-Firm-PLLC-469275749831635\/\" \/>\n<meta property=\"article:modified_time\" content=\"2019-03-07T02:37:15+00:00\" \/>\n<meta property=\"og:image\" content=\"https:\/\/brasurelaw.com\/wp-content\/uploads\/2016\/09\/bigstock-Construction-accident-50687975.jpg\" \/>\n<meta name=\"twitter:card\" content=\"summary_large_image\" \/>\n<meta name=\"twitter:site\" content=\"@brasure\" \/>\n<meta name=\"twitter:label1\" content=\"Tiempo de lectura\" \/>\n\t<meta name=\"twitter:data1\" content=\"6 minutos\" \/>\n<meta name=\"geo.placename\" content=\"Edinburg\" \/>\n<meta name=\"geo.position\" content=\"26.2579534;-98.2013468\" \/>\n<meta name=\"geo.region\" content=\"Estados Unidos (EEUU)\" \/>\n<!-- \/ Yoast SEO Premium plugin. -->","yoast_head_json":{"title":"Lesiones de Construcci\u00f3n en Edinburg - Brasure Law Firm, PLLC","description":"\u00bfHas estado en un accidente de construcci\u00f3n? Deje que nuestros abogados de lesiones personales luchen por la compensaci\u00f3n que merece.","robots":{"index":"index","follow":"follow","max-snippet":"max-snippet:-1","max-image-preview":"max-image-preview:large","max-video-preview":"max-video-preview:-1"},"canonical":"https:\/\/brasurelaw.com\/es\/lesiones-de-construccion-en-edinburg\/","og_locale":"es_ES","og_type":"article","og_title":"Lesiones de Construcci\u00f3n en Edinburg","og_description":"\u00bfHas estado en un accidente de construcci\u00f3n? Deje que nuestros abogados de lesiones personales luchen por la compensaci\u00f3n que merece.","og_url":"https:\/\/brasurelaw.com\/es\/lesiones-de-construccion-en-edinburg\/","og_site_name":"Brasure Law Firm, PLLC","article_publisher":"https:\/\/www.facebook.com\/Brasure-Law-Firm-PLLC-469275749831635\/","article_modified_time":"2019-03-07T02:37:15+00:00","og_image":[{"url":"https:\/\/brasurelaw.com\/wp-content\/uploads\/2016\/09\/bigstock-Construction-accident-50687975.jpg","type":"","width":"","height":""}],"twitter_card":"summary_large_image","twitter_site":"@brasure","twitter_misc":{"Tiempo de lectura":"6 minutos"},"schema":{"@context":"https:\/\/schema.org","@graph":[{"@type":"WebPage","@id":"https:\/\/brasurelaw.com\/es\/lesiones-de-construccion-en-edinburg\/","url":"https:\/\/brasurelaw.com\/es\/lesiones-de-construccion-en-edinburg\/","name":"Lesiones de Construcci\u00f3n en Edinburg - Brasure Law Firm, PLLC","isPartOf":{"@id":"https:\/\/brasurelaw.com\/#website"},"primaryImageOfPage":{"@id":"https:\/\/brasurelaw.com\/es\/lesiones-de-construccion-en-edinburg\/#primaryimage"},"image":{"@id":"https:\/\/brasurelaw.com\/es\/lesiones-de-construccion-en-edinburg\/#primaryimage"},"thumbnailUrl":"https:\/\/brasurelaw.com\/wp-content\/uploads\/2016\/09\/bigstock-Construction-accident-50687975.jpg","datePublished":"2017-01-02T13:56:47+00:00","dateModified":"2019-03-07T02:37:15+00:00","description":"\u00bfHas estado en un accidente de construcci\u00f3n? Deje que nuestros abogados de lesiones personales luchen por la compensaci\u00f3n que merece.","breadcrumb":{"@id":"https:\/\/brasurelaw.com\/es\/lesiones-de-construccion-en-edinburg\/#breadcrumb"},"inLanguage":"es","potentialAction":[{"@type":"ReadAction","target":["https:\/\/brasurelaw.com\/es\/lesiones-de-construccion-en-edinburg\/"]}]},{"@type":"ImageObject","inLanguage":"es","@id":"https:\/\/brasurelaw.com\/es\/lesiones-de-construccion-en-edinburg\/#primaryimage","url":"https:\/\/brasurelaw.com\/wp-content\/uploads\/2016\/09\/bigstock-Construction-accident-50687975.jpg","contentUrl":"https:\/\/brasurelaw.com\/wp-content\/uploads\/2016\/09\/bigstock-Construction-accident-50687975.jpg"},{"@type":"BreadcrumbList","@id":"https:\/\/brasurelaw.com\/es\/lesiones-de-construccion-en-edinburg\/#breadcrumb","itemListElement":[{"@type":"ListItem","position":1,"name":"Home","item":"https:\/\/brasurelaw.com\/"},{"@type":"ListItem","position":2,"name":"Lesiones de Construcci\u00f3n en Edinburg"}]},{"@type":"WebSite","@id":"https:\/\/brasurelaw.com\/#website","url":"https:\/\/brasurelaw.com\/","name":"Brasure Law Firm, PLLC","description":"More Attention, Better Results","publisher":{"@id":"https:\/\/brasurelaw.com\/#organization"},"potentialAction":[{"@type":"SearchAction","target":{"@type":"EntryPoint","urlTemplate":"https:\/\/brasurelaw.com\/?s={search_term_string}"},"query-input":{"@type":"PropertyValueSpecification","valueRequired":true,"valueName":"search_term_string"}}],"inLanguage":"es"},{"@type":["Organization","Place"],"@id":"https:\/\/brasurelaw.com\/#organization","name":"Brasure Law Firm, PLLC","url":"https:\/\/brasurelaw.com\/","logo":{"@id":"https:\/\/brasurelaw.com\/es\/lesiones-de-construccion-en-edinburg\/#local-main-organization-logo"},"image":{"@id":"https:\/\/brasurelaw.com\/es\/lesiones-de-construccion-en-edinburg\/#local-main-organization-logo"},"sameAs":["https:\/\/www.facebook.com\/Brasure-Law-Firm-PLLC-469275749831635\/","https:\/\/x.com\/brasure"],"address":{"@id":"https:\/\/brasurelaw.com\/es\/lesiones-de-construccion-en-edinburg\/#local-main-place-address"},"geo":{"@type":"GeoCoordinates","latitude":"26.2579534","longitude":"-98.2013468"},"telephone":["(956) 686-3555"],"openingHoursSpecification":{"@type":"OpeningHoursSpecification","dayOfWeek":["Monday","Tuesday","Wednesday","Thursday","Friday","Saturday","Sunday"],"opens":"00:00","closes":"23:59"},"faxNumber":"(888) 880-9309"},{"@type":"PostalAddress","@id":"https:\/\/brasurelaw.com\/es\/lesiones-de-construccion-en-edinburg\/#local-main-place-address","streetAddress":"135 Paseo Del Prado #32","addressLocality":"Edinburg","postalCode":"78539","addressRegion":"Texas","addressCountry":"US"},{"@type":"ImageObject","inLanguage":"es","@id":"https:\/\/brasurelaw.com\/es\/lesiones-de-construccion-en-edinburg\/#local-main-organization-logo","url":"https:\/\/brasurelaw.com\/wp-content\/uploads\/2023\/11\/logo-1.png.webp","contentUrl":"https:\/\/brasurelaw.com\/wp-content\/uploads\/2023\/11\/logo-1.png.webp","width":316,"height":83,"caption":"Brasure Law Firm, PLLC"}]},"geo.placename":"Edinburg","geo.position":{"lat":"26.2579534","long":"-98.2013468"},"geo.region":"Estados Unidos (EEUU)"},"_links":{"self":[{"href":"https:\/\/brasurelaw.com\/es\/wp-json\/wp\/v2\/pages\/596","targetHints":{"allow":["GET"]}}],"collection":[{"href":"https:\/\/brasurelaw.com\/es\/wp-json\/wp\/v2\/pages"}],"about":[{"href":"https:\/\/brasurelaw.com\/es\/wp-json\/wp\/v2\/types\/page"}],"author":[{"embeddable":true,"href":"https:\/\/brasurelaw.com\/es\/wp-json\/wp\/v2\/users\/9"}],"replies":[{"embeddable":true,"href":"https:\/\/brasurelaw.com\/es\/wp-json\/wp\/v2\/comments?post=596"}],"version-history":[{"count":0,"href":"https:\/\/brasurelaw.com\/es\/wp-json\/wp\/v2\/pages\/596\/revisions"}],"wp:attachment":[{"href":"https:\/\/brasurelaw.com\/es\/wp-json\/wp\/v2\/media?parent=596"}],"curies":[{"name":"wp","href":"https:\/\/api.w.org\/{rel}","templated":true}]}}