{"id":594,"date":"2017-01-02T13:53:24","date_gmt":"2017-01-02T13:53:24","guid":{"rendered":"https:\/\/brasurelaw.com\/?page_id=594"},"modified":"2019-03-07T02:35:41","modified_gmt":"2019-03-07T02:35:41","slug":"firma-de-abogados-brasure-pllc","status":"publish","type":"page","link":"https:\/\/brasurelaw.com\/es\/firma-de-abogados-brasure-pllc\/","title":{"rendered":"Firma de Abogados Brasure, PLLC"},"content":{"rendered":"<p><iframe id=\"player_1\" src=\"https:\/\/www.youtube.com\/embed\/ux0ngO1gTVg?rel=0&amp;controls=0&amp;showinfo=0\" width=\"400\" height=\"225\" frameborder=\"0\" allowfullscreen=\"allowfullscreen\" data-mce-fragment=\"1\"><\/iframe>La Firma de Abogados Brasure, PLLC, fue establecida hace casi una d\u00e9cada, con un objetivo primario en mente: proporciona servicios legales excepcionales a los clientes a trav\u00e9s del estado de Texas. Nuestro lema es: \u201cMenos clientes. M\u00e1s atenci\u00f3n. Mejores resultados.\u201d Adem\u00e1s es una filosof\u00eda que utilizamos para guiar nuestras pr\u00e1cticas legales todos y cada uno de los d\u00edas. Limitamos la cantidad de clientes que tenemos, para poder asegurar que podemos proporcionar a cada cliente con soluciones legales que necesitan para ver resultados favorables a su caso u otras cuestiones legales.<\/p>\n<p>Con oficinas en Grapevine, Texas yEdimburgo, Texas, practicamos principalmente la ley de lesiones personales, y nuestra clientela es muy diversa. Representamos todos los extremos del espectro, de individuales y profesiones tales como CPA, m\u00e9dicos e incluso de compa\u00f1eros abogados y negocios peque\u00f1os.<\/p>\n<p>Para discutir su caso en una consulta gratuita y completamente confidencial, cont\u00e1ctenos por tel\u00e9fono al 956-686-3555.<\/p>\n<p><strong>Conozca al fundador de la Firma de Abogados Brasure, PLLC<\/strong><\/p>\n<p>La Firma de Abogados Brasure, PLLC fue establecida por el abogado Chris R. Brasure en 2006. Sus logros legales son diversos y numerosos. \u00c9l es compa\u00f1ero dela Asociaci\u00f3n de Abogados de Texas, el director de la Asociaci\u00f3n de Abogados del Condado \u2013 una posici\u00f3n ocupada desde 2014. Actualmente, tambi\u00e9n sirve como miembro de la Asociaci\u00f3n de Abogados de Defensa Criminal de Texas y el Comit\u00e9 de Cargos de Jurado de Patrones, una posici\u00f3n ocupada desde 2010.<\/p>\n<p>El abogado Chris R. Brasure fue delegado en la C\u00e1mara de Delegados de la Asociaci\u00f3n Americana de Abogados desde 2012 a 2013. El abogado Brasure tambi\u00e9n ha publicado y presentado muchos y diferentes ensayos legales sobre temas variando desde procedimientos de gran jurado y de responsabilidad fiduciaria y profesional en el estado de Texas, hasta la preservaci\u00f3n del error, entre otros temas.<\/p>\n<p>Fue nominado para el Trial College de Texas de 2007 por el Juez de Distrito Rose Reyna.<\/p>\n<p>El abogado Chris R. Brasure tiene una licenciatura en Ciencias Pol\u00edticas y Comunicaci\u00f3n del habla de la Universidad de Baylor. Pas\u00f3 a obtener el t\u00edtulo de abogado de la Facultad de Derecho de la Universidad de Baylor. El abogado Brasure cree que la educaci\u00f3n es absolutamente vital para el \u00e9xito personal, por lo que la firma ofrece la Beca de la Firma de Abogados de Brasure 2016 para devolver a la comunidad y para ayudar a los estudiantes que buscan continuar con una educaci\u00f3n superior.<\/p>\n<p>Poco despu\u00e9s de su graduaci\u00f3n de la escuela de leyes, \u00e9l comenz\u00f3 con su carrera legal cuando trabajaba para una firma de abogados en Dallas como asociado de litigios, tratando un n\u00famero de \u00e1reas diferentes, incluyendo casos de mala fe por parte del seguro, casos de responsabilidad de producto y casos de negligencia en general.<\/p>\n<p>A principios de 2005, hizo la transici\u00f3n a la Oficina de Abogados del Distrito Criminal del Condado de Hidalgo. Finalmente fue ascendido a la posici\u00f3n de fiscal criminal luego de s\u00f3lo siete meses. Durante su tiempo en la Oficina Fiscal del Distrito, el abogado Brasure trat\u00f3 con numerosos delitos menores y delitos graves, incluyendo delitos de primer grado (la clase m\u00e1s seria de delitos).<\/p>\n<p>En este tiempo en su rol como fiscal le proporcion\u00f3 al abogado Chris R. Brasure la experiencia esencial que aprovecha y utiliza en su pr\u00e1ctica actual. Ha adquirido una comprensi\u00f3n profunda y percepciones importantes en el rol y estrategias de la oposici\u00f3n. Esta percepci\u00f3n \u00fanica ha demostrado ser extremadamente \u00fatil en la sala de audiencias as\u00ed como en los tratos extrajudiciales.<\/p>\n<p>A lo largo de su carrera, el abogado Chris R. Brasure ha llevado docenas de juicios ante jurado. Ha defendido una amplia gama de casos criminales, incluyendo casos de asesinato, casos de drogas, casos de robo y casos de agresi\u00f3n sexual, entre otros. Un juicio criminal notable involucr\u00f3 un caso de agresi\u00f3n sexual con 19 cargos. El abogado Chris R. Brasure tuvo \u00e9xito al obtener 13 de los cargos rechazados por el Fiscal del Distrito, mientras que tres cargos fueron desestimados por veredicto directo. En los otros tres cargos, el acusado fue absuelto por el jurado.<\/p>\n<p>En un notable juicio civil estatal en el Tribunal del Distrito 430mo, el abogado Brasure tuvo \u00e9xito en la obtenci\u00f3n de un veredicto de $846,863.32 por reclamar por mala conducta fiduciaria e incumplimiento de contrato. Ha obtenido exitosamente el alivio pre acusaciones por clientes incluyendo actas de no acusaci\u00f3n del gran jurado y rechazo de pre acusaciones por la oficina del Fiscal del Distrito. Tambi\u00e9n ha asegurado numerosas destituciones anteriores al juicio tanto en delitos menores como mayores. Hoy, el abogado Chris R. Brasure se ocupa principalmente de casos de lesiones personales, incluyendo aquellas que incluyen muerte injusta, casos lesiones cerebrales traum\u00e1ticas y casos de lesiones personales que involucran lesiones catastr\u00f3ficas que alteran la vida. Su diversidad de antecedentes legales lo han preparado bien para afrontar los problemas que surgen en este tipo de casos, proporcion\u00e1ndole las estrategias y perspectivas que lo conducen a una mayor posibilidad de ver un resultado positivo.<\/p>\n<p><strong>Traiga su Caso de Lesi\u00f3n Persona a la Firma de Abogados Brasure, PLLC<\/strong><\/p>\n<p><img fetchpriority=\"high\" decoding=\"async\" class=\"alignleft wp-image-91\" src=\"https:\/\/brasurelaw.com\/wp-content\/uploads\/2016\/09\/content-img-1-300x201.jpg\" alt=\"content-img\" width=\"365\" height=\"244\" srcset=\"https:\/\/brasurelaw.com\/wp-content\/uploads\/2016\/09\/content-img-1-300x201.jpg 300w, https:\/\/brasurelaw.com\/wp-content\/uploads\/2016\/09\/content-img-1.jpg 436w\" sizes=\"(max-width: 365px) 100vw, 365px\" \/><\/p>\n<p>La Firma de Abogados Brasure, PLLC trata principalmente con la ley de lesiones personales, ayudando a los clientes a obtener las compensaciones que merecen por sus lesiones, tanto si es una lesi\u00f3n seria que requiera de meses de cuidado m\u00e9dico y rehabilitaci\u00f3n, una lesi\u00f3n catastr\u00f3fica que altere la vida, una lesi\u00f3n cerebral traum\u00e1tica o la tr\u00e1gica p\u00e9rdida de un ser querido en un caso de muerte injusta.<\/p>\n<p>La Firma de Abogados Brasure, PLLC es bien conocida y altamente respetada por nuestro trabajo en todos los aspectos de leyes por accidentes y lesiones personales. Nuestros casos incluyen accidentes de autom\u00f3viles y camiones, colisiones con motocicletas, accidentes en el lugar de trabajo, accidentes en yacimientos petroleros, casos de responsabilidad civil, casos de negligencia m\u00e9dica, venta ilegal de bebidas alcoh\u00f3licas, accidentes con maquinaria pesada, casos de lesiones y abusos en guarder\u00edas, mordeduras de perros, casos de agravio t\u00f3xico, lesiones mar\u00edtimas y casos de Jones Act, accidentes peatonales y m\u00e1s.<\/p>\n<p>Tambi\u00e9n manejamos casos de muerte injusta, que surgen cuando en un caso que de otro modo ser\u00eda un caso de lesi\u00f3n personal resulta en lesiones que son tan serias que pueden resultar en la muerte del individuo.<\/p>\n<p>Adem\u00e1s, nuestra firma de abogados se ocupa de demandas de productos defectuosos y peligrosos, incluyendo medicamentos farmac\u00e9uticos peligrosos, implantes quir\u00fargicos y casos de lesiones por dispositivos m\u00e9dicos, casos de asbesto y muchos otros.<\/p>\n<p>Sea cual sea su tipo de caso, nuestro equipo legal de abogados de \u00e9lite con experiencia en lesiones personales est\u00e1 comprometido a manejar su caso con profesionalismo y atenci\u00f3n individualizada que necesita para ver el mejor resultado posible a su caso de lesiones personales o de muerte injusta.<\/p>\n<p>Para discutir su caso en una consulta gratuita y completamente confidencial, cont\u00e1ctenos por tel\u00e9fono al 956-686-3555.<\/p>\n","protected":false},"excerpt":{"rendered":"<p>La Firma de Abogados Brasure, PLLC, fue establecida hace casi una d\u00e9cada, con un objetivo primario en mente: proporciona servicios legales excepcionales a los clientes a trav\u00e9s del estado de Texas. Nuestro lema es: \u201cMenos clientes. M\u00e1s atenci\u00f3n. Mejores resultados.\u201d Adem\u00e1s es una filosof\u00eda que utilizamos para guiar nuestras pr\u00e1cticas&#8230;<\/p>\n","protected":false},"author":9,"featured_media":0,"parent":0,"menu_order":0,"comment_status":"closed","ping_status":"closed","template":"","meta":{"_acf_changed":false,"_monsterinsights_skip_tracking":false,"_monsterinsights_sitenote_active":false,"_monsterinsights_sitenote_note":"","_monsterinsights_sitenote_category":0,"footnotes":""},"class_list":["post-594","page","type-page","status-publish","hentry"],"acf":[],"yoast_head":"<!-- This site is optimized with the Yoast SEO Premium plugin v27.3 (Yoast SEO v27.4) - https:\/\/yoast.com\/product\/yoast-seo-premium-wordpress\/ -->\n<title>Firma de Abogados Brasure, PLLC - Brasure Law Firm, PLLC<\/title>\n<meta name=\"description\" content=\"Conozca sobre Brasure Law Firm PLLC, un galardonado bufete de abogados de lesiones personales en Edinburg, Texas.\" \/>\n<meta name=\"robots\" content=\"index, follow, max-snippet:-1, max-image-preview:large, max-video-preview:-1\" \/>\n<link rel=\"canonical\" href=\"https:\/\/brasurelaw.com\/es\/firma-de-abogados-brasure-pllc\/\" \/>\n<meta property=\"og:locale\" content=\"es_ES\" \/>\n<meta property=\"og:type\" content=\"article\" \/>\n<meta property=\"og:title\" content=\"Firma de Abogados Brasure, PLLC\" \/>\n<meta property=\"og:description\" content=\"Conozca sobre Brasure Law Firm PLLC, un galardonado bufete de abogados de lesiones personales en Edinburg, Texas.\" \/>\n<meta property=\"og:url\" content=\"https:\/\/brasurelaw.com\/es\/firma-de-abogados-brasure-pllc\/\" \/>\n<meta property=\"og:site_name\" content=\"Brasure Law Firm, PLLC\" \/>\n<meta property=\"article:publisher\" content=\"https:\/\/www.facebook.com\/Brasure-Law-Firm-PLLC-469275749831635\/\" \/>\n<meta property=\"article:modified_time\" content=\"2019-03-07T02:35:41+00:00\" \/>\n<meta property=\"og:image\" content=\"https:\/\/brasurelaw.com\/wp-content\/uploads\/2016\/09\/content-img-1-300x201.jpg\" \/>\n<meta name=\"twitter:card\" content=\"summary_large_image\" \/>\n<meta name=\"twitter:site\" content=\"@brasure\" \/>\n<meta name=\"twitter:label1\" content=\"Tiempo de lectura\" \/>\n\t<meta name=\"twitter:data1\" content=\"6 minutos\" \/>\n<meta name=\"geo.placename\" content=\"Edinburg\" \/>\n<meta name=\"geo.position\" content=\"26.2579534;-98.2013468\" \/>\n<meta name=\"geo.region\" content=\"Estados Unidos (EEUU)\" \/>\n<!-- \/ Yoast SEO Premium plugin. -->","yoast_head_json":{"title":"Firma de Abogados Brasure, PLLC - Brasure Law Firm, PLLC","description":"Conozca sobre Brasure Law Firm PLLC, un galardonado bufete de abogados de lesiones personales en Edinburg, Texas.","robots":{"index":"index","follow":"follow","max-snippet":"max-snippet:-1","max-image-preview":"max-image-preview:large","max-video-preview":"max-video-preview:-1"},"canonical":"https:\/\/brasurelaw.com\/es\/firma-de-abogados-brasure-pllc\/","og_locale":"es_ES","og_type":"article","og_title":"Firma de Abogados Brasure, PLLC","og_description":"Conozca sobre Brasure Law Firm PLLC, un galardonado bufete de abogados de lesiones personales en Edinburg, Texas.","og_url":"https:\/\/brasurelaw.com\/es\/firma-de-abogados-brasure-pllc\/","og_site_name":"Brasure Law Firm, PLLC","article_publisher":"https:\/\/www.facebook.com\/Brasure-Law-Firm-PLLC-469275749831635\/","article_modified_time":"2019-03-07T02:35:41+00:00","og_image":[{"url":"https:\/\/brasurelaw.com\/wp-content\/uploads\/2016\/09\/content-img-1-300x201.jpg","type":"","width":"","height":""}],"twitter_card":"summary_large_image","twitter_site":"@brasure","twitter_misc":{"Tiempo de lectura":"6 minutos"},"schema":{"@context":"https:\/\/schema.org","@graph":[{"@type":"WebPage","@id":"https:\/\/brasurelaw.com\/es\/firma-de-abogados-brasure-pllc\/","url":"https:\/\/brasurelaw.com\/es\/firma-de-abogados-brasure-pllc\/","name":"Firma de Abogados Brasure, PLLC - Brasure Law Firm, PLLC","isPartOf":{"@id":"https:\/\/brasurelaw.com\/#website"},"primaryImageOfPage":{"@id":"https:\/\/brasurelaw.com\/es\/firma-de-abogados-brasure-pllc\/#primaryimage"},"image":{"@id":"https:\/\/brasurelaw.com\/es\/firma-de-abogados-brasure-pllc\/#primaryimage"},"thumbnailUrl":"https:\/\/brasurelaw.com\/wp-content\/uploads\/2016\/09\/content-img-1-300x201.jpg","datePublished":"2017-01-02T13:53:24+00:00","dateModified":"2019-03-07T02:35:41+00:00","description":"Conozca sobre Brasure Law Firm PLLC, un galardonado bufete de abogados de lesiones personales en Edinburg, Texas.","breadcrumb":{"@id":"https:\/\/brasurelaw.com\/es\/firma-de-abogados-brasure-pllc\/#breadcrumb"},"inLanguage":"es","potentialAction":[{"@type":"ReadAction","target":["https:\/\/brasurelaw.com\/es\/firma-de-abogados-brasure-pllc\/"]}]},{"@type":"ImageObject","inLanguage":"es","@id":"https:\/\/brasurelaw.com\/es\/firma-de-abogados-brasure-pllc\/#primaryimage","url":"https:\/\/brasurelaw.com\/wp-content\/uploads\/2016\/09\/content-img-1-300x201.jpg","contentUrl":"https:\/\/brasurelaw.com\/wp-content\/uploads\/2016\/09\/content-img-1-300x201.jpg"},{"@type":"BreadcrumbList","@id":"https:\/\/brasurelaw.com\/es\/firma-de-abogados-brasure-pllc\/#breadcrumb","itemListElement":[{"@type":"ListItem","position":1,"name":"Home","item":"https:\/\/brasurelaw.com\/"},{"@type":"ListItem","position":2,"name":"Firma de Abogados Brasure, PLLC"}]},{"@type":"WebSite","@id":"https:\/\/brasurelaw.com\/#website","url":"https:\/\/brasurelaw.com\/","name":"Brasure Law Firm, PLLC","description":"More Attention, Better Results","publisher":{"@id":"https:\/\/brasurelaw.com\/#organization"},"potentialAction":[{"@type":"SearchAction","target":{"@type":"EntryPoint","urlTemplate":"https:\/\/brasurelaw.com\/?s={search_term_string}"},"query-input":{"@type":"PropertyValueSpecification","valueRequired":true,"valueName":"search_term_string"}}],"inLanguage":"es"},{"@type":["Organization","Place"],"@id":"https:\/\/brasurelaw.com\/#organization","name":"Brasure Law Firm, PLLC","url":"https:\/\/brasurelaw.com\/","logo":{"@id":"https:\/\/brasurelaw.com\/es\/firma-de-abogados-brasure-pllc\/#local-main-organization-logo"},"image":{"@id":"https:\/\/brasurelaw.com\/es\/firma-de-abogados-brasure-pllc\/#local-main-organization-logo"},"sameAs":["https:\/\/www.facebook.com\/Brasure-Law-Firm-PLLC-469275749831635\/","https:\/\/x.com\/brasure"],"address":{"@id":"https:\/\/brasurelaw.com\/es\/firma-de-abogados-brasure-pllc\/#local-main-place-address"},"geo":{"@type":"GeoCoordinates","latitude":"26.2579534","longitude":"-98.2013468"},"telephone":["(956) 686-3555"],"openingHoursSpecification":{"@type":"OpeningHoursSpecification","dayOfWeek":["Monday","Tuesday","Wednesday","Thursday","Friday","Saturday","Sunday"],"opens":"00:00","closes":"23:59"},"faxNumber":"(888) 880-9309"},{"@type":"PostalAddress","@id":"https:\/\/brasurelaw.com\/es\/firma-de-abogados-brasure-pllc\/#local-main-place-address","streetAddress":"135 Paseo Del Prado #32","addressLocality":"Edinburg","postalCode":"78539","addressRegion":"Texas","addressCountry":"US"},{"@type":"ImageObject","inLanguage":"es","@id":"https:\/\/brasurelaw.com\/es\/firma-de-abogados-brasure-pllc\/#local-main-organization-logo","url":"https:\/\/brasurelaw.com\/wp-content\/uploads\/2023\/11\/logo-1.png.webp","contentUrl":"https:\/\/brasurelaw.com\/wp-content\/uploads\/2023\/11\/logo-1.png.webp","width":316,"height":83,"caption":"Brasure Law Firm, PLLC"}]},"geo.placename":"Edinburg","geo.position":{"lat":"26.2579534","long":"-98.2013468"},"geo.region":"Estados Unidos (EEUU)"},"_links":{"self":[{"href":"https:\/\/brasurelaw.com\/es\/wp-json\/wp\/v2\/pages\/594","targetHints":{"allow":["GET"]}}],"collection":[{"href":"https:\/\/brasurelaw.com\/es\/wp-json\/wp\/v2\/pages"}],"about":[{"href":"https:\/\/brasurelaw.com\/es\/wp-json\/wp\/v2\/types\/page"}],"author":[{"embeddable":true,"href":"https:\/\/brasurelaw.com\/es\/wp-json\/wp\/v2\/users\/9"}],"replies":[{"embeddable":true,"href":"https:\/\/brasurelaw.com\/es\/wp-json\/wp\/v2\/comments?post=594"}],"version-history":[{"count":0,"href":"https:\/\/brasurelaw.com\/es\/wp-json\/wp\/v2\/pages\/594\/revisions"}],"wp:attachment":[{"href":"https:\/\/brasurelaw.com\/es\/wp-json\/wp\/v2\/media?parent=594"}],"curies":[{"name":"wp","href":"https:\/\/api.w.org\/{rel}","templated":true}]}}