{"id":1426,"date":"2018-07-03T19:11:26","date_gmt":"2018-07-03T19:11:26","guid":{"rendered":"https:\/\/brasurelaw.com\/?page_id=1426"},"modified":"2019-03-07T02:48:18","modified_gmt":"2019-03-07T02:48:18","slug":"lesion-personal-mcallen-tx","status":"publish","type":"page","link":"https:\/\/brasurelaw.com\/es\/lesion-personal-mcallen-tx\/","title":{"rendered":"Lesi\u00f3n Personal \u2013 McAllen, TX"},"content":{"rendered":"<h2>Abogado de Lesi\u00f3n Personal \u2013 Firma de Abogados de McAllen, Texas<\/h2>\n<p><iframe id=\"player_1\" src=\"https:\/\/www.youtube.com\/embed\/ux0ngO1gTVg?rel=0&amp;controls=0&amp;showinfo=0\" width=\"400\" height=\"225\" frameborder=\"0\" allowfullscreen=\"allowfullscreen\"><\/iframe>Un Accidente puede transformar su vida en cuesti\u00f3n de segundos, dej\u00e1ndole series lesiones, cicatrices personales y diferencias f\u00edsicas que usted debe aprender a adaptarse por el resto de su vida. Mientras que muchos piensan en un accidente involucrando un veh\u00edculo, tractor o motocicleta al escuchar \u201caccidente\u201d, en realidad es que un accidente puede involucrar una amplia variedad de eventos distintos, que van desde un resbal\u00f3n y ca\u00edda, lesiones en el lugar de trabajo involucrando maquinaria o equipo, o incluso lesiones durante el nacimiento que fueron causados por un error m\u00e9dico causados por una monetaria p\u00e9rdida de juicio.<\/p>\n<p>Sin importar cu\u00e1l sea el caso, usted tiene el derecho a recibir una compensaci\u00f3n por sus p\u00e9rdidas y eso es precisamente donde los abogados de lesi\u00f3n personal de BrasureLawFirm, PLLC puede n ayudar. Nuestra metra es asistirle en recuperar el dinero que usted merece por sus gastos m\u00e9dicos, cuentas de hospital, su dolor y sufrimiento o incluso salarios perdidos por una incapacidad de poder trabajar ahora y en el futuro.<\/p>\n<p>Reconocidos como una de las firmas de lesi\u00f3n personal m\u00e1s importantes de Texas, nuestra pr\u00e1ctica fue establecida hace m\u00e1s de una d\u00e9cada por el Abogado Christopher R. Brasure. Los abogados de BrasureLawFirm, PLLC se lidian con casos legales de lesi\u00f3n personal en la zona de McAllen, Texas. Nuestra firma de abogados tiene oficinas en Grapevine y en Edinburg, Texas.<\/p>\n<p>Si usted o un ser querido ha salido lesionado, contact\u00e9 a BrasureLawFirm, PLLC para discutir su caso en una evaluaci\u00f3n confidencial gratuita. Cont\u00e1ctenos llamando al 956-686-3555.<\/p>\n<h4>Preguntas comunes al demandar por lesi\u00f3n personal en McAllen, TX.<\/h4>\n<p>Al demandar, las victimas de una lesi\u00f3n personal tienen la oportunidad de recuperar una compensaci\u00f3n por decenas o cientos de miles de d\u00f3lares en p\u00e9rdidas. Desde gastos m\u00e9dicos, sueldos perdidos, dolor, y sufrimiento, y mucho m\u00e1s.<\/p>\n<p>Los abogados de BrasureLawFirm, PLLC han compilado una lista de las preguntas m\u00e1s comunes que uno se pueda encontrar sobre este tema.<\/p>\n<h4>Preguntas comunes al contratar un abogad de LP &#8211; \u00bfQui\u00e9n puede establecer una demanda por lesi\u00f3n?<\/h4>\n<p><img fetchpriority=\"high\" decoding=\"async\" class=\"alignleft wp-image-91\" src=\"https:\/\/brasurelaw.com\/wp-content\/uploads\/2016\/10\/bigstock-Scales-of-justice-gavel-and-b-44211601.jpg\" alt=\"Personal Injury Lawyer\" width=\"400\" height=\"267\" \/>Una demanda por lesi\u00f3n personal puede ser establecida en muchas situaciones y escenarios distintos. En pocas palabras, cualquier caso que involucre la negligencia o acci\u00f3n de un tercero, puede ser raz\u00f3n suficiente para que usted pueda meter una demanda por lesi\u00f3n personal. En casos que involucren las acciones o negligencia de otra persona que resulte en lesiones que puedan causar una muerte accidental, usted tendr\u00e1 todo lo necesaria para meter una demanda por muerte accidental.<\/p>\n<p>Muchos eventos distintos y accidentes pueden resultar de este tipo de reclamo civil legal, incluyendo:<\/p>\n<ul>\n<li>Accidentes automovil\u00edsticos;<\/li>\n<li>Accidentes de tractor;<\/li>\n<li>Accidentes de motocicleta;<\/li>\n<li>Hipoxia y ahogamiento;<\/li>\n<li>Casos de negligencia m\u00e9dica;<\/li>\n<li>Lesiones de nacimiento;<\/li>\n<li>Accidentes en zonas de construcci\u00f3n;<\/li>\n<li>Accidentes industriales y otros errores en el lugar de trabajo; y<\/li>\n<li>Accidentes por resbalones y ca\u00eddas<\/li>\n<\/ul>\n<p>Cualquier incidente o accidente que cause lesiones puede calificarlo para restablecer un reclamo legal para intentar obtener una compensaci\u00f3n.<\/p>\n<h4>FAQ de Demanda &#8211; \u00bfQu\u00e9 tipo de compensaci\u00f3n puede obtener a trav\u00e9s de un acuerdo o premio del jurado por una lesi\u00f3n personal?<\/h4>\n<p>Una demanda por lesi\u00f3n personal o LP puede servir como un mecanismo para recuperar una compensaci\u00f3n para una amplia variedad de p\u00e9rdidas distintas, tal y como:<\/p>\n<ul>\n<li>Sueldos perdidos en el pasado y futuro;<\/li>\n<li>Cuentas de hospital;<\/li>\n<li>Gastos m\u00e9dicos,<\/li>\n<li>Dolor y Sufrimiento;<\/li>\n<li>Perdida del gusto por vivir;<\/li>\n<li>Equipo adaptativo;<\/li>\n<li>Gastos de terapia f\u00edsica; y<\/li>\n<li>Cualquier otra perdida que usted pueda relacionar directamente con su accidente o lesi\u00f3n.<\/li>\n<\/ul>\n<h5>FAQ de demandas por lesi\u00f3n personal en Texas &#8211; \u00bfPuedo buscar da\u00f1os punitivos?<\/h5>\n<p>Texas tiene leyes muy precisas para da\u00f1os punitivos. Cada estado tiene leyes un poco distintas que gobiernan los casos de lesi\u00f3n personal y tipos de da\u00f1os que pueden ser buscados.<\/p>\n<p>Da\u00f1os compensatorios son obtenidos para compensar a la parte por una p\u00e9rdida actual, tal y como lo son gastos m\u00e9dicos o sueldos perdidos, mientras que los da\u00f1os punitivos \u2013 son los llamados da\u00f1os ejemplares \u2013 y son sancionados para penalizar o castigar a la parte responsable que fuese el causante del malestar o lesi\u00f3n y da\u00f1os relacionados.<\/p>\n<p>En Texas, los da\u00f1os punitivos est\u00e1n limitados a casos que involucren circunstancias muy especificas como:<\/p>\n<ul>\n<li>Malicia;<\/li>\n<li>Fraude; y<\/li>\n<li>Negligencia<\/li>\n<\/ul>\n<p>Su abogado debe presentar una \u201cevidencia clara y convincente\u201d que uno o m\u00e1s de estos elementos fueron aplicados a su \u00fanico caso. Adicionalmente, las cortes de Texas han encontrado que las corporaciones pueden ser tomados como las responsables para los da\u00f1os punitivos en casos donde la corporaci\u00f3n supuestamente cometi\u00f3 negligencia o por otra parte de los fundamentos suficientes para un reclamo por da\u00f1os punitivos.<\/p>\n<h6>FAQ de Demanda &#8211; \u00bfQu\u00e9 tanto tarda en resolverse una demanda por lesi\u00f3n personal?<\/h6>\n<p>El periodo de espera por su reclamo de LP puede variar dependiendo de un gran n\u00famero de factores y circunstancias. La complejidad de su caso tiene un mayor impacto en el tiempo de espera, particularmente si la firma de abogados debe hacer una investigaci\u00f3n independiente. Puede tomar un tiempo consultar a los expertos y obtener informaci\u00f3n y evidencia.<\/p>\n<p>Otras variables incluyen la disponibilidad del defensor, la agenda de la corte y disponibilidad, y si la otra parte este contestando de forma agresiva a su reclamo. Muchos casos son resueltos antes de llegar a juicio. De hecho, un abogado experimentado puede en algunas ocasiones ayudarle a resolver un caso de lesi\u00f3n personal sin necesidad de meter una demanda.<\/p>\n<h6>FAQ de demandas por LP &#8211; \u00bfCu\u00e1nto tiempo tengo para meter una demanda por Lesi\u00f3n Personal?<\/h6>\n<p>En el estado de Texas, t\u00edpicamente usted tiene por lo menos unos dos a\u00f1os a partir de la fecha del accidente para tomar acci\u00f3n y meter un reclamo por lesi\u00f3n personal a las cortes. Hay algunas raras instancias donde las cortes pueden elegir escuchar de un caso que haya rebasado este limite de dos a\u00f1os, pero estos son casos que t\u00edpicamente involucran circunstancias extraordinarias. Por esta raz\u00f3n, usted debe contactarnos lo m\u00e1s pronto posible para maximizar sus oportunidades de ver una resoluci\u00f3n positiva para su caso.<\/p>\n<h6>Conf\u00ede en su abogado de lesiones personales de BasureLawFirm, PLLC<\/h6>\n<p><img decoding=\"async\" class=\"alignright\" src=\"https:\/\/brasurelaw.com\/wp-content\/uploads\/2016\/09\/bigstock-Young-Asian-Man-On-Crutches-Wi-69522961.jpg\" alt=\"Personal Injury Lawyer\" width=\"400\" height=\"253\" \/>Los abogados de lesi\u00f3n personal de McAllen, Texas con BrasureLawFirm, PLLC, est\u00e1n aqu\u00ed para ayudarle a recuperar el acuerdo o premio de jurado que usted merece. Con la ayuda de nuestros abogados, usted puede maximizar las oportunidades de obtener el cuidado m\u00e9dico que usted merece, mientras que recupera los sueldos perdidos y obtener una compensaci\u00f3n por el dolor y sufrimiento.<\/p>\n<p>Los abogados de BrasureLawFirm, PLLC, pueden lidiar con todas las formas de leyes para lesiones personales, incluyendo, demandas por lesi\u00f3n cerebral, hipoxia y ahogamientos, negligencia m\u00e9dica y lesiones de nacimiento, casos de muerte accidental, que pueden ser establecidos en instancias donde los casos de lesi\u00f3n personal resulten fatales.<\/p>\n<p>Fundado hace m\u00e1s de una d\u00e9cada por el Abogado Christopher R. Brasure, nuestros abogados de lesi\u00f3n personal de McAllen, TX est\u00e1n aqu\u00ed para brindarle una evaluaci\u00f3n confidencial gratuita para su caso. Tan solo llame al 956-686-3555.<\/p>\n","protected":false},"excerpt":{"rendered":"<p>Abogado de Lesi\u00f3n Personal \u2013 Firma de Abogados de McAllen, Texas Un Accidente puede transformar su vida en cuesti\u00f3n de segundos, dej\u00e1ndole series lesiones, cicatrices personales y diferencias f\u00edsicas que usted debe aprender a adaptarse por el resto de su vida. Mientras que muchos piensan en un accidente involucrando un&#8230;<\/p>\n","protected":false},"author":9,"featured_media":0,"parent":0,"menu_order":0,"comment_status":"closed","ping_status":"closed","template":"","meta":{"_acf_changed":false,"_monsterinsights_skip_tracking":false,"_monsterinsights_sitenote_active":false,"_monsterinsights_sitenote_note":"","_monsterinsights_sitenote_category":0,"footnotes":""},"class_list":["post-1426","page","type-page","status-publish","hentry"],"acf":[],"yoast_head":"<!-- This site is optimized with the Yoast SEO Premium plugin v27.3 (Yoast SEO v27.5) - https:\/\/yoast.com\/product\/yoast-seo-premium-wordpress\/ -->\n<title>Lesi\u00f3n Personal \u2013 McAllen, TX - Brasure Law Firm, PLLC<\/title>\n<meta name=\"description\" content=\"\u00bfHas sido herido en un accidente que no fue tu culpa? Deje que nuestros abogados de lesiones personales ayuden.\" \/>\n<meta name=\"robots\" content=\"index, follow, max-snippet:-1, max-image-preview:large, max-video-preview:-1\" \/>\n<link rel=\"canonical\" href=\"https:\/\/brasurelaw.com\/es\/lesion-personal-mcallen-tx\/\" \/>\n<meta property=\"og:locale\" content=\"es_ES\" \/>\n<meta property=\"og:type\" content=\"article\" \/>\n<meta property=\"og:title\" content=\"Lesi\u00f3n Personal \u2013 McAllen, TX\" \/>\n<meta property=\"og:description\" content=\"\u00bfHas sido herido en un accidente que no fue tu culpa? Deje que nuestros abogados de lesiones personales ayuden.\" \/>\n<meta property=\"og:url\" content=\"https:\/\/brasurelaw.com\/es\/lesion-personal-mcallen-tx\/\" \/>\n<meta property=\"og:site_name\" content=\"Brasure Law Firm, PLLC\" \/>\n<meta property=\"article:publisher\" content=\"https:\/\/www.facebook.com\/Brasure-Law-Firm-PLLC-469275749831635\/\" \/>\n<meta property=\"article:modified_time\" content=\"2019-03-07T02:48:18+00:00\" \/>\n<meta property=\"og:image\" content=\"https:\/\/brasurelaw.com\/wp-content\/uploads\/2016\/10\/bigstock-Scales-of-justice-gavel-and-b-44211601.jpg\" \/>\n<meta name=\"twitter:card\" content=\"summary_large_image\" \/>\n<meta name=\"twitter:site\" content=\"@brasure\" \/>\n<meta name=\"twitter:label1\" content=\"Tiempo de lectura\" \/>\n\t<meta name=\"twitter:data1\" content=\"6 minutos\" \/>\n<meta name=\"geo.placename\" content=\"Edinburg\" \/>\n<meta name=\"geo.position\" content=\"26.2579534;-98.2013468\" \/>\n<meta name=\"geo.region\" content=\"Estados Unidos (EEUU)\" \/>\n<!-- \/ Yoast SEO Premium plugin. -->","yoast_head_json":{"title":"Lesi\u00f3n Personal \u2013 McAllen, TX - Brasure Law Firm, PLLC","description":"\u00bfHas sido herido en un accidente que no fue tu culpa? Deje que nuestros abogados de lesiones personales ayuden.","robots":{"index":"index","follow":"follow","max-snippet":"max-snippet:-1","max-image-preview":"max-image-preview:large","max-video-preview":"max-video-preview:-1"},"canonical":"https:\/\/brasurelaw.com\/es\/lesion-personal-mcallen-tx\/","og_locale":"es_ES","og_type":"article","og_title":"Lesi\u00f3n Personal \u2013 McAllen, TX","og_description":"\u00bfHas sido herido en un accidente que no fue tu culpa? Deje que nuestros abogados de lesiones personales ayuden.","og_url":"https:\/\/brasurelaw.com\/es\/lesion-personal-mcallen-tx\/","og_site_name":"Brasure Law Firm, PLLC","article_publisher":"https:\/\/www.facebook.com\/Brasure-Law-Firm-PLLC-469275749831635\/","article_modified_time":"2019-03-07T02:48:18+00:00","og_image":[{"url":"https:\/\/brasurelaw.com\/wp-content\/uploads\/2016\/10\/bigstock-Scales-of-justice-gavel-and-b-44211601.jpg","type":"","width":"","height":""}],"twitter_card":"summary_large_image","twitter_site":"@brasure","twitter_misc":{"Tiempo de lectura":"6 minutos"},"schema":{"@context":"https:\/\/schema.org","@graph":[{"@type":"WebPage","@id":"https:\/\/brasurelaw.com\/es\/lesion-personal-mcallen-tx\/","url":"https:\/\/brasurelaw.com\/es\/lesion-personal-mcallen-tx\/","name":"Lesi\u00f3n Personal \u2013 McAllen, TX - Brasure Law Firm, PLLC","isPartOf":{"@id":"https:\/\/brasurelaw.com\/#website"},"primaryImageOfPage":{"@id":"https:\/\/brasurelaw.com\/es\/lesion-personal-mcallen-tx\/#primaryimage"},"image":{"@id":"https:\/\/brasurelaw.com\/es\/lesion-personal-mcallen-tx\/#primaryimage"},"thumbnailUrl":"https:\/\/brasurelaw.com\/wp-content\/uploads\/2016\/10\/bigstock-Scales-of-justice-gavel-and-b-44211601.jpg","datePublished":"2018-07-03T19:11:26+00:00","dateModified":"2019-03-07T02:48:18+00:00","description":"\u00bfHas sido herido en un accidente que no fue tu culpa? Deje que nuestros abogados de lesiones personales ayuden.","breadcrumb":{"@id":"https:\/\/brasurelaw.com\/es\/lesion-personal-mcallen-tx\/#breadcrumb"},"inLanguage":"es","potentialAction":[{"@type":"ReadAction","target":["https:\/\/brasurelaw.com\/es\/lesion-personal-mcallen-tx\/"]}]},{"@type":"ImageObject","inLanguage":"es","@id":"https:\/\/brasurelaw.com\/es\/lesion-personal-mcallen-tx\/#primaryimage","url":"https:\/\/brasurelaw.com\/wp-content\/uploads\/2016\/10\/bigstock-Scales-of-justice-gavel-and-b-44211601.jpg","contentUrl":"https:\/\/brasurelaw.com\/wp-content\/uploads\/2016\/10\/bigstock-Scales-of-justice-gavel-and-b-44211601.jpg"},{"@type":"BreadcrumbList","@id":"https:\/\/brasurelaw.com\/es\/lesion-personal-mcallen-tx\/#breadcrumb","itemListElement":[{"@type":"ListItem","position":1,"name":"Home","item":"https:\/\/brasurelaw.com\/"},{"@type":"ListItem","position":2,"name":"Lesi\u00f3n Personal \u2013 McAllen, TX"}]},{"@type":"WebSite","@id":"https:\/\/brasurelaw.com\/#website","url":"https:\/\/brasurelaw.com\/","name":"Brasure Law Firm, PLLC","description":"More Attention, Better Results","publisher":{"@id":"https:\/\/brasurelaw.com\/#organization"},"potentialAction":[{"@type":"SearchAction","target":{"@type":"EntryPoint","urlTemplate":"https:\/\/brasurelaw.com\/?s={search_term_string}"},"query-input":{"@type":"PropertyValueSpecification","valueRequired":true,"valueName":"search_term_string"}}],"inLanguage":"es"},{"@type":["Organization","Place"],"@id":"https:\/\/brasurelaw.com\/#organization","name":"Brasure Law Firm, PLLC","url":"https:\/\/brasurelaw.com\/","logo":{"@id":"https:\/\/brasurelaw.com\/es\/lesion-personal-mcallen-tx\/#local-main-organization-logo"},"image":{"@id":"https:\/\/brasurelaw.com\/es\/lesion-personal-mcallen-tx\/#local-main-organization-logo"},"sameAs":["https:\/\/www.facebook.com\/Brasure-Law-Firm-PLLC-469275749831635\/","https:\/\/x.com\/brasure"],"address":{"@id":"https:\/\/brasurelaw.com\/es\/lesion-personal-mcallen-tx\/#local-main-place-address"},"geo":{"@type":"GeoCoordinates","latitude":"26.2579534","longitude":"-98.2013468"},"telephone":["(956) 686-3555"],"openingHoursSpecification":{"@type":"OpeningHoursSpecification","dayOfWeek":["Monday","Tuesday","Wednesday","Thursday","Friday","Saturday","Sunday"],"opens":"00:00","closes":"23:59"},"faxNumber":"(888) 880-9309"},{"@type":"PostalAddress","@id":"https:\/\/brasurelaw.com\/es\/lesion-personal-mcallen-tx\/#local-main-place-address","streetAddress":"135 Paseo Del Prado #32","addressLocality":"Edinburg","postalCode":"78539","addressRegion":"Texas","addressCountry":"US"},{"@type":"ImageObject","inLanguage":"es","@id":"https:\/\/brasurelaw.com\/es\/lesion-personal-mcallen-tx\/#local-main-organization-logo","url":"https:\/\/brasurelaw.com\/wp-content\/uploads\/2023\/11\/logo-1.png.webp","contentUrl":"https:\/\/brasurelaw.com\/wp-content\/uploads\/2023\/11\/logo-1.png.webp","width":316,"height":83,"caption":"Brasure Law Firm, PLLC"}]},"geo.placename":"Edinburg","geo.position":{"lat":"26.2579534","long":"-98.2013468"},"geo.region":"Estados Unidos (EEUU)"},"_links":{"self":[{"href":"https:\/\/brasurelaw.com\/es\/wp-json\/wp\/v2\/pages\/1426","targetHints":{"allow":["GET"]}}],"collection":[{"href":"https:\/\/brasurelaw.com\/es\/wp-json\/wp\/v2\/pages"}],"about":[{"href":"https:\/\/brasurelaw.com\/es\/wp-json\/wp\/v2\/types\/page"}],"author":[{"embeddable":true,"href":"https:\/\/brasurelaw.com\/es\/wp-json\/wp\/v2\/users\/9"}],"replies":[{"embeddable":true,"href":"https:\/\/brasurelaw.com\/es\/wp-json\/wp\/v2\/comments?post=1426"}],"version-history":[{"count":0,"href":"https:\/\/brasurelaw.com\/es\/wp-json\/wp\/v2\/pages\/1426\/revisions"}],"wp:attachment":[{"href":"https:\/\/brasurelaw.com\/es\/wp-json\/wp\/v2\/media?parent=1426"}],"curies":[{"name":"wp","href":"https:\/\/api.w.org\/{rel}","templated":true}]}}