{"id":1423,"date":"2018-07-03T19:04:56","date_gmt":"2018-07-03T19:04:56","guid":{"rendered":"https:\/\/brasurelaw.com\/?page_id=1423"},"modified":"2019-03-07T02:42:11","modified_gmt":"2019-03-07T02:42:11","slug":"lesion-laboral-mcallen-tx","status":"publish","type":"page","link":"https:\/\/brasurelaw.com\/es\/lesion-laboral-mcallen-tx\/","title":{"rendered":"Lesi\u00f3n Laboral \u2013 McAllen, TX"},"content":{"rendered":"<h2>Abogado de Lesi\u00f3n Laboral \u2013 McAllen, Texas LawFirm<\/h2>\n<p><iframe id=\"player_1\" src=\"https:\/\/www.youtube.com\/embed\/yL5rSZWpIpM?rel=0&amp;controls=0&amp;showinfo=0\" width=\"400\" height=\"225\" frameborder=\"0\" allowfullscreen=\"allowfullscreen\"><\/iframe>Es f\u00e1cil ser complaciente cuando se trata de seguridad en el trabajo, ya que uno cae en la rutina y el ritmo de las operaciones del d\u00eda al d\u00eda. Pero su lugar de empleo puede tener muchos peligros cada a\u00f1o, cientos de texanos sufren lesiones graves en el trabajo. Los abogados tambi\u00e9n encuentran muchos casos que involucran la exposici\u00f3n de sustancias peligrosas y qu\u00edmicos que pueden causar c\u00e1ncer u otras enfermedades peligrosas meses, a\u00f1os o incluso d\u00e9cadas en el futuro.<\/p>\n<p>Pero si hay ayuda para cualquiera que salga lesionado cerca de McAllen, TX. Los abogados con BrasureLawFirm, PLLC est\u00e1n comprometidos a representar a trabajadores lesionados mientras buscan la compensaci\u00f3n que merecen por sus p\u00e9rdidas. En muchos casos, las compensaciones de los beneficios de los trabajadores pueden proveer con fondos y cuidado m\u00e9dico que usted necesita, para ayudarle a salir adelante en este periodo tan f\u00e1cil, mientras que, en otros casos, usted tendr\u00e1 que reclamar por una demanda por lesi\u00f3n laboral.<\/p>\n<p>Si usted sufri\u00f3 una lesi\u00f3n en el trabajo, los abogados le pueden ayudar a recuperar fondos por sueldos perdidos, gastos m\u00e9dicos y otras p\u00e9rdidas, incluyendo el dolor y el sufrimiento. Confi\u00e9 su caso al equipo experimentado contra muertes accidentales, lesi\u00f3n personal, riesgos en las instalaciones y abogados para compensaci\u00f3n para el trabajador con BrasureLawFirm, PLLC. Fundado por el abogado Christopher R. Brasure hace m\u00e1s de una d\u00e9cada, nuestra pr\u00e1ctica es considerado una de las firmas de abogados m\u00e1s respetadas en Texas.<\/p>\n<p>Si usted est\u00e1 listo para maximizar sus oportunidades de obtener una resoluci\u00f3n favorable, contacte a los abogados contra lesiones laborales con una de nuestras firmas de abogados m\u00e1s respetadas en Texas y pida una consulta gratuita. Llame a los abogados en BrasureLawFirm, PLLC al 956-686-3555.<\/p>\n<h4>Preguntas Frecuentes Al Llenar una Reclamaci\u00f3n por una Compensaci\u00f3n para el Trabajador o una Demanda por Lesi\u00f3n Laboral en McAllen, TX<\/h4>\n<p>Loa abogados con BrasureLawFirm, PLLC de forma rutinaria se encuentran con preguntas y dudas de clientes que no est\u00e1n familiarizados con el sistema de la corte y el proceso usado para declarar una demanda de compensaci\u00f3n laboral o una demanda por lesi\u00f3n personal, incidentes por alg\u00fan riesgo en las instalaciones, tal como un resbal\u00f3n o ca\u00edda o cualquier otro incidente. Lo siguiente son una de las preguntas m\u00e1s comunes que un abogado puede discutir con trabajadores lesionados y sus seres queridos.<\/p>\n<h4>FAQ para Demandas por Lesi\u00f3n Personal &#8211; \u00bfQu\u00e9 debo hacer si salgo lesionado en el trabajo en Texas?<\/h4>\n<p>Si usted recibe una lesi\u00f3n en el trabajo, lo primero que tiene que hacer es buscar atenci\u00f3n m\u00e9dica, y luego, contactar a un abogado para discutir su caso.<\/p>\n<p>Tambi\u00e9n necesitar\u00e1 lo siguiente:<\/p>\n<ul>\n<li>Obtener el nombre e informaci\u00f3n de contacto de todos \u2013 incluyendo compa\u00f1eros de trabajado, supervisores y clientes \u2013 quienes hayan presenciado el accidente o problema. El testimonio de los testigos puede ser esencial si su caso llega a juicio.<\/li>\n<li>Tome fotograf\u00edas y videos del sitio del accidente inmediatamente cuando sea posible. Es posible que le tenga que pedir esto a un compa\u00f1ero, capturar estas fotos o videos por usted, particularmente si la lesi\u00f3n fue grave. Mostrando las condiciones al momento de que ocurri\u00f3 el accidente, esto es muy importante.<\/li>\n<li>Comente a su abogado sobre si hay o no hay \u00e1reas monitoreadas por vigilancia o c\u00e1maras de seguridad. Un video en vivo del incidente puede ser muy \u00fatil, mostrando a lo que llevo que pase el accidente y como la lesi\u00f3n tuvo lugar. Desafortunadamente, el video puede ser regrabado o intencionalmente destruido y entre m\u00e1s tiempo se tarde, es m\u00e1s posible que este video se pierda o no pueda ser recuperado. As\u00ed que esto es algo que debe hacer de inmediato.<\/li>\n<li>Notifique a su jefe sobre el accidente. Esto es especialmente importante si se encuentra llenando un reclamo de compensaci\u00f3n laboral.<\/li>\n<li>Tome foto a sus heridas (idealmente antes y despu\u00e9s de ser tratadas.) Estas fotos pueden ser evidencia muy importante que pueden mostrar perfectamente la naturaleza de sus heridas al jurado si su demanda por lesi\u00f3n laboral procede a juicio.<\/li>\n<li>Tenga un diario detallado de sus heridas. Recuerde registrar el nivel de dolor, como estas heridas impactan su vida diaria, y cualquier procedimiento, cita, d\u00edas de trabajo perdidos y cualquier otra informaci\u00f3n relacionada directamente con las heridas y subsecuentes p\u00e9rdidas.<\/li>\n<\/ul>\n<h4>FAQ para Lesi\u00f3n Laboral. \u00bfUn abogado puede ayudarme a establecer un reclamo para obtener una compensaci\u00f3n para el trabajador?<\/h4>\n<p><img fetchpriority=\"high\" decoding=\"async\" class=\"alignleft wp-image-91\" src=\"https:\/\/brasurelaw.com\/wp-content\/uploads\/2016\/09\/bigstock-Construction-Worker-Suffering-97249223.jpg\" alt=\"Work Injury Lawyer\" width=\"400\" height=\"267\" \/>Muchos empleadores requieren tener un seguro de compensaci\u00f3n para el trabajador, el cual paga todos los beneficios a cualquier trabajador que salga lesionado en el trabajo. Los beneficios de compensaci\u00f3n al trabajador t\u00edpicamente cubren costos m\u00e9dicos y de rehabilitaci\u00f3n, adem\u00e1s de proveer a los trabajadores con una porci\u00f3n del salario normal por el periodo que no se encuentren trabajando.<\/p>\n<p>Establecer un reclamo para una compensaci\u00f3n puede ser dif\u00edcil y los abogados pueden ser defensores esenciales durante el proceso, ayud\u00e1ndole a que el reclamo sea procesador de forma r\u00e1pida y maximizando las oportunidades para obtener una compensaci\u00f3n justa. Notablemente, usted no necesita probar ni un tipo de negligencia para obtener un beneficio de compensaci\u00f3n al trabajador.<\/p>\n<h5>FAQ de Demandas &#8211; \u00bfCu\u00e1ndo puede establecer una demanda por lesi\u00f3n laboral en Texas?<\/h5>\n<p>Es importante recordar que, si usted acepta un acuerdo por una compensaci\u00f3n para el trabajador, usted no podr\u00e1 demandar a su empresa en Texas.<\/p>\n<p>Si su jefe, no cuenta con un seguro de compensaci\u00f3n para el trabajador, usted puede buscar una compensaci\u00f3n con una demanda por lesi\u00f3n laboral.<\/p>\n<p>Tambi\u00e9n puede hacer una demanda por lesi\u00f3n personal contra terceros si su negligencia jug\u00f3 parte como causante directo dela lesi\u00f3n o enfermedad. AL demandar a una tercera parte por una lesi\u00f3n sufrida durante el trabajo, usted debe probar que esta parte tenia una obligaci\u00f3n legal para prevenir la lesi\u00f3n y fall\u00f3 en cumplir sus obligaciones, directamente resultando en la lesi\u00f3n o enfermedad que caus\u00f3 p\u00e9rdidas y da\u00f1os.<\/p>\n<h6>Contacte a los abogados de BrasureLawFirm, PLLC para obtener apoyo legal despu\u00e9s de sufrir una lesi\u00f3n laboral.<\/h6>\n<p><img decoding=\"async\" class=\"alignright\" src=\"https:\/\/brasurelaw.com\/wp-content\/uploads\/2016\/09\/bigstock-two-male-technician-machinist-94396574.jpg\" alt=\"Work Injury Lawyer\" width=\"400\" height=\"253\" \/>Los abogados de McAllen Texas en BrasureLawFirm, PLLC, est\u00e1n disponibles para representar a trabajadores lesionados como usted, ya que estamos comprometidos a guiarle durante este reclamo para obtener una compensaci\u00f3n o podemos establecer una demanda y negociar un acuerdo en su nombre. Pero usted debe actuar inmediato, porque la ley limita la cantidad de tiempo que usted tiene para establecer un reclamo por lesi\u00f3n en Texas.<\/p>\n<p>Las lesiones laborales pueden venir de muchas formas, algunas son relativamente menores, otras pueden ser catastr\u00f3ficas, llevando a una discapacidad permanente o incluso la muerte. Trabajamos con clientes que enfrentan una amplia gama de lesiones, y nuestra meta es ayudarle a minimizar los impactos negativos en su vida, y al mismo tiempo maximizar las oportunidades de ser justamente compensando por sus perdidas.<\/p>\n<p>Adem\u00e1s de demandas por lesiones laborales, los abogados de Texas con BrasureLawFirm, PLLC pueden ayudarle con otros tipos de casos, incluyendo accidentes en zonas de construcci\u00f3n, accidentes automovil\u00edsticos, casos de muertes accidentales, quemaduras, desfiguramientos, resb\u00e1lanos y ca\u00eddas, negligencia m\u00e9dica, da\u00f1o en la m\u00e9dula espinal y en el cerebro, hipoxia\/ahogamiento y mucho m\u00e1s.<\/p>\n<p>Fundado hace m\u00e1s de una d\u00e9cada por el abogado Christopher R. Brasure, nuestro equipo legal en McAllen, TC est\u00e1 aqu\u00ed para brindarle una consulta gratuita para discutir su caso. Llame al 956-686-3555.<\/p>\n","protected":false},"excerpt":{"rendered":"<p>Abogado de Lesi\u00f3n Laboral \u2013 McAllen, Texas LawFirm Es f\u00e1cil ser complaciente cuando se trata de seguridad en el trabajo, ya que uno cae en la rutina y el ritmo de las operaciones del d\u00eda al d\u00eda. Pero su lugar de empleo puede tener muchos peligros cada a\u00f1o, cientos de&#8230;<\/p>\n","protected":false},"author":9,"featured_media":0,"parent":0,"menu_order":0,"comment_status":"closed","ping_status":"closed","template":"","meta":{"_acf_changed":false,"_monsterinsights_skip_tracking":false,"_monsterinsights_sitenote_active":false,"_monsterinsights_sitenote_note":"","_monsterinsights_sitenote_category":0,"footnotes":""},"class_list":["post-1423","page","type-page","status-publish","hentry"],"acf":[],"yoast_head":"<!-- This site is optimized with the Yoast SEO Premium plugin v27.3 (Yoast SEO v27.5) - https:\/\/yoast.com\/product\/yoast-seo-premium-wordpress\/ -->\n<title>Lesi\u00f3n Laboral \u2013 McAllen, TX - Brasure Law Firm, PLLC<\/title>\n<meta name=\"description\" content=\"\u00bfHa sufrido una lesi\u00f3n en el lugar de trabajo? Deje que nuestros abogados de lesiones personales luchen por la compensaci\u00f3n que merece.\" \/>\n<meta name=\"robots\" content=\"index, follow, max-snippet:-1, max-image-preview:large, max-video-preview:-1\" \/>\n<link rel=\"canonical\" href=\"https:\/\/brasurelaw.com\/es\/lesion-laboral-mcallen-tx\/\" \/>\n<meta property=\"og:locale\" content=\"es_ES\" \/>\n<meta property=\"og:type\" content=\"article\" \/>\n<meta property=\"og:title\" content=\"Lesi\u00f3n Laboral \u2013 McAllen, TX\" \/>\n<meta property=\"og:description\" content=\"\u00bfHa sufrido una lesi\u00f3n en el lugar de trabajo? Deje que nuestros abogados de lesiones personales luchen por la compensaci\u00f3n que merece.\" \/>\n<meta property=\"og:url\" content=\"https:\/\/brasurelaw.com\/es\/lesion-laboral-mcallen-tx\/\" \/>\n<meta property=\"og:site_name\" content=\"Brasure Law Firm, PLLC\" \/>\n<meta property=\"article:publisher\" content=\"https:\/\/www.facebook.com\/Brasure-Law-Firm-PLLC-469275749831635\/\" \/>\n<meta property=\"article:modified_time\" content=\"2019-03-07T02:42:11+00:00\" \/>\n<meta property=\"og:image\" content=\"https:\/\/brasurelaw.com\/wp-content\/uploads\/2016\/09\/bigstock-Construction-Worker-Suffering-97249223.jpg\" \/>\n<meta name=\"twitter:card\" content=\"summary_large_image\" \/>\n<meta name=\"twitter:site\" content=\"@brasure\" \/>\n<meta name=\"twitter:label1\" content=\"Tiempo de lectura\" \/>\n\t<meta name=\"twitter:data1\" content=\"7 minutos\" \/>\n<meta name=\"geo.placename\" content=\"Edinburg\" \/>\n<meta name=\"geo.position\" content=\"26.2579534;-98.2013468\" \/>\n<meta name=\"geo.region\" content=\"Estados Unidos (EEUU)\" \/>\n<!-- \/ Yoast SEO Premium plugin. -->","yoast_head_json":{"title":"Lesi\u00f3n Laboral \u2013 McAllen, TX - Brasure Law Firm, PLLC","description":"\u00bfHa sufrido una lesi\u00f3n en el lugar de trabajo? Deje que nuestros abogados de lesiones personales luchen por la compensaci\u00f3n que merece.","robots":{"index":"index","follow":"follow","max-snippet":"max-snippet:-1","max-image-preview":"max-image-preview:large","max-video-preview":"max-video-preview:-1"},"canonical":"https:\/\/brasurelaw.com\/es\/lesion-laboral-mcallen-tx\/","og_locale":"es_ES","og_type":"article","og_title":"Lesi\u00f3n Laboral \u2013 McAllen, TX","og_description":"\u00bfHa sufrido una lesi\u00f3n en el lugar de trabajo? Deje que nuestros abogados de lesiones personales luchen por la compensaci\u00f3n que merece.","og_url":"https:\/\/brasurelaw.com\/es\/lesion-laboral-mcallen-tx\/","og_site_name":"Brasure Law Firm, PLLC","article_publisher":"https:\/\/www.facebook.com\/Brasure-Law-Firm-PLLC-469275749831635\/","article_modified_time":"2019-03-07T02:42:11+00:00","og_image":[{"url":"https:\/\/brasurelaw.com\/wp-content\/uploads\/2016\/09\/bigstock-Construction-Worker-Suffering-97249223.jpg","type":"","width":"","height":""}],"twitter_card":"summary_large_image","twitter_site":"@brasure","twitter_misc":{"Tiempo de lectura":"7 minutos"},"schema":{"@context":"https:\/\/schema.org","@graph":[{"@type":"WebPage","@id":"https:\/\/brasurelaw.com\/es\/lesion-laboral-mcallen-tx\/","url":"https:\/\/brasurelaw.com\/es\/lesion-laboral-mcallen-tx\/","name":"Lesi\u00f3n Laboral \u2013 McAllen, TX - Brasure Law Firm, PLLC","isPartOf":{"@id":"https:\/\/brasurelaw.com\/#website"},"primaryImageOfPage":{"@id":"https:\/\/brasurelaw.com\/es\/lesion-laboral-mcallen-tx\/#primaryimage"},"image":{"@id":"https:\/\/brasurelaw.com\/es\/lesion-laboral-mcallen-tx\/#primaryimage"},"thumbnailUrl":"https:\/\/brasurelaw.com\/wp-content\/uploads\/2016\/09\/bigstock-Construction-Worker-Suffering-97249223.jpg","datePublished":"2018-07-03T19:04:56+00:00","dateModified":"2019-03-07T02:42:11+00:00","description":"\u00bfHa sufrido una lesi\u00f3n en el lugar de trabajo? Deje que nuestros abogados de lesiones personales luchen por la compensaci\u00f3n que merece.","breadcrumb":{"@id":"https:\/\/brasurelaw.com\/es\/lesion-laboral-mcallen-tx\/#breadcrumb"},"inLanguage":"es","potentialAction":[{"@type":"ReadAction","target":["https:\/\/brasurelaw.com\/es\/lesion-laboral-mcallen-tx\/"]}]},{"@type":"ImageObject","inLanguage":"es","@id":"https:\/\/brasurelaw.com\/es\/lesion-laboral-mcallen-tx\/#primaryimage","url":"https:\/\/brasurelaw.com\/wp-content\/uploads\/2016\/09\/bigstock-Construction-Worker-Suffering-97249223.jpg","contentUrl":"https:\/\/brasurelaw.com\/wp-content\/uploads\/2016\/09\/bigstock-Construction-Worker-Suffering-97249223.jpg"},{"@type":"BreadcrumbList","@id":"https:\/\/brasurelaw.com\/es\/lesion-laboral-mcallen-tx\/#breadcrumb","itemListElement":[{"@type":"ListItem","position":1,"name":"Home","item":"https:\/\/brasurelaw.com\/"},{"@type":"ListItem","position":2,"name":"Lesi\u00f3n Laboral \u2013 McAllen, TX"}]},{"@type":"WebSite","@id":"https:\/\/brasurelaw.com\/#website","url":"https:\/\/brasurelaw.com\/","name":"Brasure Law Firm, PLLC","description":"More Attention, Better Results","publisher":{"@id":"https:\/\/brasurelaw.com\/#organization"},"potentialAction":[{"@type":"SearchAction","target":{"@type":"EntryPoint","urlTemplate":"https:\/\/brasurelaw.com\/?s={search_term_string}"},"query-input":{"@type":"PropertyValueSpecification","valueRequired":true,"valueName":"search_term_string"}}],"inLanguage":"es"},{"@type":["Organization","Place"],"@id":"https:\/\/brasurelaw.com\/#organization","name":"Brasure Law Firm, PLLC","url":"https:\/\/brasurelaw.com\/","logo":{"@id":"https:\/\/brasurelaw.com\/es\/lesion-laboral-mcallen-tx\/#local-main-organization-logo"},"image":{"@id":"https:\/\/brasurelaw.com\/es\/lesion-laboral-mcallen-tx\/#local-main-organization-logo"},"sameAs":["https:\/\/www.facebook.com\/Brasure-Law-Firm-PLLC-469275749831635\/","https:\/\/x.com\/brasure"],"address":{"@id":"https:\/\/brasurelaw.com\/es\/lesion-laboral-mcallen-tx\/#local-main-place-address"},"geo":{"@type":"GeoCoordinates","latitude":"26.2579534","longitude":"-98.2013468"},"telephone":["(956) 686-3555"],"openingHoursSpecification":{"@type":"OpeningHoursSpecification","dayOfWeek":["Monday","Tuesday","Wednesday","Thursday","Friday","Saturday","Sunday"],"opens":"00:00","closes":"23:59"},"faxNumber":"(888) 880-9309"},{"@type":"PostalAddress","@id":"https:\/\/brasurelaw.com\/es\/lesion-laboral-mcallen-tx\/#local-main-place-address","streetAddress":"135 Paseo Del Prado #32","addressLocality":"Edinburg","postalCode":"78539","addressRegion":"Texas","addressCountry":"US"},{"@type":"ImageObject","inLanguage":"es","@id":"https:\/\/brasurelaw.com\/es\/lesion-laboral-mcallen-tx\/#local-main-organization-logo","url":"https:\/\/brasurelaw.com\/wp-content\/uploads\/2023\/11\/logo-1.png.webp","contentUrl":"https:\/\/brasurelaw.com\/wp-content\/uploads\/2023\/11\/logo-1.png.webp","width":316,"height":83,"caption":"Brasure Law Firm, PLLC"}]},"geo.placename":"Edinburg","geo.position":{"lat":"26.2579534","long":"-98.2013468"},"geo.region":"Estados Unidos (EEUU)"},"_links":{"self":[{"href":"https:\/\/brasurelaw.com\/es\/wp-json\/wp\/v2\/pages\/1423","targetHints":{"allow":["GET"]}}],"collection":[{"href":"https:\/\/brasurelaw.com\/es\/wp-json\/wp\/v2\/pages"}],"about":[{"href":"https:\/\/brasurelaw.com\/es\/wp-json\/wp\/v2\/types\/page"}],"author":[{"embeddable":true,"href":"https:\/\/brasurelaw.com\/es\/wp-json\/wp\/v2\/users\/9"}],"replies":[{"embeddable":true,"href":"https:\/\/brasurelaw.com\/es\/wp-json\/wp\/v2\/comments?post=1423"}],"version-history":[{"count":0,"href":"https:\/\/brasurelaw.com\/es\/wp-json\/wp\/v2\/pages\/1423\/revisions"}],"wp:attachment":[{"href":"https:\/\/brasurelaw.com\/es\/wp-json\/wp\/v2\/media?parent=1423"}],"curies":[{"name":"wp","href":"https:\/\/api.w.org\/{rel}","templated":true}]}}