{"id":1420,"date":"2018-07-03T18:43:15","date_gmt":"2018-07-03T18:43:15","guid":{"rendered":"https:\/\/brasurelaw.com\/?page_id=1420"},"modified":"2019-03-07T02:45:04","modified_gmt":"2019-03-07T02:45:04","slug":"accidentes-de-tractor-mcallen-tx","status":"publish","type":"page","link":"https:\/\/brasurelaw.com\/es\/accidentes-de-tractor-mcallen-tx\/","title":{"rendered":"Accidentes de Tractor \u2013 McAllen, TX"},"content":{"rendered":"<h2>Abogados para Accidentes de Tractor \u2013 McAllen, Texas LawFirm<\/h2>\n<p><iframe id=\"player_1\" src=\"https:\/\/www.youtube.com\/embed\/wuSDyOCTaQg?rel=0&amp;controls=0&amp;showinfo=0\" width=\"400\" height=\"225\" frameborder=\"0\" allowfullscreen=\"allowfullscreen\"><\/iframe>Texas ve miles de accidentes cada a\u00f1o, con una gran porci\u00f3n siendo estos accidentes involucrando tractores, desde pick-ups hasta peque\u00f1os camiones comerciales, incluyendo tractores de 18 ruedas.<\/p>\n<p>Los accidentes de tractor resultan normalmente en serias lesiones, debido al masivo tama\u00f1o y peso relativo al peque\u00f1o tama\u00f1o de un auto peque\u00f1o contra un gran tractor. Normalmente, los ocupantes del veh\u00edculo m\u00e1s peque\u00f1o y el conductor sufren las heridas m\u00e1s severas.<\/p>\n<p>En el 2015, de acuerdo a las estad\u00edsticas del Departamento de Transporte de Texas, hubo 601 fatalidades involucrando 505 accidentes causados por camiones comerciales. En el estado, estos veh\u00edculos comerciales fueron participes en m\u00e1s de 32, 000 colisiones.<\/p>\n<p>En total, los accidentes automovil\u00edsticos en Texas sumaron la impresionante cantidad de $37.8 billones en p\u00e9rdidasecon\u00f3micas, tan solo en el 2015. Estas p\u00e9rdidas econ\u00f3micas, incluyen un amplio rango de da\u00f1os, desde el da\u00f1o al autom\u00f3vil y a la propiedad, gastos m\u00e9dicos, p\u00e9rdida de sueldo y mucho m\u00e1s. Es donde los abogados de da\u00f1o personal en McAllen de BrasureLawFirm, PLLC pueden ayudar, ya que nuestra practica est\u00e1 comprometida a ayudar a los clientes como usted a conseguir la compensaci\u00f3n que usted merece despu\u00e9s del accidente con el tractor.<\/p>\n<p>El abogado de lesi\u00f3n personal y muerte accidental Christopher R. Brasure fund\u00f3 esta firma de abogados de lesi\u00f3n personal en McAllen, Texas hace m\u00e1s de 10 a\u00f1os atr\u00e1s. Nuestro compromiso es ayudar a las victimas de accidentes a recibir la compensaci\u00f3n que necesitan para pagar los gastos m\u00e9dicos, p\u00e9rdidas de sueldo y recibir una compensaci\u00f3n por dolor, sufrimiento y p\u00e9rdida de compa\u00f1\u00eda y cualquier otra perdida que pueda surgir como resultado de una colisi\u00f3n. Los abogados con BrasureLawFirm, PLLC tambi\u00e9n representan casos por muerte accidental, normalmente viniendo de accidentes con tractores.<\/p>\n<p>Si su ser querido ha sido lesionado en un accidente de tractor, los abogados con BrasureLawFirm, PLLC est\u00e1n aqu\u00ed para ayudarle. Cont\u00e1ctenos para organizar una evaluaci\u00f3n confidencial gratuita. Llame al 956-686-3555.<\/p>\n<h4>Algunas preguntas y dudas comunes sobre como establecer una demanda por Accidente de Tractor en McAllen, TX.<\/h4>\n<p>Los abogados de BrasureLawFirm, PLLC frecuentemente lidia con preguntas y dudas de los clientes que est\u00e1n considerando establecer una demanda por lesi\u00f3n personal seguido por un accidente automovil\u00edstico. He aqu\u00ed algunos de los problemas m\u00e1s comunes que exploramos con los clientes como usted.<\/p>\n<h4>FAQ de accidentes &#8211; \u00bfNecesito contratar un abogado despu\u00e9s de un accidente de tractor?<\/h4>\n<p><img fetchpriority=\"high\" decoding=\"async\" class=\"wp-image-91 alignright\" src=\"https:\/\/brasurelaw.com\/wp-content\/uploads\/2016\/09\/bigstock-Accident-Between-A-Car-And-A-T-7366407.jpg\" alt=\"Truck Accident Lawyer\" width=\"400\" height=\"267\" \/>Los abogados pueden guiarle a trav\u00e9s del proceso que usted tiene que seguir para poder obtener una compensaci\u00f3n de su compa\u00f1\u00eda de seguros y cualquier otra parte que est\u00e9 involucrada en su caso. Una demanda no siempre es requerida, pero en muchas instancias, las compa\u00f1\u00edas de seguros se resisten, algunas veces arrastrando sus pies o neg\u00e1ndose a dar la compensaci\u00f3n a la victima de forma justa. En estos casos, su abogado puede servir como su partidario, trabajando para ayudarle a obtener los recursos que usted merece recibir.<\/p>\n<p>Texas es un \u201cestado de fallo\u201d, y como tal, la compa\u00f1\u00eda de la parte culpable paga los da\u00f1os relacionados al accidente. En casos que involucren veh\u00edculos comerciales, puede haber otros elementos en juego tambi\u00e9n, tal y como lo es negligencia o pr\u00e1cticas peligrosas, como sobre cargar un veh\u00edculo. Por esta raz\u00f3n, es importante buscar aviso legal si usted o su ser querido est\u00e1 involucrado en un accidente con un veh\u00edculo comercial. Esto es a\u00fan cierto para trabajadores que est\u00e9n involucrados en un accidente mientras se encuentran manejando un veh\u00edculo comercial en el trabajo, ya que obtener una compensaci\u00f3n laboral no siempre es un proceso sencillo.<\/p>\n<p>Si usted no es compensado justamente, usted puede optar por seguir a la siguiente fase: establecer una demanda. Muchos casos pueden ser negociados y arreglados incluso antes que llegue a un juicio, mientras que otros deben proceder a juicio para poder llegar a una resoluci\u00f3n.<\/p>\n<p>En pocas palabras, su abogado maximizara sus oportunidades de obtener una m\u00e1xima compensaci\u00f3n financiera y su abogado puede com\u00fanmente ayudarle a resolver el asunto m\u00e1s r\u00e1pido que usted podr\u00eda por su cuenta.<\/p>\n<h4>FAQs Al contratar un abogado para accidente de tractor &#8211; \u00bfCu\u00e1l es el acuerdo promedio por una demanda contra un accidente de tractor?<\/h4>\n<p>Es muy dif\u00edcil proveer una figura promedio, porque cada caso es \u00fanico y las p\u00e9rdidas de cada persona son diferentes. Un accidente menor de tractor puede resultar en da\u00f1o al veh\u00edculo, algunos miles en gastos m\u00e9dicos y p\u00e9rdida de sueldo por faltar unos d\u00edas al trabajo. Por otro lado, un accidente serio puede resultar en p\u00e9rdidas por los cientos de miles de d\u00f3lares en gastos m\u00e9dicos, compensaci\u00f3n por 20 a\u00f1os de sueldos perdidos y compensaci\u00f3n por desfiguramiento o dolor a largo plazo y sufrimiento. Si el caso involucra un elemento de negligencia, da\u00f1os punitivos tambi\u00e9n pueden aplicar.<\/p>\n<p>Generalmente, las demandas de accidentes de tractores involucran un acuerdo en cantidades mayores y recompensas de juicio, ya que estas colisiones tienen una mayor incidencia a causar serias lesiones, lesione que pueden alterar vidas.<\/p>\n<p>Las p\u00e9rdidas incluyen:<\/p>\n<ul>\n<li>Da\u00f1o vehicular:<\/li>\n<li>Gastos m\u00e9dicos y cuentas hospitalarias;<\/li>\n<li>Dolor y sufrimiento;<\/li>\n<li>Sueldos pasados y futuros perdidos por una inhabilidad de poder trabajar; y<\/li>\n<li>Gastos por compra e instalaci\u00f3n de equipo de adaptaci\u00f3n o elementos accesibles para discapacidad.<\/li>\n<\/ul>\n<p>Su abogado puede t\u00edpicamente ayudarle a buscar una compensaci\u00f3n por cualquier p\u00e9rdida que sea resultado directo de una colisi\u00f3n. Afortunadamente, hay mejores oportunidades de ser r\u00e1pidamente compensando en el caso de un accidente de tractor, porque estas compa\u00f1\u00edas com\u00fanmente tienen una buena cobertura con un seguro, mientras que uno suele ver un mayor n\u00famero de conductores no asegurados o con seguros menores involucrados en accidentes involucrados con veh\u00edculos no comerciales.<\/p>\n<h5>FAQs Demandas por accidentes de tractores &#8211; \u00bfCu\u00e1nto va a tardar llegar a un acuerdo?<\/h5>\n<p>Es normal preguntarse cuanto va a tardar recibir una compensaci\u00f3n en su caso, pero ya que cada caso es distinto, el lapso de tiempo puede variar de forma dram\u00e1tica. Algunos casos pueden ser solucionados en semanas, sin necesidad de una demanda.<\/p>\n<p>En otros casos, usted tendr\u00e1 que dar el siguiente paso, demandar para obtener una compensaci\u00f3n. De estos casos, muchos son resueltos al negociar un acuerdo. Esto puede tomar unos meses o m\u00e1s. En otros casos, no es posible negociar un acuerdo, as\u00ed que estos casos llegan a juicio. Este proceso puede tomar un a\u00f1o o incluso m\u00e1s, dependiendo de la agenda de la corte y otros factores como la complejidad de su caso.<\/p>\n<p>Normalmente, las compa\u00f1\u00edas de seguros resolver\u00e1n el caso antes de llegar a juicio, porque los juicios son m\u00e1s costosos y toman mucho tiempo. As\u00ed que, si usted llega a un acuerdo, usted debe considerar el tiempo adicionado y los costos que costar\u00e1n ir a juicio, relativo a lo que usted recibir\u00e1 si gana el juicio.<\/p>\n<h6>FAQ Demanda por Accidente &#8211; \u00bfCu\u00e1l es el lapso de tiempo por presentar una demanda por accidente en Texas?<\/h6>\n<p>Si usted estuvo en un accidente de tractor, las demandas deben ser establecidas dentro de los dos primeros a\u00f1os despu\u00e9s de la colisi\u00f3n. Esto es debido al estatuto de limitaciones de Texas, la cu\u00e1l est\u00e1 impuesta en casos para lesiones personales.<\/p>\n<p>En ocasiones, las cortes estar\u00e1n de acuerdo es escuchar casos que sean m\u00e1s viejos, pero generalmente, esto solo ocurre en circunstancias extraordinarias.<\/p>\n<h6>Contacte a los abogados de BrasureLawFirm, PLLC para obtener apoyo legal por accidentes de tractores.<\/h6>\n<p><img decoding=\"async\" class=\"alignright\" src=\"https:\/\/brasurelaw.com\/wp-content\/uploads\/2016\/09\/bigstock-Lorry-trailer-car-crash-smash-54244313.jpg\" alt=\"Truck Accident Lawyer\" width=\"400\" height=\"253\" \/>Los abogados de McAllen Texas en BrasureLawFirm, PLLC le ayudar\u00e1n con sus muchos a\u00f1os de experiencia y estrategiasrefinadas a recuperar la cantidad m\u00e1xima posible por sus p\u00e9rdidas, tal y como lo es por dolor y sufrimiento, sueldos perdidos, gastos m\u00e9dicos y otras p\u00e9rdidas que resuelven de su accidente.<\/p>\n<p>Los abogados en BrasureLawFirm, PLLC tambi\u00e9n ofrecen a\u00f1os de experiencia lidiando con un n\u00famero de otros reclamos por accidentes, incluyendo accidentes automovil\u00edsticos y de motocicleta, accidentes en zonas de construcci\u00f3n, negligencia m\u00e9dica, reclamo por muerte accidental, lesiones por resbalones y ca\u00eddas, quemaduras, lesiones de nacimiento, hipoxia y da\u00f1o cerebral, da\u00f1o en la m\u00e9dula espinas y mucho m\u00e1s.<\/p>\n<p>Fundado hace m\u00e1s de una d\u00e9cada por el Abogado Christopher R. Brasure, nuestra firma de abogados de McAllen, TX est\u00e1 aqu\u00ed para proveer una evaluaci\u00f3n confidencial gratuita para su caso. Solo llame al 956-686-3555.<\/p>\n","protected":false},"excerpt":{"rendered":"<p>Abogados para Accidentes de Tractor \u2013 McAllen, Texas LawFirm Texas ve miles de accidentes cada a\u00f1o, con una gran porci\u00f3n siendo estos accidentes involucrando tractores, desde pick-ups hasta peque\u00f1os camiones comerciales, incluyendo tractores de 18 ruedas. Los accidentes de tractor resultan normalmente en serias lesiones, debido al masivo tama\u00f1o y&#8230;<\/p>\n","protected":false},"author":9,"featured_media":0,"parent":0,"menu_order":0,"comment_status":"closed","ping_status":"closed","template":"","meta":{"_acf_changed":false,"_monsterinsights_skip_tracking":false,"_monsterinsights_sitenote_active":false,"_monsterinsights_sitenote_note":"","_monsterinsights_sitenote_category":0,"footnotes":""},"class_list":["post-1420","page","type-page","status-publish","hentry"],"acf":[],"yoast_head":"<!-- This site is optimized with the Yoast SEO Premium plugin v27.3 (Yoast SEO v27.5) - https:\/\/yoast.com\/product\/yoast-seo-premium-wordpress\/ -->\n<title>Accidentes de Tractor \u2013 McAllen, TX - Brasure Law Firm, PLLC<\/title>\n<meta name=\"description\" content=\"\u00bfHa sido lesionado en un accidente de un tractor? Deje que nuestros abogados de lesiones personales luchen por la justicia en su nombre.\" \/>\n<meta name=\"robots\" content=\"index, follow, max-snippet:-1, max-image-preview:large, max-video-preview:-1\" \/>\n<link rel=\"canonical\" href=\"https:\/\/brasurelaw.com\/es\/accidentes-de-tractor-mcallen-tx\/\" \/>\n<meta property=\"og:locale\" content=\"es_ES\" \/>\n<meta property=\"og:type\" content=\"article\" \/>\n<meta property=\"og:title\" content=\"Accidentes de Tractor \u2013 McAllen, TX\" \/>\n<meta property=\"og:description\" content=\"\u00bfHa sido lesionado en un accidente de un tractor? Deje que nuestros abogados de lesiones personales luchen por la justicia en su nombre.\" \/>\n<meta property=\"og:url\" content=\"https:\/\/brasurelaw.com\/es\/accidentes-de-tractor-mcallen-tx\/\" \/>\n<meta property=\"og:site_name\" content=\"Brasure Law Firm, PLLC\" \/>\n<meta property=\"article:publisher\" content=\"https:\/\/www.facebook.com\/Brasure-Law-Firm-PLLC-469275749831635\/\" \/>\n<meta property=\"article:modified_time\" content=\"2019-03-07T02:45:04+00:00\" \/>\n<meta property=\"og:image\" content=\"https:\/\/brasurelaw.com\/wp-content\/uploads\/2016\/09\/bigstock-Accident-Between-A-Car-And-A-T-7366407.jpg\" \/>\n<meta name=\"twitter:card\" content=\"summary_large_image\" \/>\n<meta name=\"twitter:site\" content=\"@brasure\" \/>\n<meta name=\"twitter:label1\" content=\"Tiempo de lectura\" \/>\n\t<meta name=\"twitter:data1\" content=\"7 minutos\" \/>\n<meta name=\"geo.placename\" content=\"Edinburg\" \/>\n<meta name=\"geo.position\" content=\"26.2579534;-98.2013468\" \/>\n<meta name=\"geo.region\" content=\"Estados Unidos (EEUU)\" \/>\n<!-- \/ Yoast SEO Premium plugin. -->","yoast_head_json":{"title":"Accidentes de Tractor \u2013 McAllen, TX - Brasure Law Firm, PLLC","description":"\u00bfHa sido lesionado en un accidente de un tractor? Deje que nuestros abogados de lesiones personales luchen por la justicia en su nombre.","robots":{"index":"index","follow":"follow","max-snippet":"max-snippet:-1","max-image-preview":"max-image-preview:large","max-video-preview":"max-video-preview:-1"},"canonical":"https:\/\/brasurelaw.com\/es\/accidentes-de-tractor-mcallen-tx\/","og_locale":"es_ES","og_type":"article","og_title":"Accidentes de Tractor \u2013 McAllen, TX","og_description":"\u00bfHa sido lesionado en un accidente de un tractor? Deje que nuestros abogados de lesiones personales luchen por la justicia en su nombre.","og_url":"https:\/\/brasurelaw.com\/es\/accidentes-de-tractor-mcallen-tx\/","og_site_name":"Brasure Law Firm, PLLC","article_publisher":"https:\/\/www.facebook.com\/Brasure-Law-Firm-PLLC-469275749831635\/","article_modified_time":"2019-03-07T02:45:04+00:00","og_image":[{"url":"https:\/\/brasurelaw.com\/wp-content\/uploads\/2016\/09\/bigstock-Accident-Between-A-Car-And-A-T-7366407.jpg","type":"","width":"","height":""}],"twitter_card":"summary_large_image","twitter_site":"@brasure","twitter_misc":{"Tiempo de lectura":"7 minutos"},"schema":{"@context":"https:\/\/schema.org","@graph":[{"@type":"WebPage","@id":"https:\/\/brasurelaw.com\/es\/accidentes-de-tractor-mcallen-tx\/","url":"https:\/\/brasurelaw.com\/es\/accidentes-de-tractor-mcallen-tx\/","name":"Accidentes de Tractor \u2013 McAllen, TX - Brasure Law Firm, PLLC","isPartOf":{"@id":"https:\/\/brasurelaw.com\/#website"},"primaryImageOfPage":{"@id":"https:\/\/brasurelaw.com\/es\/accidentes-de-tractor-mcallen-tx\/#primaryimage"},"image":{"@id":"https:\/\/brasurelaw.com\/es\/accidentes-de-tractor-mcallen-tx\/#primaryimage"},"thumbnailUrl":"https:\/\/brasurelaw.com\/wp-content\/uploads\/2016\/09\/bigstock-Accident-Between-A-Car-And-A-T-7366407.jpg","datePublished":"2018-07-03T18:43:15+00:00","dateModified":"2019-03-07T02:45:04+00:00","description":"\u00bfHa sido lesionado en un accidente de un tractor? Deje que nuestros abogados de lesiones personales luchen por la justicia en su nombre.","breadcrumb":{"@id":"https:\/\/brasurelaw.com\/es\/accidentes-de-tractor-mcallen-tx\/#breadcrumb"},"inLanguage":"es","potentialAction":[{"@type":"ReadAction","target":["https:\/\/brasurelaw.com\/es\/accidentes-de-tractor-mcallen-tx\/"]}]},{"@type":"ImageObject","inLanguage":"es","@id":"https:\/\/brasurelaw.com\/es\/accidentes-de-tractor-mcallen-tx\/#primaryimage","url":"https:\/\/brasurelaw.com\/wp-content\/uploads\/2016\/09\/bigstock-Accident-Between-A-Car-And-A-T-7366407.jpg","contentUrl":"https:\/\/brasurelaw.com\/wp-content\/uploads\/2016\/09\/bigstock-Accident-Between-A-Car-And-A-T-7366407.jpg"},{"@type":"BreadcrumbList","@id":"https:\/\/brasurelaw.com\/es\/accidentes-de-tractor-mcallen-tx\/#breadcrumb","itemListElement":[{"@type":"ListItem","position":1,"name":"Home","item":"https:\/\/brasurelaw.com\/"},{"@type":"ListItem","position":2,"name":"Accidentes de Tractor \u2013 McAllen, TX"}]},{"@type":"WebSite","@id":"https:\/\/brasurelaw.com\/#website","url":"https:\/\/brasurelaw.com\/","name":"Brasure Law Firm, PLLC","description":"More Attention, Better Results","publisher":{"@id":"https:\/\/brasurelaw.com\/#organization"},"potentialAction":[{"@type":"SearchAction","target":{"@type":"EntryPoint","urlTemplate":"https:\/\/brasurelaw.com\/?s={search_term_string}"},"query-input":{"@type":"PropertyValueSpecification","valueRequired":true,"valueName":"search_term_string"}}],"inLanguage":"es"},{"@type":["Organization","Place"],"@id":"https:\/\/brasurelaw.com\/#organization","name":"Brasure Law Firm, PLLC","url":"https:\/\/brasurelaw.com\/","logo":{"@id":"https:\/\/brasurelaw.com\/es\/accidentes-de-tractor-mcallen-tx\/#local-main-organization-logo"},"image":{"@id":"https:\/\/brasurelaw.com\/es\/accidentes-de-tractor-mcallen-tx\/#local-main-organization-logo"},"sameAs":["https:\/\/www.facebook.com\/Brasure-Law-Firm-PLLC-469275749831635\/","https:\/\/x.com\/brasure"],"address":{"@id":"https:\/\/brasurelaw.com\/es\/accidentes-de-tractor-mcallen-tx\/#local-main-place-address"},"geo":{"@type":"GeoCoordinates","latitude":"26.2579534","longitude":"-98.2013468"},"telephone":["(956) 686-3555"],"openingHoursSpecification":{"@type":"OpeningHoursSpecification","dayOfWeek":["Monday","Tuesday","Wednesday","Thursday","Friday","Saturday","Sunday"],"opens":"00:00","closes":"23:59"},"faxNumber":"(888) 880-9309"},{"@type":"PostalAddress","@id":"https:\/\/brasurelaw.com\/es\/accidentes-de-tractor-mcallen-tx\/#local-main-place-address","streetAddress":"135 Paseo Del Prado #32","addressLocality":"Edinburg","postalCode":"78539","addressRegion":"Texas","addressCountry":"US"},{"@type":"ImageObject","inLanguage":"es","@id":"https:\/\/brasurelaw.com\/es\/accidentes-de-tractor-mcallen-tx\/#local-main-organization-logo","url":"https:\/\/brasurelaw.com\/wp-content\/uploads\/2023\/11\/logo-1.png.webp","contentUrl":"https:\/\/brasurelaw.com\/wp-content\/uploads\/2023\/11\/logo-1.png.webp","width":316,"height":83,"caption":"Brasure Law Firm, PLLC"}]},"geo.placename":"Edinburg","geo.position":{"lat":"26.2579534","long":"-98.2013468"},"geo.region":"Estados Unidos (EEUU)"},"_links":{"self":[{"href":"https:\/\/brasurelaw.com\/es\/wp-json\/wp\/v2\/pages\/1420","targetHints":{"allow":["GET"]}}],"collection":[{"href":"https:\/\/brasurelaw.com\/es\/wp-json\/wp\/v2\/pages"}],"about":[{"href":"https:\/\/brasurelaw.com\/es\/wp-json\/wp\/v2\/types\/page"}],"author":[{"embeddable":true,"href":"https:\/\/brasurelaw.com\/es\/wp-json\/wp\/v2\/users\/9"}],"replies":[{"embeddable":true,"href":"https:\/\/brasurelaw.com\/es\/wp-json\/wp\/v2\/comments?post=1420"}],"version-history":[{"count":0,"href":"https:\/\/brasurelaw.com\/es\/wp-json\/wp\/v2\/pages\/1420\/revisions"}],"wp:attachment":[{"href":"https:\/\/brasurelaw.com\/es\/wp-json\/wp\/v2\/media?parent=1420"}],"curies":[{"name":"wp","href":"https:\/\/api.w.org\/{rel}","templated":true}]}}