{"id":1417,"date":"2018-07-03T18:38:20","date_gmt":"2018-07-03T18:38:20","guid":{"rendered":"https:\/\/brasurelaw.com\/?page_id=1417"},"modified":"2019-03-07T02:36:33","modified_gmt":"2019-03-07T02:36:33","slug":"resbalones-y-caidas-mcallen-tx","status":"publish","type":"page","link":"https:\/\/brasurelaw.com\/es\/resbalones-y-caidas-mcallen-tx\/","title":{"rendered":"Resbalones y Ca\u00eddas \u2013 McAllen, TX"},"content":{"rendered":"<h2>Abogados para Resbalones y Ca\u00eddas \u2013 Firma de Abogados en McAllen, Texas<\/h2>\n<p><iframe id=\"player_1\" src=\"https:\/\/www.youtube.com\/embed\/XGHGM_lZxCg?rel=0&amp;controls=0&amp;showinfo=0\" width=\"400\" height=\"225\" frameborder=\"0\" allowfullscreen=\"allowfullscreen\"><\/iframe>Tan solo se necesita un mal paso y antes de que usted se de cuenta, se encuentra tirado en el piso con un dolor intenso como resultado de un resbal\u00f3n o ca\u00edda accidental. Los abogados con Brasure Law Firm, PLLC trabajaran duro para asistirle en recuperar una compensaci\u00f3n por sus perdidas, incluyendo el dolor y sufrimiento, gastos m\u00e9dicos, sueldo perdido, e igual por cualquier otro asunto que pueda surgir como resultado de una negligencia del due\u00f1o de la propiedad.<\/p>\n<p>Las demandas por resbal\u00f3n y ca\u00eddas son normalmente altamente escudri\u00f1ado debido a un sin n\u00famero de resbalones y ca\u00eddas falsas que han sido descubiertas en a\u00f1os recientes, as\u00ed que es esencial que usted contrate a una bogado altamente experimentado en lesiones personales y en demandas por responsabilidad de instalaciones<\/p>\n<p>El abogado de lesiones personales y muertes accidentales, Christopher R. Brasure fund\u00f3 nuestra firma de abogados para lesiones personales en McAllen, Texas hace m\u00e1s de una d\u00e9cada. Contamos con la experiencia, conocimiento y estrategias requeridas para maximizar sus oportunidades de ver un acuerdo justo y veloz por su reclamo por un resbal\u00f3n o ca\u00edda.<\/p>\n<p>S\u00ed, usted o un ser querido ha salido lesionado por un resbal\u00f3n o ca\u00edda, los abogados con Brasure Law Firm, PLLC est\u00e1n listos para ayudarle. Cont\u00e1ctenos y organicemos una evaluaci\u00f3n confidencial gratuita, llamando al 956-686-3555.<\/p>\n<h4>Preguntas comunes al tratar de establecer una demanda por responsabilidad de instalaciones por Resbalones y Ca\u00eddas en McAllen, TX<\/h4>\n<p>Los abogados con Brasure Law Firm, PLCC est\u00e1n aqu\u00ed para contestarle sus preguntas y resolver sus dudas al tratar de tomar acci\u00f3n legal. Aqu\u00ed tenemos un vistazo de los problemas m\u00e1s comunes que exploramos con las victimas de resbalones y ca\u00eddas.<\/p>\n<h4>FAQs de abogados &#8211; \u00bfC\u00f3mo saber si califico para una demanda contra resbal\u00f3n y ca\u00edda en Texas?<\/h4>\n<p><img fetchpriority=\"high\" decoding=\"async\" class=\"wp-image-91 alignright\" src=\"https:\/\/brasurelaw.com\/wp-content\/uploads\/2016\/09\/bigstock-Senior-businessman-falling-nea-66947782.jpg\" alt=\"Slip and Falls Lawyer\" width=\"400\" height=\"267\" \/>Un abogado tendr\u00e1 que analizar su caso para determinar si su caso califica para una compensaci\u00f3n.<\/p>\n<p>De acuerdo a la ley de Texas, si usted tiene un 50% de la culpa del resbal\u00f3n y ca\u00edda, entonces usted no es elegible para recuperar una compensaci\u00f3n por da\u00f1os.<\/p>\n<h4>FAQ de demandas &#8211; \u00bfCu\u00e1l es el proceso para establecer una reclamaci\u00f3n por resbal\u00f3n o ca\u00edda?<\/h4>\n<p>Los casos de resbalones y ca\u00eddas de Texas pueden ser un poco complejos. T\u00edpicamente, su abogado necesitar\u00e1 ofrecer evidencia y testimonio que sugiera que usted necesita absolver la mayor\u00eda de la culpa por el accidente. En una demanda por resbal\u00f3n y ca\u00edda, usted debe probar que:<\/p>\n<ul>\n<li>El due\u00f1o de la propiedad ten\u00eda la responsabilidad de asegurar que la propiedad estuviese segura;<\/li>\n<li>El due\u00f1o de la propiedad fall\u00f3 en ejercer cuidado correcto y fue negligente de una forma que haya resultado en sus lesiones; y<\/li>\n<li>La victima sufri\u00f3 perdidas como resultado de la lesi\u00f3n, como gastos m\u00e9dicos, dolor y sufrimiento, sueldos perdidos, etc.<\/li>\n<\/ul>\n<p>El abogado de responsabilidad por las instalaciones y de lesi\u00f3n personal trabajar\u00e1 de forma diligente para recolectar evidencia, la cu\u00e1l podr\u00e1 ser enviada a corte en la forma de una petici\u00f3n. El otro lado entonces, ser\u00e1 notificado y provisto con una oportunidad de responder formalmente a las alegaciones.<\/p>\n<p>En algunos casos, el asunto podr\u00e1 ser resuelto antes de llegar a juicio, si los dos lados negocian un acuerdo. En algunos casos, usted proceder\u00e1 al descubrimiento \u2013 un proceso de intercambio de informaci\u00f3n y por \u00faltimo, ir a juicio.<\/p>\n<h5>FAQ de accidente: \u00bfQu\u00e9 debo hacer si estoy involucrado en un accidente de resbal\u00f3n y ca\u00edda?<\/h5>\n<p>Hay algunas cosas que uno puede hacer para incrementar las oportunidades de ver una conclusi\u00f3n que sea positiva para su caso, incluyendo lo siguiente:<\/p>\n<ul>\n<li>Fotograf\u00eda y\/o video de las condiciones del lugar donde pas\u00f3 el accidente, inmediatamente despu\u00e9s de ocurrir el accidente. Si usted sal\u00eda gravemente lesionado, necesitar\u00e1 que alguien vaya en su nombre para hacer esto;<\/li>\n<li>Saque fotos de las heridas y mantenga un diario documentando los niveles de dolor, tratamiento y procedimientos, citas m\u00e9dicas y gastos m\u00e9dicos, fechas de los d\u00edas faltantes a trabajar, y c\u00f3mo las heridas han impactado su vida diaria;<\/li>\n<li>Obtenga el nombre e informaci\u00f3n de contacto de cualquiera que haya sido testigo de su accidente, ya que el testimonio de los testigos puede ser extremadamente importante; y<\/li>\n<li>Contacte a su abogado tan pronto sea posible. Las firmas de abogados t\u00edpicamente llevan a cabo una investigaci\u00f3n independiente del accidente y esto puede incluir recolectar evidencia valiosa, como videos de seguridad, los cuales pudieron haber sido grabados en este corto lapso de tiempo. As\u00ed que, aunque su prioridad principal deber\u00e1 ser buscar atenci\u00f3n m\u00e9dica, su segunda tarea es buscar el apoyo de un abogado experimentado de McAllen, quien lidie con casos de lesi\u00f3n personal y responsabilidad de instalaciones.<\/li>\n<\/ul>\n<p>Entre m\u00e1s r\u00e1pido contacte a la firma de abogados, m\u00e1s r\u00e1pido nuestro equipo legal puede empezar a trabajar en construir su caso. Trabajaremos para ayudarle a recuperar los costos por las cuentas hospitalarias, terapia f\u00edsica, sueldos pasados y futuros perdidos, debido a una falta al trabajo o inhabilidad de poder trabajar y por el dolor y el sufrimiento. En casos que involucren elemento de seria negligencia o malicia, usted puede calificar para da\u00f1os punitivos. Los da\u00f1os punitivos no est\u00e1n ah\u00ed para compensar a la victima por sus perdidas, si no, est\u00e1n ah\u00ed para castigar la negligencia de la parte por sus supuestas acciones o inacciones.<\/p>\n<h6>Contacte a los abogados de Brasure Law Firm, PLLC para buscar representaci\u00f3n legal despu\u00e9s de un resbal\u00f3n y ca\u00edda<\/h6>\n<p><img decoding=\"async\" class=\"alignright\" src=\"https:\/\/brasurelaw.com\/wp-content\/uploads\/2016\/09\/bigstock-Caution-sign-with-mop-and-buck-94304273.jpg\" alt=\"Slip and Falls Lawyer\" width=\"400\" height=\"253\" \/>Los abogados de McAllen en Brasure Law Firm, PLLC, han representado a varios clientes en casos de resbalones y ca\u00eddos y otros casos similares que involucren responsabilidad de las instalaciones y lesi\u00f3n personal. Nuestro equipo legal usar\u00e1 sus muchos a\u00f1os de experiencia y nuestras refinadas estrategias legales para maximizar sus oportunidades de ver una resoluci\u00f3n positiva y pronta a su reclamo.<\/p>\n<p>Las lesiones por resbalones o ca\u00eddas pueden variar dram\u00e1ticamente en el rango de severidad, desde esguinces, torceduras y moretones, hasta huesos rotos, dislocaciones, laceraciones y da\u00f1os en el due\u00f1o y espalda, incluso da\u00f1os en la cabeza. Como resultado, los da\u00f1os que usted reciba y el impacto general que usted reciba en su vida diaria pueden varias significativamente.<\/p>\n<p>Los abogados experimentados de Brasure Law Firm, PLLC tambi\u00e9n pueden ayudarle con muchos otros casos legales, incluyendo accidentes automovil\u00edsticos, de tractor o motocicleta, casos de muerte accidental, accidentes en zonas de construcci\u00f3n, quemaduras, lesiones en la m\u00e9dula espinal, lesiones en la cabeza y mucho m\u00e1s. As\u00ed que confi\u00e9 su casi al fundador de la pr\u00e1ctica de abogados, el abogado Christopher R. Brasure y a todo el equipo legal de McAllen, Texas.<\/p>\n<p>Para organizar una evaluaci\u00f3n confidencial gratuita, llame al 956-686-3555.<\/p>\n","protected":false},"excerpt":{"rendered":"<p>Abogados para Resbalones y Ca\u00eddas \u2013 Firma de Abogados en McAllen, Texas Tan solo se necesita un mal paso y antes de que usted se de cuenta, se encuentra tirado en el piso con un dolor intenso como resultado de un resbal\u00f3n o ca\u00edda accidental. Los abogados con Brasure Law&#8230;<\/p>\n","protected":false},"author":9,"featured_media":0,"parent":0,"menu_order":0,"comment_status":"closed","ping_status":"closed","template":"","meta":{"_acf_changed":false,"_monsterinsights_skip_tracking":false,"_monsterinsights_sitenote_active":false,"_monsterinsights_sitenote_note":"","_monsterinsights_sitenote_category":0,"footnotes":""},"class_list":["post-1417","page","type-page","status-publish","hentry"],"acf":[],"yoast_head":"<!-- This site is optimized with the Yoast SEO Premium plugin v27.3 (Yoast SEO v27.5) - https:\/\/yoast.com\/product\/yoast-seo-premium-wordpress\/ -->\n<title>Resbalones y Ca\u00eddas \u2013 McAllen, TX - Brasure Law Firm, PLLC<\/title>\n<meta name=\"description\" content=\"\u00bfHas estado en un accidente de resbalones y ca\u00eddas? Deje que nuestros abogados de lesiones personales luchen por la compensaci\u00f3n que merece.\" \/>\n<meta name=\"robots\" content=\"index, follow, max-snippet:-1, max-image-preview:large, max-video-preview:-1\" \/>\n<link rel=\"canonical\" href=\"https:\/\/brasurelaw.com\/es\/resbalones-y-caidas-mcallen-tx\/\" \/>\n<meta property=\"og:locale\" content=\"es_ES\" \/>\n<meta property=\"og:type\" content=\"article\" \/>\n<meta property=\"og:title\" content=\"Resbalones y Ca\u00eddas \u2013 McAllen, TX\" \/>\n<meta property=\"og:description\" content=\"\u00bfHas estado en un accidente de resbalones y ca\u00eddas? Deje que nuestros abogados de lesiones personales luchen por la compensaci\u00f3n que merece.\" \/>\n<meta property=\"og:url\" content=\"https:\/\/brasurelaw.com\/es\/resbalones-y-caidas-mcallen-tx\/\" \/>\n<meta property=\"og:site_name\" content=\"Brasure Law Firm, PLLC\" \/>\n<meta property=\"article:publisher\" content=\"https:\/\/www.facebook.com\/Brasure-Law-Firm-PLLC-469275749831635\/\" \/>\n<meta property=\"article:modified_time\" content=\"2019-03-07T02:36:33+00:00\" \/>\n<meta property=\"og:image\" content=\"https:\/\/brasurelaw.com\/wp-content\/uploads\/2016\/09\/bigstock-Senior-businessman-falling-nea-66947782.jpg\" \/>\n<meta name=\"twitter:card\" content=\"summary_large_image\" \/>\n<meta name=\"twitter:site\" content=\"@brasure\" \/>\n<meta name=\"twitter:label1\" content=\"Tiempo de lectura\" \/>\n\t<meta name=\"twitter:data1\" content=\"6 minutos\" \/>\n<meta name=\"geo.placename\" content=\"Edinburg\" \/>\n<meta name=\"geo.position\" content=\"26.2579534;-98.2013468\" \/>\n<meta name=\"geo.region\" content=\"Estados Unidos (EEUU)\" \/>\n<!-- \/ Yoast SEO Premium plugin. -->","yoast_head_json":{"title":"Resbalones y Ca\u00eddas \u2013 McAllen, TX - Brasure Law Firm, PLLC","description":"\u00bfHas estado en un accidente de resbalones y ca\u00eddas? Deje que nuestros abogados de lesiones personales luchen por la compensaci\u00f3n que merece.","robots":{"index":"index","follow":"follow","max-snippet":"max-snippet:-1","max-image-preview":"max-image-preview:large","max-video-preview":"max-video-preview:-1"},"canonical":"https:\/\/brasurelaw.com\/es\/resbalones-y-caidas-mcallen-tx\/","og_locale":"es_ES","og_type":"article","og_title":"Resbalones y Ca\u00eddas \u2013 McAllen, TX","og_description":"\u00bfHas estado en un accidente de resbalones y ca\u00eddas? Deje que nuestros abogados de lesiones personales luchen por la compensaci\u00f3n que merece.","og_url":"https:\/\/brasurelaw.com\/es\/resbalones-y-caidas-mcallen-tx\/","og_site_name":"Brasure Law Firm, PLLC","article_publisher":"https:\/\/www.facebook.com\/Brasure-Law-Firm-PLLC-469275749831635\/","article_modified_time":"2019-03-07T02:36:33+00:00","og_image":[{"url":"https:\/\/brasurelaw.com\/wp-content\/uploads\/2016\/09\/bigstock-Senior-businessman-falling-nea-66947782.jpg","type":"","width":"","height":""}],"twitter_card":"summary_large_image","twitter_site":"@brasure","twitter_misc":{"Tiempo de lectura":"6 minutos"},"schema":{"@context":"https:\/\/schema.org","@graph":[{"@type":"WebPage","@id":"https:\/\/brasurelaw.com\/es\/resbalones-y-caidas-mcallen-tx\/","url":"https:\/\/brasurelaw.com\/es\/resbalones-y-caidas-mcallen-tx\/","name":"Resbalones y Ca\u00eddas \u2013 McAllen, TX - Brasure Law Firm, PLLC","isPartOf":{"@id":"https:\/\/brasurelaw.com\/#website"},"primaryImageOfPage":{"@id":"https:\/\/brasurelaw.com\/es\/resbalones-y-caidas-mcallen-tx\/#primaryimage"},"image":{"@id":"https:\/\/brasurelaw.com\/es\/resbalones-y-caidas-mcallen-tx\/#primaryimage"},"thumbnailUrl":"https:\/\/brasurelaw.com\/wp-content\/uploads\/2016\/09\/bigstock-Senior-businessman-falling-nea-66947782.jpg","datePublished":"2018-07-03T18:38:20+00:00","dateModified":"2019-03-07T02:36:33+00:00","description":"\u00bfHas estado en un accidente de resbalones y ca\u00eddas? Deje que nuestros abogados de lesiones personales luchen por la compensaci\u00f3n que merece.","breadcrumb":{"@id":"https:\/\/brasurelaw.com\/es\/resbalones-y-caidas-mcallen-tx\/#breadcrumb"},"inLanguage":"es","potentialAction":[{"@type":"ReadAction","target":["https:\/\/brasurelaw.com\/es\/resbalones-y-caidas-mcallen-tx\/"]}]},{"@type":"ImageObject","inLanguage":"es","@id":"https:\/\/brasurelaw.com\/es\/resbalones-y-caidas-mcallen-tx\/#primaryimage","url":"https:\/\/brasurelaw.com\/wp-content\/uploads\/2016\/09\/bigstock-Senior-businessman-falling-nea-66947782.jpg","contentUrl":"https:\/\/brasurelaw.com\/wp-content\/uploads\/2016\/09\/bigstock-Senior-businessman-falling-nea-66947782.jpg"},{"@type":"BreadcrumbList","@id":"https:\/\/brasurelaw.com\/es\/resbalones-y-caidas-mcallen-tx\/#breadcrumb","itemListElement":[{"@type":"ListItem","position":1,"name":"Home","item":"https:\/\/brasurelaw.com\/"},{"@type":"ListItem","position":2,"name":"Resbalones y Ca\u00eddas \u2013 McAllen, TX"}]},{"@type":"WebSite","@id":"https:\/\/brasurelaw.com\/#website","url":"https:\/\/brasurelaw.com\/","name":"Brasure Law Firm, PLLC","description":"More Attention, Better Results","publisher":{"@id":"https:\/\/brasurelaw.com\/#organization"},"potentialAction":[{"@type":"SearchAction","target":{"@type":"EntryPoint","urlTemplate":"https:\/\/brasurelaw.com\/?s={search_term_string}"},"query-input":{"@type":"PropertyValueSpecification","valueRequired":true,"valueName":"search_term_string"}}],"inLanguage":"es"},{"@type":["Organization","Place"],"@id":"https:\/\/brasurelaw.com\/#organization","name":"Brasure Law Firm, PLLC","url":"https:\/\/brasurelaw.com\/","logo":{"@id":"https:\/\/brasurelaw.com\/es\/resbalones-y-caidas-mcallen-tx\/#local-main-organization-logo"},"image":{"@id":"https:\/\/brasurelaw.com\/es\/resbalones-y-caidas-mcallen-tx\/#local-main-organization-logo"},"sameAs":["https:\/\/www.facebook.com\/Brasure-Law-Firm-PLLC-469275749831635\/","https:\/\/x.com\/brasure"],"address":{"@id":"https:\/\/brasurelaw.com\/es\/resbalones-y-caidas-mcallen-tx\/#local-main-place-address"},"geo":{"@type":"GeoCoordinates","latitude":"26.2579534","longitude":"-98.2013468"},"telephone":["(956) 686-3555"],"openingHoursSpecification":{"@type":"OpeningHoursSpecification","dayOfWeek":["Monday","Tuesday","Wednesday","Thursday","Friday","Saturday","Sunday"],"opens":"00:00","closes":"23:59"},"faxNumber":"(888) 880-9309"},{"@type":"PostalAddress","@id":"https:\/\/brasurelaw.com\/es\/resbalones-y-caidas-mcallen-tx\/#local-main-place-address","streetAddress":"135 Paseo Del Prado #32","addressLocality":"Edinburg","postalCode":"78539","addressRegion":"Texas","addressCountry":"US"},{"@type":"ImageObject","inLanguage":"es","@id":"https:\/\/brasurelaw.com\/es\/resbalones-y-caidas-mcallen-tx\/#local-main-organization-logo","url":"https:\/\/brasurelaw.com\/wp-content\/uploads\/2023\/11\/logo-1.png.webp","contentUrl":"https:\/\/brasurelaw.com\/wp-content\/uploads\/2023\/11\/logo-1.png.webp","width":316,"height":83,"caption":"Brasure Law Firm, PLLC"}]},"geo.placename":"Edinburg","geo.position":{"lat":"26.2579534","long":"-98.2013468"},"geo.region":"Estados Unidos (EEUU)"},"_links":{"self":[{"href":"https:\/\/brasurelaw.com\/es\/wp-json\/wp\/v2\/pages\/1417","targetHints":{"allow":["GET"]}}],"collection":[{"href":"https:\/\/brasurelaw.com\/es\/wp-json\/wp\/v2\/pages"}],"about":[{"href":"https:\/\/brasurelaw.com\/es\/wp-json\/wp\/v2\/types\/page"}],"author":[{"embeddable":true,"href":"https:\/\/brasurelaw.com\/es\/wp-json\/wp\/v2\/users\/9"}],"replies":[{"embeddable":true,"href":"https:\/\/brasurelaw.com\/es\/wp-json\/wp\/v2\/comments?post=1417"}],"version-history":[{"count":0,"href":"https:\/\/brasurelaw.com\/es\/wp-json\/wp\/v2\/pages\/1417\/revisions"}],"wp:attachment":[{"href":"https:\/\/brasurelaw.com\/es\/wp-json\/wp\/v2\/media?parent=1417"}],"curies":[{"name":"wp","href":"https:\/\/api.w.org\/{rel}","templated":true}]}}