{"id":1405,"date":"2018-07-03T17:39:51","date_gmt":"2018-07-03T17:39:51","guid":{"rendered":"https:\/\/brasurelaw.com\/?page_id=1405"},"modified":"2018-11-28T19:50:27","modified_gmt":"2018-11-28T19:50:27","slug":"accidente-automovilistico-mcallen-tx","status":"publish","type":"page","link":"https:\/\/brasurelaw.com\/es\/accidente-automovilistico-mcallen-tx\/","title":{"rendered":"Accidente Automovil\u00edstico \u2013 McAllen, TX"},"content":{"rendered":"<h2>Abogado para Accidentes Automovil\u00edsticos \u2013 Firma de Abogados de McAllen, Texas<\/h2>\n<p><iframe id=\"player_1\" src=\"https:\/\/www.youtube.com\/embed\/XVoP1VbFmr0?rel=0&amp;controls=0&amp;showinfo=0\" width=\"400\" height=\"225\" frameborder=\"0\" allowfullscreen=\"allowfullscreen\" data-mce-fragment=\"1\"><\/iframe><\/p>\n<h3 class='h3_with_listing' id=''>\n<ul>\n<li> El abogado Chris R. Brasure ofrece m\u00e1s de 10 a\u00f1os de experiencia y mantendr\u00e1 sus mejores intereses en mente cuando lo represente. <\/li>\n<li> La compensaci\u00f3n nunca se garantiza; es imperativo que trabaje con un bufete de abogados galardonado para recuperar da\u00f1os. <\/li>\n<li> Deje que nuestros abogados honestos y agresivos se encarguen de su caso para que pueda concentrarse \u00fanicamente en su recuperaci\u00f3n. <\/li>\n<li> Nuestros abogados realizan revisiones gratuitas de casos para nuevos clientes para que pueda obtener m\u00e1s informaci\u00f3n sobre sus opciones legales. <\/li>\n<li> Programe una consulta con un abogado de una de las principales firmas de abogados en McAllen hoy. <\/ li>\n<\/ul>\n<\/h3>\n<p>Texas tiene el primer lugar en muertes por accidentes automovil\u00edsticos y miles m\u00e1s salen lesionadas al a\u00f1o. Las estad\u00edsticas del Departamento de Transporte de Texas indican que m\u00e1s de 3,500 motoristas Texanas murieron en colisiones vehiculares tan solo en el 2015, reflejando en un rango de muertes de 1.43 muertes por cada 100,000 millas recorridas. En t\u00e9rminos de lesiones, 246, 335 personas fueron lesionadas en accidentes automovil\u00edsticos en el estado de Texas en el 2015. Esto quiere decir que una persona es lesionada cada 2 minutos y 8 segundos. Por \u00faltimo, estas colisiones suman la gran cantidad de $37,800,000,000 en perdidas totales en el 2015.<\/p>\n<p>El impacto financiero para las victimas del accidente automovil\u00edstico es alta. En tan solo unos segundos, su vida puede ser transformada de forma dram\u00e1tica, dej\u00e1ndolo con lesiones f\u00edsicas, incluyendo discapacidades permanentes o de lago plazo, cicatrices, desfiguramiento o incluso lesiones serias en cuello, espalda o cerebro. Esto puede resultar en dolor y sufrimiento, cuentas de hospital alt\u00edsimas, salario perdido y otras perdidas significativas. Pero es aqu\u00ed donde los abogados de perdidas personales de BrasureLawFirm, PLLC pueden asistir.<\/p>\n<p>Reconocido como una de las firmas de bogados m\u00e1s respetadas de Texas, nuestra pr\u00e1ctica legal en McAllen, TX fue establecida desde hace m\u00e1s de 10 a\u00f1os por el Abogado Christopher R. Brasure. Nuestra firma de abogados tiene oficinas por todo Texas.<\/p>\n<p>Si usted o un ser querido fue lesionado en un accidente automovil\u00edstico, los abogados con BrasureLawFirm, PLLC pueden ayudarle. Cont\u00e1ctenos para agendar una evaluaci\u00f3n confidencial gratuita. Llame al 956-686-3555.<\/p>\n<h4>Preguntas comunes al levantar una demanda por accidente automovil\u00edstico en McAllen, TX<\/h4>\n<p>Los abogados de lesiones personales de The Brasure Law Firm, PLLC reciben de forma rutinaria preguntas de clientes que no est\u00e1n seguros de si tienen un reclamo legal viable. Algunas de las preguntas y preocupaciones m\u00e1s comunes que abordamos son las siguientes.<\/p>\n<h4>Hiring an Attorney \u2013 How Can a Lawyer Help After a Car Crash?<\/h4>\n<p><img fetchpriority=\"high\" decoding=\"async\" class=\"alignleft wp-image-91\" src=\"https:\/\/brasurelaw.com\/wp-content\/uploads\/2016\/09\/bigstock-Car-Accident-10579952.jpg\" alt=\"Car Accidents Lawyer\" width=\"400\" height=\"267\" \/>Los abogados de lesi\u00f3n personal con BrasureLawFirm, PLCC rutinariamente resuelven dudas de los clientes quienes est\u00e1n inciertos de lo que se debe hacer durante un reclamo legal viable. Algunas de las preguntas m\u00e1s comunes y dudas que podemos resolver son las siguientes.<\/p>\n<p>Contratar un abogado &#8211; \u00bfC\u00f3mo me puede ayudar un abogado despu\u00e9s de un accidente automovil\u00edstico?<br \/>\nLos abogados pueden servir como un aliado importante despu\u00e9s de un accidente automovil\u00edstico, ayud\u00e1ndole a lidiar con la compa\u00f1\u00eda de seguros para intentar recuperar una compensaci\u00f3n por los da\u00f1os que ocurrieron en el accidente.<\/p>\n<p>Texas es un \u201cEstado de fallo\u201d (opuesto a un estado con seguros \u201csin fallo\u201d) y por tal, un conductor (o su aseguradora) requiere pagar por cualquier accidente que haya causado. Una cobertura para un motorista sin seguro o con un seguro m\u00ednimo no es obligatoria, pero muchos conductores tienen este tipo de seguros para ofrecer cobertura si se encuentran en una colisi\u00f3n con un conductor que no cuenta con seguro o no tiene lo suficiente para cubrir las reparaciones.<\/p>\n<p>Las leyes relacionadas a las aseguradoras de autos, accidentes en Texas y casos de lesiones personales son complejas, pero su abogado le puede ayudar a maximizar sus oportunidades de encontrar una resoluci\u00f3n.<\/p>\n<h4>FAQ al contratar a un abogado &#8211; \u00bfCu\u00e1nto obtendr\u00e9 por un acuerdo de demanda por un accidente automovil\u00edstico?<\/h4>\n<p>Algunas demandas son resueltas en forma de acuerdo, la cual puede ser negociada entre ambas partes. Pero la cantidad var\u00eda dependiendo de un n\u00famero de distintos factores, principalmente, que perdidas sufri\u00f3 como resultado directo del accidente. Las perdidas pueden incluir:<\/p>\n<ul>\n<li>Da\u00f1o a su veh\u00edculo y\/o propiedad;<\/li>\n<li>Cuentas medicas y de hospital<\/li>\n<li>Sueldos perdidos (pasados y futuros);<\/li>\n<li>Desfiguramiento y cicatrices;<\/li>\n<li>Costos quipo adaptativo y de terapia f\u00edsica;<\/li>\n<li>Modificaci\u00f3n para el Hogar para agregar acceso para discapacitados e igual para el veh\u00edculo;<\/li>\n<li>Dolor y sufrimiento;<\/li>\n<li>Y cualquier otra perdida como resultado directo de la colisi\u00f3n.<\/li>\n<\/ul>\n<p>En demandas de lesi\u00f3n f\u00edsica que involucren un accidente automovil\u00edstico t\u00edpicamente involucran a las compa\u00f1\u00edas aseguradoras, ya que la mayor\u00eda de los conductores Texanos cuentan con seguro automovil\u00edstico, pero, en algunos casos el individuo se puede hacer cargo de pagar personalmente los da\u00f1os.<\/p>\n<p>Si no es posible negociar un acuerdo justo, los abogados de accidentes automovilistas pueden llevar su caso a juicio. Esto suele tomar m\u00e1s tiempo y es m\u00e1s costoso para la otra parte, lo cual muchos defensores suelen resolver el caso con un acuerdo. Si usted va a juicio, el dinero que usted recibir\u00e1 t\u00edpicamente es llamado premio (o premio de jurado), el cual se refiere a la compensaci\u00f3n que la corte ordena a la otra parte a pagar.<\/p>\n<h5>FAQ de Demandas &#8211; \u00bfCu\u00e1nto tiempo tomar\u00e1 en resolverse mi demanda por accidente automovil\u00edstico?<\/h5>\n<p>Los abogados rutinariamente reciben preguntas sobre el tiempo que toma una demanda de lesi\u00f3n personal despu\u00e9s de un accidente automovil\u00edstico, desafortunadamente, no hay una respuesta simple, porque cada caso es \u00fanico, as\u00ed que fomentamos a que usted hable con uno de nuestros abogados para obtener una respuesta m\u00e1s certera de lo que es posible en su caso. Algunas dimanadas poraccidentes automovil\u00edstico se resuelven en cuesti\u00f3n de semanas, otros pueden tomar meses, incluso un a\u00f1o o m\u00e1s.<\/p>\n<p>Generalmente hablando, las variables incluyen si se puede llegar o no a un acuerdo fuera de la corte o no aceptar un acuerdo e ir a la corte. En algunos casos, no ser\u00e1 posible llegar a un acuerdo fuera de la corte, as\u00ed que una demanda por LP tomar\u00e1 lugar en la corte. Prepararse para el juicio e ir a trav\u00e9s de todos los procedimientos antes del juicio puede tomar meses.<\/p>\n<p>Hay muchas variables que impactan el tiempo en el que su caso puede ser resuelto, incluyendo si es necesario levantar una demanda (algunos casos se pueden resolver sin establecer un reclamo legal) y la complejidad de su caso. Si usted tiene que ir a juicio para una demanda compleja de accidente, entonces no es raro llevar a cabo una investigaci\u00f3n independiente, crear un mapa digital en 3D del accidente y buscar testimonio experto de profesionales m\u00e9dicos, los especialistas de recreaci\u00f3n de accidentes y otros expertos y profesionales.<\/p>\n<h6>FAQ para Demandas por LP &#8211; \u00bfCu\u00e1nto tiempo tengo para levantar una demanda por un accidente automovil\u00edstico en Texas?<\/h6>\n<p>Los abogados t\u00edpicamente avisan a sus clientes de la limitaciones del estatuto por dos a\u00f1os, el cual aplica a todos los reclamos por lesi\u00f3n personal en Texas, incluyendo demandas por un accidente automovil\u00edstico. En este tipo de casos, la victima t\u00edpicamente tiene un periodo de dos a\u00f1os para declarar e iniciar el procedimiento. Si el reclamo no fue levantado dentro de este periodo de dos a\u00f1os, es muy posible que la corte se niegue a escuchar el caso. Hay algunas raras excepciones, pero estos casos son relativamente escasos y poco comunes. As\u00ed que, es importante buscar apoyo legal tan pronto sea posible despu\u00e9s de sufrir una colisi\u00f3n.<\/p>\n<h6>Contacte a los abogados de BrasureLawFirm, PLLC para recibir apoyo legal con su reclamo de accidente automovil\u00edstico<\/h6>\n<p><img decoding=\"async\" class=\"alignright\" src=\"https:\/\/brasurelaw.com\/wp-content\/uploads\/2016\/09\/bigstock-Car-Accident-2838103.jpg\" alt=\"Car Accidents Lawyer\" width=\"400\" height=\"253\" \/>Los abogados de lesi\u00f3n personal de McAllen, Texas con BrasureLawFirm, PLLC est\u00e1n comprometidos a ayudarle a recuperar la compensaci\u00f3n que usted merece por su dolor, sufrimiento, salario perdido, cuentas de hospital, desfiguramiento o discapacidad y cualquier otra perdida que usted haya sufrido como resultado directo de una colisi\u00f3n.<\/p>\n<p>En BrasureLawFirm, PLLC, nuestros abogados de lesiones personales aceptan un amplio rango de tipos de casos, incluyendo accidentes automovil\u00edsticos, accidentes de tractor, de motocicleta, accidentes de constructoras, quemaduras, hipoxia y ahogamiento, negligencia medica, resbalones y ca\u00eddas y otros casos que involucren serias lesiones y perdidas como resultado de las acciones o negligencia de otra persona. Tambi\u00e9n aceptamos reclamos por muertes accidentales, las cuales pueden ser establecidas en casos donde la lesi\u00f3n personal pudo haber causado la muerte.<\/p>\n<p>Establecido hace m\u00e1s de una d\u00e9cada por el Abogado Christopher R. Brasure, nuestros abogados de lesi\u00f3n personal en McAllen, TX est\u00e1n listos para brindarle una evaluaci\u00f3n confidencial gratuita. Para discutir su accidente o caso de lesi\u00f3n personal, llame al 956-686-3555.<\/p>\n","protected":false},"excerpt":{"rendered":"<p>Abogado para Accidentes Automovil\u00edsticos \u2013 Firma de Abogados de McAllen, Texas Texas tiene el primer lugar en muertes por accidentes automovil\u00edsticos y miles m\u00e1s salen lesionadas al a\u00f1o. Las estad\u00edsticas del Departamento de Transporte de Texas indican que m\u00e1s de 3,500 motoristas Texanas murieron en colisiones vehiculares tan solo en&#8230;<\/p>\n","protected":false},"author":9,"featured_media":0,"parent":0,"menu_order":0,"comment_status":"closed","ping_status":"closed","template":"","meta":{"_acf_changed":false,"_monsterinsights_skip_tracking":false,"_monsterinsights_sitenote_active":false,"_monsterinsights_sitenote_note":"","_monsterinsights_sitenote_category":0,"footnotes":""},"class_list":["post-1405","page","type-page","status-publish","hentry"],"acf":[],"yoast_head":"<!-- This site is optimized with the Yoast SEO Premium plugin v27.3 (Yoast SEO v27.5) - https:\/\/yoast.com\/product\/yoast-seo-premium-wordpress\/ -->\n<title>Abogado de accidente de coche de McAllen | 78504 | Firma de Abogados Brasure, PLLC | Texas<\/title>\n<meta name=\"description\" content=\"\u00bfFue usted o un ser querido herido en un accidente automovil\u00edstico? Los abogados de nuestro bufete de abogados de McAllen, TX se esforzar\u00e1n por recuperar una compensaci\u00f3n en un acuerdo por sus p\u00e9rdidas.\" \/>\n<meta name=\"robots\" content=\"index, follow, max-snippet:-1, max-image-preview:large, max-video-preview:-1\" \/>\n<link rel=\"canonical\" href=\"https:\/\/brasurelaw.com\/es\/accidente-automovilistico-mcallen-tx\/\" \/>\n<meta property=\"og:locale\" content=\"es_ES\" \/>\n<meta property=\"og:type\" content=\"article\" \/>\n<meta property=\"og:title\" content=\"Accidente Automovil\u00edstico \u2013 McAllen, TX\" \/>\n<meta property=\"og:description\" content=\"\u00bfFue usted o un ser querido herido en un accidente automovil\u00edstico? Los abogados de nuestro bufete de abogados de McAllen, TX se esforzar\u00e1n por recuperar una compensaci\u00f3n en un acuerdo por sus p\u00e9rdidas.\" \/>\n<meta property=\"og:url\" content=\"https:\/\/brasurelaw.com\/es\/accidente-automovilistico-mcallen-tx\/\" \/>\n<meta property=\"og:site_name\" content=\"Brasure Law Firm, PLLC\" \/>\n<meta property=\"article:publisher\" content=\"https:\/\/www.facebook.com\/Brasure-Law-Firm-PLLC-469275749831635\/\" \/>\n<meta property=\"article:modified_time\" content=\"2018-11-28T19:50:27+00:00\" \/>\n<meta property=\"og:image\" content=\"https:\/\/brasurelaw.com\/wp-content\/uploads\/2016\/09\/bigstock-Car-Accident-10579952.jpg\" \/>\n<meta name=\"twitter:card\" content=\"summary_large_image\" \/>\n<meta name=\"twitter:site\" content=\"@brasure\" \/>\n<meta name=\"twitter:label1\" content=\"Tiempo de lectura\" \/>\n\t<meta name=\"twitter:data1\" content=\"8 minutos\" \/>\n<meta name=\"geo.placename\" content=\"Edinburg\" \/>\n<meta name=\"geo.position\" content=\"26.2579534;-98.2013468\" \/>\n<meta name=\"geo.region\" content=\"Estados Unidos (EEUU)\" \/>\n<!-- \/ Yoast SEO Premium plugin. -->","yoast_head_json":{"title":"Abogado de accidente de coche de McAllen | 78504 | Firma de Abogados Brasure, PLLC | Texas","description":"\u00bfFue usted o un ser querido herido en un accidente automovil\u00edstico? Los abogados de nuestro bufete de abogados de McAllen, TX se esforzar\u00e1n por recuperar una compensaci\u00f3n en un acuerdo por sus p\u00e9rdidas.","robots":{"index":"index","follow":"follow","max-snippet":"max-snippet:-1","max-image-preview":"max-image-preview:large","max-video-preview":"max-video-preview:-1"},"canonical":"https:\/\/brasurelaw.com\/es\/accidente-automovilistico-mcallen-tx\/","og_locale":"es_ES","og_type":"article","og_title":"Accidente Automovil\u00edstico \u2013 McAllen, TX","og_description":"\u00bfFue usted o un ser querido herido en un accidente automovil\u00edstico? Los abogados de nuestro bufete de abogados de McAllen, TX se esforzar\u00e1n por recuperar una compensaci\u00f3n en un acuerdo por sus p\u00e9rdidas.","og_url":"https:\/\/brasurelaw.com\/es\/accidente-automovilistico-mcallen-tx\/","og_site_name":"Brasure Law Firm, PLLC","article_publisher":"https:\/\/www.facebook.com\/Brasure-Law-Firm-PLLC-469275749831635\/","article_modified_time":"2018-11-28T19:50:27+00:00","og_image":[{"url":"https:\/\/brasurelaw.com\/wp-content\/uploads\/2016\/09\/bigstock-Car-Accident-10579952.jpg","type":"","width":"","height":""}],"twitter_card":"summary_large_image","twitter_site":"@brasure","twitter_misc":{"Tiempo de lectura":"8 minutos"},"schema":{"@context":"https:\/\/schema.org","@graph":[{"@type":"WebPage","@id":"https:\/\/brasurelaw.com\/es\/accidente-automovilistico-mcallen-tx\/","url":"https:\/\/brasurelaw.com\/es\/accidente-automovilistico-mcallen-tx\/","name":"Abogado de accidente de coche de McAllen | 78504 | Firma de Abogados Brasure, PLLC | Texas","isPartOf":{"@id":"https:\/\/brasurelaw.com\/#website"},"primaryImageOfPage":{"@id":"https:\/\/brasurelaw.com\/es\/accidente-automovilistico-mcallen-tx\/#primaryimage"},"image":{"@id":"https:\/\/brasurelaw.com\/es\/accidente-automovilistico-mcallen-tx\/#primaryimage"},"thumbnailUrl":"https:\/\/brasurelaw.com\/wp-content\/uploads\/2016\/09\/bigstock-Car-Accident-10579952.jpg","datePublished":"2018-07-03T17:39:51+00:00","dateModified":"2018-11-28T19:50:27+00:00","description":"\u00bfFue usted o un ser querido herido en un accidente automovil\u00edstico? Los abogados de nuestro bufete de abogados de McAllen, TX se esforzar\u00e1n por recuperar una compensaci\u00f3n en un acuerdo por sus p\u00e9rdidas.","breadcrumb":{"@id":"https:\/\/brasurelaw.com\/es\/accidente-automovilistico-mcallen-tx\/#breadcrumb"},"inLanguage":"es","potentialAction":[{"@type":"ReadAction","target":["https:\/\/brasurelaw.com\/es\/accidente-automovilistico-mcallen-tx\/"]}]},{"@type":"ImageObject","inLanguage":"es","@id":"https:\/\/brasurelaw.com\/es\/accidente-automovilistico-mcallen-tx\/#primaryimage","url":"https:\/\/brasurelaw.com\/wp-content\/uploads\/2016\/09\/bigstock-Car-Accident-10579952.jpg","contentUrl":"https:\/\/brasurelaw.com\/wp-content\/uploads\/2016\/09\/bigstock-Car-Accident-10579952.jpg"},{"@type":"BreadcrumbList","@id":"https:\/\/brasurelaw.com\/es\/accidente-automovilistico-mcallen-tx\/#breadcrumb","itemListElement":[{"@type":"ListItem","position":1,"name":"Home","item":"https:\/\/brasurelaw.com\/"},{"@type":"ListItem","position":2,"name":"Accidente Automovil\u00edstico \u2013 McAllen, TX"}]},{"@type":"WebSite","@id":"https:\/\/brasurelaw.com\/#website","url":"https:\/\/brasurelaw.com\/","name":"Brasure Law Firm, PLLC","description":"More Attention, Better Results","publisher":{"@id":"https:\/\/brasurelaw.com\/#organization"},"potentialAction":[{"@type":"SearchAction","target":{"@type":"EntryPoint","urlTemplate":"https:\/\/brasurelaw.com\/?s={search_term_string}"},"query-input":{"@type":"PropertyValueSpecification","valueRequired":true,"valueName":"search_term_string"}}],"inLanguage":"es"},{"@type":["Organization","Place"],"@id":"https:\/\/brasurelaw.com\/#organization","name":"Brasure Law Firm, PLLC","url":"https:\/\/brasurelaw.com\/","logo":{"@id":"https:\/\/brasurelaw.com\/es\/accidente-automovilistico-mcallen-tx\/#local-main-organization-logo"},"image":{"@id":"https:\/\/brasurelaw.com\/es\/accidente-automovilistico-mcallen-tx\/#local-main-organization-logo"},"sameAs":["https:\/\/www.facebook.com\/Brasure-Law-Firm-PLLC-469275749831635\/","https:\/\/x.com\/brasure"],"address":{"@id":"https:\/\/brasurelaw.com\/es\/accidente-automovilistico-mcallen-tx\/#local-main-place-address"},"geo":{"@type":"GeoCoordinates","latitude":"26.2579534","longitude":"-98.2013468"},"telephone":["(956) 686-3555"],"openingHoursSpecification":{"@type":"OpeningHoursSpecification","dayOfWeek":["Monday","Tuesday","Wednesday","Thursday","Friday","Saturday","Sunday"],"opens":"00:00","closes":"23:59"},"faxNumber":"(888) 880-9309"},{"@type":"PostalAddress","@id":"https:\/\/brasurelaw.com\/es\/accidente-automovilistico-mcallen-tx\/#local-main-place-address","streetAddress":"135 Paseo Del Prado #32","addressLocality":"Edinburg","postalCode":"78539","addressRegion":"Texas","addressCountry":"US"},{"@type":"ImageObject","inLanguage":"es","@id":"https:\/\/brasurelaw.com\/es\/accidente-automovilistico-mcallen-tx\/#local-main-organization-logo","url":"https:\/\/brasurelaw.com\/wp-content\/uploads\/2023\/11\/logo-1.png.webp","contentUrl":"https:\/\/brasurelaw.com\/wp-content\/uploads\/2023\/11\/logo-1.png.webp","width":316,"height":83,"caption":"Brasure Law Firm, PLLC"}]},"geo.placename":"Edinburg","geo.position":{"lat":"26.2579534","long":"-98.2013468"},"geo.region":"Estados Unidos (EEUU)"},"_links":{"self":[{"href":"https:\/\/brasurelaw.com\/es\/wp-json\/wp\/v2\/pages\/1405","targetHints":{"allow":["GET"]}}],"collection":[{"href":"https:\/\/brasurelaw.com\/es\/wp-json\/wp\/v2\/pages"}],"about":[{"href":"https:\/\/brasurelaw.com\/es\/wp-json\/wp\/v2\/types\/page"}],"author":[{"embeddable":true,"href":"https:\/\/brasurelaw.com\/es\/wp-json\/wp\/v2\/users\/9"}],"replies":[{"embeddable":true,"href":"https:\/\/brasurelaw.com\/es\/wp-json\/wp\/v2\/comments?post=1405"}],"version-history":[{"count":0,"href":"https:\/\/brasurelaw.com\/es\/wp-json\/wp\/v2\/pages\/1405\/revisions"}],"wp:attachment":[{"href":"https:\/\/brasurelaw.com\/es\/wp-json\/wp\/v2\/media?parent=1405"}],"curies":[{"name":"wp","href":"https:\/\/api.w.org\/{rel}","templated":true}]}}